{"id":148,"date":"2024-09-18T17:49:59","date_gmt":"2024-09-18T17:49:59","guid":{"rendered":"https:\/\/airport-marrakech.com\/?page_id=148"},"modified":"2024-09-21T11:00:30","modified_gmt":"2024-09-21T11:00:30","slug":"guide","status":"publish","type":"page","link":"https:\/\/airport-marrakech.com\/de\/guide\/","title":{"rendered":"Leitfaden"},"content":{"rendered":"<div data-elementor-type=\"wp-page\" data-elementor-id=\"148\" class=\"elementor elementor-148\" data-elementor-post-type=\"page\">\n\t\t\t\t\t\t<section class=\"elementor-section elementor-top-section elementor-element elementor-element-560def9f elementor-section-height-min-height elementor-section-boxed elementor-section-height-default elementor-section-items-middle\" data-id=\"560def9f\" data-element_type=\"section\" data-e-type=\"section\" data-settings=\"{&quot;background_background&quot;:&quot;classic&quot;}\">\n\t\t\t\t\t\t\t<div class=\"elementor-background-overlay\"><\/div>\n\t\t\t\t\t\t\t<div class=\"elementor-container elementor-column-gap-default\">\n\t\t\t\t\t<div class=\"elementor-column elementor-col-100 elementor-top-column elementor-element elementor-element-65c5d5e8\" data-id=\"65c5d5e8\" data-element_type=\"column\" data-e-type=\"column\">\n\t\t\t<div class=\"elementor-widget-wrap elementor-element-populated\">\n\t\t\t\t\t\t<div class=\"elementor-element elementor-element-58428f33 elementor-widget elementor-widget-heading\" data-id=\"58428f33\" data-element_type=\"widget\" data-e-type=\"widget\" data-widget_type=\"heading.default\">\n\t\t\t\t<div class=\"elementor-widget-container\">\n\t\t\t\t\t<h1 class=\"elementor-heading-title elementor-size-default\">Leitfaden f\u00fcr den Flughafen Marrakesch <\/h1>\t\t\t\t<\/div>\n\t\t\t\t<\/div>\n\t\t\t\t<div class=\"elementor-element elementor-element-4e9a4b5f elementor-widget elementor-widget-heading\" data-id=\"4e9a4b5f\" data-element_type=\"widget\" data-e-type=\"widget\" data-widget_type=\"heading.default\">\n\t\t\t\t<div class=\"elementor-widget-container\">\n\t\t\t\t\t<p class=\"elementor-heading-title elementor-size-default\">Informationen und n\u00fctzliche Tipps zum Internationalen Flughafen Marrakesch-Menara\n<\/p>\t\t\t\t<\/div>\n\t\t\t\t<\/div>\n\t\t\t\t<div class=\"elementor-element elementor-element-3ea0628 elementor-view-default elementor-invisible elementor-widget elementor-widget-icon\" data-id=\"3ea0628\" data-element_type=\"widget\" data-e-type=\"widget\" data-settings=\"{&quot;_animation&quot;:&quot;fadeInDown&quot;,&quot;_animation_delay&quot;:500}\" data-widget_type=\"icon.default\">\n\t\t\t\t<div class=\"elementor-widget-container\">\n\t\t\t\t\t\t\t<div class=\"elementor-icon-wrapper\">\n\t\t\t<div class=\"elementor-icon\">\n\t\t\t<svg aria-hidden=\"true\" class=\"e-font-icon-svg e-fas-chevron-down\" viewbox=\"0 0 448 512\" xmlns=\"http:\/\/www.w3.org\/2000\/svg\"><path d=\"M207.029 381.476L12.686 187.132c-9.373-9.373-9.373-24.569 0-33.941l22.667-22.667c9.357-9.357 24.522-9.375 33.901-.04L224 284.505l154.745-154.021c9.379-9.335 24.544-9.317 33.901.04l22.667 22.667c9.373 9.373 9.373 24.569 0 33.941L240.971 381.476c-9.373 9.372-24.569 9.372-33.942 0z\"><\/path><\/svg>\t\t\t<\/div>\n\t\t<\/div>\n\t\t\t\t\t\t<\/div>\n\t\t\t\t<\/div>\n\t\t\t\t\t<\/div>\n\t\t<\/div>\n\t\t\t\t\t<\/div>\n\t\t<\/section>\n\t\t\t\t<section class=\"elementor-section elementor-top-section elementor-element elementor-element-5a5eef55 elementor-section-content-middle elementor-section-boxed elementor-section-height-default elementor-section-height-default\" data-id=\"5a5eef55\" data-element_type=\"section\" data-e-type=\"section\">\n\t\t\t\t\t\t<div class=\"elementor-container elementor-column-gap-default\">\n\t\t\t\t\t<div class=\"elementor-column elementor-col-50 elementor-top-column elementor-element elementor-element-d687afe\" data-id=\"d687afe\" data-element_type=\"column\" data-e-type=\"column\">\n\t\t\t<div class=\"elementor-widget-wrap elementor-element-populated\">\n\t\t\t\t\t\t<div class=\"elementor-element elementor-element-5f384c6 elementor-widget elementor-widget-text-editor\" data-id=\"5f384c6\" data-element_type=\"widget\" data-e-type=\"widget\" data-widget_type=\"text-editor.default\">\n\t\t\t\t<div class=\"elementor-widget-container\">\n\t\t\t\t\t\t\t\t\t<p><strong><a href=\"https:\/\/airport-marrakech.com\/de\/\">Flughafen Marrakech Menara<\/a><\/strong> &gt; <strong>Leitfaden<\/strong><\/p>\t\t\t\t\t\t\t\t<\/div>\n\t\t\t\t<\/div>\n\t\t\t\t<div class=\"elementor-element elementor-element-9a5997e elementor-widget elementor-widget-heading\" data-id=\"9a5997e\" data-element_type=\"widget\" data-e-type=\"widget\" data-widget_type=\"heading.default\">\n\t\t\t\t<div class=\"elementor-widget-container\">\n\t\t\t\t\t<h2 class=\"elementor-heading-title elementor-size-default\">Allgemeine Informationen \u00dcber Den Flughafen\n<\/h2>\t\t\t\t<\/div>\n\t\t\t\t<\/div>\n\t\t\t\t<div class=\"elementor-element elementor-element-53c71dc elementor-widget elementor-widget-text-editor\" data-id=\"53c71dc\" data-element_type=\"widget\" data-e-type=\"widget\" data-widget_type=\"text-editor.default\">\n\t\t\t\t<div class=\"elementor-widget-container\">\n\t\t\t\t\t\t\t\t\t<p>Der Flughafen Marrakesch-Menara ist eines der wichtigsten Einfallstore f\u00fcr die Stadt Marrakesch im S\u00fcdwesten Marokkos. Der nur 6 km vom Stadtzentrum entfernte Flughafen erstreckt sich \u00fcber eine Fl\u00e4che von 28.000 Quadratmetern und ist einer der verkehrsreichsten Flugh\u00e4fen des Landes. Obwohl der Flughafen Marrakesch im Vergleich zu den gro\u00dfen Drehkreuzen der Welt eher klein ist, bew\u00e4ltigt er einen gro\u00dfen Strom nationaler und internationaler Fl\u00fcge und verbindet die rote Stadt mit wichtigen Zielen auf der ganzen Welt.<\/p>\t\t\t\t\t\t\t\t<\/div>\n\t\t\t\t<\/div>\n\t\t\t\t<div class=\"elementor-element elementor-element-9b81026 elementor-widget elementor-widget-heading\" data-id=\"9b81026\" data-element_type=\"widget\" data-e-type=\"widget\" data-widget_type=\"heading.default\">\n\t\t\t\t<div class=\"elementor-widget-container\">\n\t\t\t\t\t<h2 class=\"elementor-heading-title elementor-size-default\">Terminals\n<\/h2>\t\t\t\t<\/div>\n\t\t\t\t<\/div>\n\t\t\t\t<div class=\"elementor-element elementor-element-5f532f7 elementor-widget elementor-widget-text-editor\" data-id=\"5f532f7\" data-element_type=\"widget\" data-e-type=\"widget\" data-widget_type=\"text-editor.default\">\n\t\t\t\t<div class=\"elementor-widget-container\">\n\t\t\t\t\t\t\t\t\t<p>Der Flughafen Marrakesch-Menara (RAK) verf\u00fcgt \u00fcber <strong>zwei Terminals<\/strong> : Terminal 1 und Terminal 2. Diese <a href=\"https:\/\/airport-marrakech.com\/de\/guide\/terminaux\/\">zwei Terminals<\/a> wickeln nationale und internationale Fl\u00fcge ab und sind miteinander verbunden, sodass oft der Eindruck eines einzigen Terminals entsteht. Ein <strong>Terminal 3<\/strong> war geplant, ist aber noch nicht fertiggestellt oder voll funktionsf\u00e4hig.<\/p><p>Der Flughafen bietet wesentliche Dienstleistungen wie Check-in-Schalter, Gep\u00e4ckausgabe, Zoll sowie verschiedene Einrichtungen f\u00fcr den Komfort der Passagiere. Trotz der Bew\u00e4ltigung eines gro\u00dfen Passagierstroms ist der Flughafen so konzipiert, dass er einen reibungslosen und effizienten Ablauf f\u00fcr diejenigen, die Marrakesch besuchen, gew\u00e4hrleistet.<\/p>\t\t\t\t\t\t\t\t<\/div>\n\t\t\t\t<\/div>\n\t\t\t\t<div class=\"elementor-element elementor-element-91d42cd elementor-widget elementor-widget-heading\" data-id=\"91d42cd\" data-element_type=\"widget\" data-e-type=\"widget\" data-widget_type=\"heading.default\">\n\t\t\t\t<div class=\"elementor-widget-container\">\n\t\t\t\t\t<h2 class=\"elementor-heading-title elementor-size-default\">Hotels<\/h2>\t\t\t\t<\/div>\n\t\t\t\t<\/div>\n\t\t\t\t<div class=\"elementor-element elementor-element-3ad0058 elementor-widget elementor-widget-text-editor\" data-id=\"3ad0058\" data-element_type=\"widget\" data-e-type=\"widget\" data-widget_type=\"text-editor.default\">\n\t\t\t\t<div class=\"elementor-widget-container\">\n\t\t\t\t\t\t\t\t\t<p>Marrakesch, eine pulsierende Stadt am Fu\u00dfe des Atlasgebirges, ist f\u00fcr ihre farbenfrohen Souks, historischen Pal\u00e4ste und das ganzj\u00e4hrig angenehme Klima bekannt und zieht Besucher an, die sowohl den Reichtum der traditionellen marokkanischen Kultur als auch eine moderne Infrastruktur erleben wollen. Die Stadt bietet eine breite Palette an Unterkunftsm\u00f6glichkeiten f\u00fcr jedes Budget. Luxusliebhaber k\u00f6nnen sich f\u00fcr renommierte H\u00e4user wie das Royal Mansour Marrakech oder La Mamounia entscheiden, die mit pr\u00e4chtigen Zimmern, feiner K\u00fcche und einer erstklassigen Lage nahe der Medina aufwarten. F\u00fcr ein mittleres Budget bieten sich <a href=\"https:\/\/airport-marrakech.com\/de\/guide\/hotels\/\">Hotels<\/a> wie das Radisson Blu Marrakech oder das H\u00f4tel &amp; Ryads Barri\u00e8re Le Naoura bieten einen hervorragenden Kompromiss zwischen Komfort und N\u00e4he zu den wichtigsten Sehensw\u00fcrdigkeiten. Reisende mit einem kleineren Budget finden schlie\u00dflich erschwingliche Optionen wie das Ibis Marrakech Centre Gare oder das Hotel Ali, die einfache und funktionale Unterk\u00fcnfte bieten, ideal f\u00fcr diejenigen, die Marrakesch den ganzen Tag \u00fcber erkunden m\u00f6chten.<\/p>\t\t\t\t\t\t\t\t<\/div>\n\t\t\t\t<\/div>\n\t\t\t\t<div class=\"elementor-element elementor-element-2b22d9c elementor-widget elementor-widget-heading\" data-id=\"2b22d9c\" data-element_type=\"widget\" data-e-type=\"widget\" data-widget_type=\"heading.default\">\n\t\t\t\t<div class=\"elementor-widget-container\">\n\t\t\t\t\t<h2 class=\"elementor-heading-title elementor-size-default\">Parkplatz\n<\/h2>\t\t\t\t<\/div>\n\t\t\t\t<\/div>\n\t\t\t\t<div class=\"elementor-element elementor-element-50738bc elementor-widget elementor-widget-text-editor\" data-id=\"50738bc\" data-element_type=\"widget\" data-e-type=\"widget\" data-widget_type=\"text-editor.default\">\n\t\t\t\t<div class=\"elementor-widget-container\">\n\t\t\t\t\t\t\t\t\t<p>Der Flughafen Marrakesch-Menara verf\u00fcgt \u00fcber ausgezeichnete <a href=\"https:\/\/airport-marrakech.com\/de\/guide\/parking\/\">Parken<\/a> um ein reibungsloses Erlebnis f\u00fcr seine Reisenden zu gew\u00e4hrleisten. Sowohl bei der Ankunft als auch beim Abflug stehen den Passagieren am Hauptflughafen Marrakesch verschiedene Parkm\u00f6glichkeiten zur Verf\u00fcgung. Diese umfassen Kurz- und Langzeitparkpl\u00e4tze, praktische Valet-Parking-Dienste sowie Schnellabfertigungsbereiche in ausgewiesenen Deposit-minute-Bereichen, die einen einfachen und bequemen Zugang f\u00fcr alle Parkbed\u00fcrfnisse gew\u00e4hrleisten.<\/p>\t\t\t\t\t\t\t\t<\/div>\n\t\t\t\t<\/div>\n\t\t\t\t<div class=\"elementor-element elementor-element-ad7a310 elementor-widget elementor-widget-heading\" data-id=\"ad7a310\" data-element_type=\"widget\" data-e-type=\"widget\" data-widget_type=\"heading.default\">\n\t\t\t\t<div class=\"elementor-widget-container\">\n\t\t\t\t\t<h2 class=\"elementor-heading-title elementor-size-default\">Zwischenlandung Am Flughafen\n<\/h2>\t\t\t\t<\/div>\n\t\t\t\t<\/div>\n\t\t\t\t<div class=\"elementor-element elementor-element-082a4f4 elementor-widget elementor-widget-text-editor\" data-id=\"082a4f4\" data-element_type=\"widget\" data-e-type=\"widget\" data-widget_type=\"text-editor.default\">\n\t\t\t\t<div class=\"elementor-widget-container\">\n\t\t\t\t\t\t\t\t\t<p>Bei einer<a href=\"https:\/\/airport-marrakech.com\/de\/guide\/escale\/\"> Zwischenstopp am Flughafen Marrakesch<\/a>Im Flughafen k\u00f6nnen Reisende verschiedene Einrichtungen nutzen, die ihren Komfort und ihre Bequemlichkeit verbessern sollen. Der Flughafen verf\u00fcgt \u00fcber mehrere Lounges, in denen sich die Passagiere entspannen, das kostenlose Wi-Fi nutzen und Erfrischungen genie\u00dfen k\u00f6nnen. Die Auswahl an Restaurants reicht von Caf\u00e9s mit traditioneller marokkanischer K\u00fcche bis hin zu internationalen Fast-Food-Restaurants, sodass f\u00fcr jeden Geschmack etwas dabei ist. Shopping-Fans k\u00f6nnen die Duty-free-Shops erkunden, in denen eine Auswahl an Produkten von Luxusartikeln bis hin zu Reiseutensilien angeboten wird. F\u00fcr Hilfe stehen auch Kundenserviceb\u00fcros zur Verf\u00fcgung, die Informationen \u00fcber den Flugstatus und die Dienstleistungen des Flughafens bieten.<\/p>\t\t\t\t\t\t\t\t<\/div>\n\t\t\t\t<\/div>\n\t\t\t\t\t<\/div>\n\t\t<\/div>\n\t\t\t\t<div class=\"elementor-column elementor-col-50 elementor-top-column elementor-element elementor-element-4b56e3a9\" data-id=\"4b56e3a9\" data-element_type=\"column\" data-e-type=\"column\" data-settings=\"{&quot;background_background&quot;:&quot;classic&quot;}\">\n\t\t\t<div class=\"elementor-widget-wrap\">\n\t\t\t\t\t\t\t<\/div>\n\t\t<\/div>\n\t\t\t\t\t<\/div>\n\t\t<\/section>\n\t\t\t\t<section class=\"elementor-section elementor-top-section elementor-element elementor-element-36bdf1ab elementor-section-boxed elementor-section-height-default elementor-section-height-default\" data-id=\"36bdf1ab\" data-element_type=\"section\" data-e-type=\"section\" data-settings=\"{&quot;background_background&quot;:&quot;classic&quot;}\">\n\t\t\t\t\t\t<div class=\"elementor-container elementor-column-gap-default\">\n\t\t\t\t\t<div class=\"elementor-column elementor-col-100 elementor-top-column elementor-element elementor-element-681e127f\" data-id=\"681e127f\" data-element_type=\"column\" data-e-type=\"column\">\n\t\t\t<div class=\"elementor-widget-wrap elementor-element-populated\">\n\t\t\t\t\t\t<section class=\"elementor-section elementor-inner-section elementor-element elementor-element-27b0f6b2 elementor-section-boxed elementor-section-height-default elementor-section-height-default\" data-id=\"27b0f6b2\" data-element_type=\"section\" data-e-type=\"section\">\n\t\t\t\t\t\t<div class=\"elementor-container elementor-column-gap-default\">\n\t\t\t\t\t<div class=\"elementor-column elementor-col-33 elementor-inner-column elementor-element elementor-element-50766779\" data-id=\"50766779\" data-element_type=\"column\" data-e-type=\"column\">\n\t\t\t<div class=\"elementor-widget-wrap elementor-element-populated\">\n\t\t\t\t\t\t<div class=\"elementor-element elementor-element-fe9502c elementor-view-stacked elementor-shape-square elementor-widget elementor-widget-icon\" data-id=\"fe9502c\" data-element_type=\"widget\" data-e-type=\"widget\" data-widget_type=\"icon.default\">\n\t\t\t\t<div class=\"elementor-widget-container\">\n\t\t\t\t\t\t\t<div class=\"elementor-icon-wrapper\">\n\t\t\t<div class=\"elementor-icon\">\n\t\t\t<svg aria-hidden=\"true\" class=\"e-font-icon-svg e-fas-passport\" viewbox=\"0 0 448 512\" xmlns=\"http:\/\/www.w3.org\/2000\/svg\"><path d=\"M129.62 176h39.09c1.49-27.03 6.54-51.35 14.21-70.41-27.71 13.24-48.02 39.19-53.3 70.41zm0 32c5.29 31.22 25.59 57.17 53.3 70.41-7.68-19.06-12.72-43.38-14.21-70.41h-39.09zM224 286.69c7.69-7.45 20.77-34.42 23.43-78.69h-46.87c2.67 44.26 15.75 71.24 23.44 78.69zM200.57 176h46.87c-2.66-44.26-15.74-71.24-23.43-78.69-7.7 7.45-20.78 34.43-23.44 78.69zm64.51 102.41c27.71-13.24 48.02-39.19 53.3-70.41h-39.09c-1.49 27.03-6.53 51.35-14.21 70.41zM416 0H64C28.65 0 0 28.65 0 64v384c0 35.35 28.65 64 64 64h352c17.67 0 32-14.33 32-32V32c0-17.67-14.33-32-32-32zm-80 416H112c-8.8 0-16-7.2-16-16s7.2-16 16-16h224c8.8 0 16 7.2 16 16s-7.2 16-16 16zm-112-96c-70.69 0-128-57.31-128-128S153.31 64 224 64s128 57.31 128 128-57.31 128-128 128zm41.08-214.41c7.68 19.06 12.72 43.38 14.21 70.41h39.09c-5.28-31.22-25.59-57.17-53.3-70.41z\"><\/path><\/svg>\t\t\t<\/div>\n\t\t<\/div>\n\t\t\t\t\t\t<\/div>\n\t\t\t\t<\/div>\n\t\t\t\t<div class=\"elementor-element elementor-element-2bd0f412 elementor-widget elementor-widget-counter\" data-id=\"2bd0f412\" data-element_type=\"widget\" data-e-type=\"widget\" data-widget_type=\"counter.default\">\n\t\t\t\t<div class=\"elementor-widget-container\">\n\t\t\t\t\t\t\t<div class=\"elementor-counter\">\n\t\t\t<div class=\"elementor-counter-title\">VISA GENEHMIGT<\/div>\t\t\t<div class=\"elementor-counter-number-wrapper\">\n\t\t\t\t<span class=\"elementor-counter-number-prefix\"><\/span>\n\t\t\t\t<span class=\"elementor-counter-number\" data-duration=\"2000\" data-to-value=\"10450\" data-from-value=\"0\" data-delimiter=\",\">0<\/span>\n\t\t\t\t<span class=\"elementor-counter-number-suffix\"><\/span>\n\t\t\t<\/div>\n\t\t<\/div>\n\t\t\t\t\t\t<\/div>\n\t\t\t\t<\/div>\n\t\t\t\t\t<\/div>\n\t\t<\/div>\n\t\t\t\t<div class=\"elementor-column elementor-col-33 elementor-inner-column elementor-element elementor-element-536f92f7\" data-id=\"536f92f7\" data-element_type=\"column\" data-e-type=\"column\">\n\t\t\t<div class=\"elementor-widget-wrap elementor-element-populated\">\n\t\t\t\t\t\t<div class=\"elementor-element elementor-element-795c6a36 elementor-view-stacked elementor-shape-square elementor-widget elementor-widget-icon\" data-id=\"795c6a36\" data-element_type=\"widget\" data-e-type=\"widget\" data-widget_type=\"icon.default\">\n\t\t\t\t<div class=\"elementor-widget-container\">\n\t\t\t\t\t\t\t<div class=\"elementor-icon-wrapper\">\n\t\t\t<div class=\"elementor-icon\">\n\t\t\t<svg aria-hidden=\"true\" class=\"e-font-icon-svg e-fas-plane-departure\" viewbox=\"0 0 640 512\" xmlns=\"http:\/\/www.w3.org\/2000\/svg\"><path d=\"M624 448H16c-8.84 0-16 7.16-16 16v32c0 8.84 7.16 16 16 16h608c8.84 0 16-7.16 16-16v-32c0-8.84-7.16-16-16-16zM80.55 341.27c6.28 6.84 15.1 10.72 24.33 10.71l130.54-.18a65.62 65.62 0 0 0 29.64-7.12l290.96-147.65c26.74-13.57 50.71-32.94 67.02-58.31 18.31-28.48 20.3-49.09 13.07-63.65-7.21-14.57-24.74-25.27-58.25-27.45-29.85-1.94-59.54 5.92-86.28 19.48l-98.51 49.99-218.7-82.06a17.799 17.799 0 0 0-18-1.11L90.62 67.29c-10.67 5.41-13.25 19.65-5.17 28.53l156.22 98.1-103.21 52.38-72.35-36.47a17.804 17.804 0 0 0-16.07.02L9.91 230.22c-10.44 5.3-13.19 19.12-5.57 28.08l76.21 82.97z\"><\/path><\/svg>\t\t\t<\/div>\n\t\t<\/div>\n\t\t\t\t\t\t<\/div>\n\t\t\t\t<\/div>\n\t\t\t\t<div class=\"elementor-element elementor-element-435fb0fe elementor-widget elementor-widget-counter\" data-id=\"435fb0fe\" data-element_type=\"widget\" data-e-type=\"widget\" data-widget_type=\"counter.default\">\n\t\t\t\t<div class=\"elementor-widget-container\">\n\t\t\t\t\t\t\t<div class=\"elementor-counter\">\n\t\t\t<div class=\"elementor-counter-title\">Diebst\u00e4hle pro Jahr<\/div>\t\t\t<div class=\"elementor-counter-number-wrapper\">\n\t\t\t\t<span class=\"elementor-counter-number-prefix\"><\/span>\n\t\t\t\t<span class=\"elementor-counter-number\" data-duration=\"2000\" data-to-value=\"50000\" data-from-value=\"0\" data-delimiter=\",\">0<\/span>\n\t\t\t\t<span class=\"elementor-counter-number-suffix\"><\/span>\n\t\t\t<\/div>\n\t\t<\/div>\n\t\t\t\t\t\t<\/div>\n\t\t\t\t<\/div>\n\t\t\t\t\t<\/div>\n\t\t<\/div>\n\t\t\t\t<div class=\"elementor-column elementor-col-33 elementor-inner-column elementor-element elementor-element-4927b96\" data-id=\"4927b96\" data-element_type=\"column\" data-e-type=\"column\">\n\t\t\t<div class=\"elementor-widget-wrap elementor-element-populated\">\n\t\t\t\t\t\t<div class=\"elementor-element elementor-element-6d63f3be elementor-view-stacked elementor-shape-square elementor-widget elementor-widget-icon\" data-id=\"6d63f3be\" data-element_type=\"widget\" data-e-type=\"widget\" data-widget_type=\"icon.default\">\n\t\t\t\t<div class=\"elementor-widget-container\">\n\t\t\t\t\t\t\t<div class=\"elementor-icon-wrapper\">\n\t\t\t<div class=\"elementor-icon\">\n\t\t\t<svg aria-hidden=\"true\" class=\"e-font-icon-svg e-fas-chart-bar\" viewbox=\"0 0 512 512\" xmlns=\"http:\/\/www.w3.org\/2000\/svg\"><path d=\"M332.8 320h38.4c6.4 0 12.8-6.4 12.8-12.8V172.8c0-6.4-6.4-12.8-12.8-12.8h-38.4c-6.4 0-12.8 6.4-12.8 12.8v134.4c0 6.4 6.4 12.8 12.8 12.8zm96 0h38.4c6.4 0 12.8-6.4 12.8-12.8V76.8c0-6.4-6.4-12.8-12.8-12.8h-38.4c-6.4 0-12.8 6.4-12.8 12.8v230.4c0 6.4 6.4 12.8 12.8 12.8zm-288 0h38.4c6.4 0 12.8-6.4 12.8-12.8v-70.4c0-6.4-6.4-12.8-12.8-12.8h-38.4c-6.4 0-12.8 6.4-12.8 12.8v70.4c0 6.4 6.4 12.8 12.8 12.8zm96 0h38.4c6.4 0 12.8-6.4 12.8-12.8V108.8c0-6.4-6.4-12.8-12.8-12.8h-38.4c-6.4 0-12.8 6.4-12.8 12.8v198.4c0 6.4 6.4 12.8 12.8 12.8zM496 384H64V80c0-8.84-7.16-16-16-16H16C7.16 64 0 71.16 0 80v336c0 17.67 14.33 32 32 32h464c8.84 0 16-7.16 16-16v-32c0-8.84-7.16-16-16-16z\"><\/path><\/svg>\t\t\t<\/div>\n\t\t<\/div>\n\t\t\t\t\t\t<\/div>\n\t\t\t\t<\/div>\n\t\t\t\t<div class=\"elementor-element elementor-element-49fd0a03 elementor-widget elementor-widget-counter\" data-id=\"49fd0a03\" data-element_type=\"widget\" data-e-type=\"widget\" data-widget_type=\"counter.default\">\n\t\t\t\t<div class=\"elementor-widget-container\">\n\t\t\t\t\t\t\t<div class=\"elementor-counter\">\n\t\t\t<div class=\"elementor-counter-title\">von Passagieren pro Jahr<\/div>\t\t\t<div class=\"elementor-counter-number-wrapper\">\n\t\t\t\t<span class=\"elementor-counter-number-prefix\"><\/span>\n\t\t\t\t<span class=\"elementor-counter-number\" data-duration=\"2000\" data-to-value=\"5\" data-from-value=\"0\" data-delimiter=\",\">0<\/span>\n\t\t\t\t<span class=\"elementor-counter-number-suffix\">M<\/span>\n\t\t\t<\/div>\n\t\t<\/div>\n\t\t\t\t\t\t<\/div>\n\t\t\t\t<\/div>\n\t\t\t\t\t<\/div>\n\t\t<\/div>\n\t\t\t\t\t<\/div>\n\t\t<\/section>\n\t\t\t\t\t<\/div>\n\t\t<\/div>\n\t\t\t\t\t<\/div>\n\t\t<\/section>\n\t\t\t\t<\/div>","protected":false},"excerpt":{"rendered":"<p>Guide de l&rsquo;a\u00e9roport de Marrakech Informations et conseils utiles sur l\u2019A\u00e9roport international Marrakech-M\u00e9nara Aeorport Marrakech Menara &gt; Guide Informations G\u00e9n\u00e9rales Sur L&rsquo;a\u00e9roport L\u2019a\u00e9roport de Marrakech-Menara est l&rsquo;une des principales portes d\u2019entr\u00e9e de la ville de Marrakech, situ\u00e9 au sud-ouest du Maroc. \u00c0 seulement 6 kilom\u00e8tres du centre-ville, cet a\u00e9roport s&rsquo;\u00e9tend sur une superficie de 28 [&hellip;]<\/p>\n","protected":false},"author":1,"featured_media":0,"parent":0,"menu_order":0,"comment_status":"closed","ping_status":"closed","template":"","meta":{"footnotes":""},"class_list":["post-148","page","type-page","status-publish","hentry"],"_links":{"self":[{"href":"https:\/\/airport-marrakech.com\/de\/wp-json\/wp\/v2\/pages\/148","targetHints":{"allow":["GET"]}}],"collection":[{"href":"https:\/\/airport-marrakech.com\/de\/wp-json\/wp\/v2\/pages"}],"about":[{"href":"https:\/\/airport-marrakech.com\/de\/wp-json\/wp\/v2\/types\/page"}],"author":[{"embeddable":true,"href":"https:\/\/airport-marrakech.com\/de\/wp-json\/wp\/v2\/users\/1"}],"replies":[{"embeddable":true,"href":"https:\/\/airport-marrakech.com\/de\/wp-json\/wp\/v2\/comments?post=148"}],"version-history":[{"count":8,"href":"https:\/\/airport-marrakech.com\/de\/wp-json\/wp\/v2\/pages\/148\/revisions"}],"predecessor-version":[{"id":294,"href":"https:\/\/airport-marrakech.com\/de\/wp-json\/wp\/v2\/pages\/148\/revisions\/294"}],"wp:attachment":[{"href":"https:\/\/airport-marrakech.com\/de\/wp-json\/wp\/v2\/media?parent=148"}],"curies":[{"name":"wp","href":"https:\/\/api.w.org\/{rel}","templated":true}]}}