{"id":165,"date":"2024-09-19T10:48:48","date_gmt":"2024-09-19T10:48:48","guid":{"rendered":"https:\/\/airport-marrakech.com\/?page_id=165"},"modified":"2024-09-21T10:18:49","modified_gmt":"2024-09-21T10:18:49","slug":"escale","status":"publish","type":"page","link":"https:\/\/airport-marrakech.com\/de\/guide\/escale\/","title":{"rendered":"Zwischenstopp"},"content":{"rendered":"<div data-elementor-type=\"wp-page\" data-elementor-id=\"165\" class=\"elementor elementor-165\" data-elementor-post-type=\"page\">\n\t\t\t\t\t\t<section class=\"elementor-section elementor-top-section elementor-element elementor-element-560def9f elementor-section-height-min-height elementor-section-boxed elementor-section-height-default elementor-section-items-middle\" data-id=\"560def9f\" data-element_type=\"section\" data-e-type=\"section\" data-settings=\"{&quot;background_background&quot;:&quot;classic&quot;}\">\n\t\t\t\t\t\t\t<div class=\"elementor-background-overlay\"><\/div>\n\t\t\t\t\t\t\t<div class=\"elementor-container elementor-column-gap-default\">\n\t\t\t\t\t<div class=\"elementor-column elementor-col-100 elementor-top-column elementor-element elementor-element-65c5d5e8\" data-id=\"65c5d5e8\" data-element_type=\"column\" data-e-type=\"column\">\n\t\t\t<div class=\"elementor-widget-wrap elementor-element-populated\">\n\t\t\t\t\t\t<div class=\"elementor-element elementor-element-58428f33 elementor-widget elementor-widget-heading\" data-id=\"58428f33\" data-element_type=\"widget\" data-e-type=\"widget\" data-widget_type=\"heading.default\">\n\t\t\t\t<div class=\"elementor-widget-container\">\n\t\t\t\t\t<h1 class=\"elementor-heading-title elementor-size-default\">Zwischenstopp Am Flughafen\nvon Marrakesch<\/h1>\t\t\t\t<\/div>\n\t\t\t\t<\/div>\n\t\t\t\t<div class=\"elementor-element elementor-element-4e9a4b5f elementor-widget elementor-widget-heading\" data-id=\"4e9a4b5f\" data-element_type=\"widget\" data-e-type=\"widget\" data-widget_type=\"heading.default\">\n\t\t\t\t<div class=\"elementor-widget-container\">\n\t\t\t\t\t<p class=\"elementor-heading-title elementor-size-default\">Die besten Besichtigungen und Aktivit\u00e4ten f\u00fcr kurze und lange Zwischenstopps<\/p>\t\t\t\t<\/div>\n\t\t\t\t<\/div>\n\t\t\t\t<div class=\"elementor-element elementor-element-3ea0628 elementor-view-default elementor-invisible elementor-widget elementor-widget-icon\" data-id=\"3ea0628\" data-element_type=\"widget\" data-e-type=\"widget\" data-settings=\"{&quot;_animation&quot;:&quot;fadeInDown&quot;,&quot;_animation_delay&quot;:500}\" data-widget_type=\"icon.default\">\n\t\t\t\t<div class=\"elementor-widget-container\">\n\t\t\t\t\t\t\t<div class=\"elementor-icon-wrapper\">\n\t\t\t<div class=\"elementor-icon\">\n\t\t\t<svg aria-hidden=\"true\" class=\"e-font-icon-svg e-fas-chevron-down\" viewbox=\"0 0 448 512\" xmlns=\"http:\/\/www.w3.org\/2000\/svg\"><path d=\"M207.029 381.476L12.686 187.132c-9.373-9.373-9.373-24.569 0-33.941l22.667-22.667c9.357-9.357 24.522-9.375 33.901-.04L224 284.505l154.745-154.021c9.379-9.335 24.544-9.317 33.901.04l22.667 22.667c9.373 9.373 9.373 24.569 0 33.941L240.971 381.476c-9.373 9.372-24.569 9.372-33.942 0z\"><\/path><\/svg>\t\t\t<\/div>\n\t\t<\/div>\n\t\t\t\t\t\t<\/div>\n\t\t\t\t<\/div>\n\t\t\t\t\t<\/div>\n\t\t<\/div>\n\t\t\t\t\t<\/div>\n\t\t<\/section>\n\t\t\t\t<section class=\"elementor-section elementor-top-section elementor-element elementor-element-5a5eef55 elementor-section-content-middle elementor-section-boxed elementor-section-height-default elementor-section-height-default\" data-id=\"5a5eef55\" data-element_type=\"section\" data-e-type=\"section\">\n\t\t\t\t\t\t<div class=\"elementor-container elementor-column-gap-default\">\n\t\t\t\t\t<div class=\"elementor-column elementor-col-50 elementor-top-column elementor-element elementor-element-d687afe\" data-id=\"d687afe\" data-element_type=\"column\" data-e-type=\"column\">\n\t\t\t<div class=\"elementor-widget-wrap elementor-element-populated\">\n\t\t\t\t\t\t<div class=\"elementor-element elementor-element-5f384c6 elementor-widget elementor-widget-text-editor\" data-id=\"5f384c6\" data-element_type=\"widget\" data-e-type=\"widget\" data-widget_type=\"text-editor.default\">\n\t\t\t\t<div class=\"elementor-widget-container\">\n\t\t\t\t\t\t\t\t\t<p><strong><a href=\"https:\/\/airport-marrakech.com\/de\/\">Flughafen Marrakech Menara<\/a><\/strong> &gt; <strong>Leitfaden &gt; <\/strong>Zwischenstopp<\/p>\t\t\t\t\t\t\t\t<\/div>\n\t\t\t\t<\/div>\n\t\t\t\t<div class=\"elementor-element elementor-element-9a5997e elementor-widget elementor-widget-heading\" data-id=\"9a5997e\" data-element_type=\"widget\" data-e-type=\"widget\" data-widget_type=\"heading.default\">\n\t\t\t\t<div class=\"elementor-widget-container\">\n\t\t\t\t\t<h2 class=\"elementor-heading-title elementor-size-default\">Zwischenlandung auf dem Flughafen Marrakesch-Menara.\n (RAK)\n\n\n<\/h2>\t\t\t\t<\/div>\n\t\t\t\t<\/div>\n\t\t\t\t<div class=\"elementor-element elementor-element-53c71dc elementor-widget elementor-widget-text-editor\" data-id=\"53c71dc\" data-element_type=\"widget\" data-e-type=\"widget\" data-widget_type=\"text-editor.default\">\n\t\t\t\t<div class=\"elementor-widget-container\">\n\t\t\t\t\t\t\t\t\t<p>Bei einem Zwischenstopp in <strong>Flughafen Marrakesch<\/strong>Auf dem Flughafen k\u00f6nnen Reisende eine Reihe von Annehmlichkeiten nutzen, um ihre Wartezeit angenehmer zu gestalten. Sie finden Caf\u00e9s und Snackbars f\u00fcr eine schnelle Mahlzeit oder eine entspannte Pause. Die Duty-free-Shops bieten eine Auswahl an Produkten, von lokalen Souvenirs bis hin zu Artikeln des t\u00e4glichen Bedarfs. Dank der praktischen Anordnung des Flughafens sind alle Einrichtungen zu Fu\u00df erreichbar, was das Reisen erleichtert. Au\u00dferdem gibt es kostenloses WiFi und VIP-Lounges, damit Sie vor Ihrem n\u00e4chsten Flug in Verbindung bleiben und sich entspannen k\u00f6nnen.<\/p>\t\t\t\t\t\t\t\t<\/div>\n\t\t\t\t<\/div>\n\t\t\t\t<div class=\"elementor-element elementor-element-240f42f elementor-widget elementor-widget-image\" data-id=\"240f42f\" data-element_type=\"widget\" data-e-type=\"widget\" data-widget_type=\"image.default\">\n\t\t\t\t<div class=\"elementor-widget-container\">\n\t\t\t\t\t\t\t\t\t\t\t\t\t\t\t<img fetchpriority=\"high\" decoding=\"async\" width=\"720\" height=\"543\" src=\"https:\/\/airport-marrakech.com\/wp-content\/uploads\/2024\/09\/courte-escale-a-laeroport-de-Marrakech.jpg\" class=\"attachment-large size-large wp-image-167\" alt=\"Zwischenstopp am Flughafen Marrakesch\" srcset=\"https:\/\/airport-marrakech.com\/wp-content\/uploads\/2024\/09\/courte-escale-a-laeroport-de-Marrakech.jpg 720w, https:\/\/airport-marrakech.com\/wp-content\/uploads\/2024\/09\/courte-escale-a-laeroport-de-Marrakech-300x226.jpg 300w\" sizes=\"(max-width: 720px) 100vw, 720px\" \/>\t\t\t\t\t\t\t\t\t\t\t\t\t\t\t<\/div>\n\t\t\t\t<\/div>\n\t\t\t\t<div class=\"elementor-element elementor-element-9b81026 elementor-widget elementor-widget-heading\" data-id=\"9b81026\" data-element_type=\"widget\" data-e-type=\"widget\" data-widget_type=\"heading.default\">\n\t\t\t\t<div class=\"elementor-widget-container\">\n\t\t\t\t\t<h2 class=\"elementor-heading-title elementor-size-default\">Aktivit\u00e4ten am Flughafen Marrakesch<\/h2>\t\t\t\t<\/div>\n\t\t\t\t<\/div>\n\t\t\t\t<div class=\"elementor-element elementor-element-5f532f7 elementor-widget elementor-widget-text-editor\" data-id=\"5f532f7\" data-element_type=\"widget\" data-e-type=\"widget\" data-widget_type=\"text-editor.default\">\n\t\t\t\t<div class=\"elementor-widget-container\">\n\t\t\t\t\t\t\t\t\t<p>Wenn zwischen zwei Fl\u00fcgen am Flughafen Marrakesch bis zu 10 Stunden liegen, ist es ratsam, vor Ort zu bleiben, damit Sie Ihren n\u00e4chsten Flug nicht verpassen. Gl\u00fccklicherweise bietet der Flughafen Marrakesch-Menara zahlreiche Einrichtungen, die Ihnen das Warten angenehm machen.<\/p><p><strong>Ununterbrochenes Shopping<\/strong> : Der Flughafen verf\u00fcgt \u00fcber mehrere Gesch\u00e4fte und einen gut sortierten Duty-Free-Bereich, in dem Sie Souvenirs, Reiseartikel und Luxusg\u00fcter kaufen k\u00f6nnen. Falls Sie Geld ben\u00f6tigen, stehen Ihnen auch Geldautomaten und Wechselstuben zur Verf\u00fcgung.<\/p><p><strong>Kostenloses Wi-Fi<\/strong> Wi-Fi: Nutzen Sie das kostenlose Wi-Fi, um im Internet zu surfen, Ihre sozialen Netzwerke zu \u00fcberpr\u00fcfen oder sogar berufliche Projekte voranzutreiben. Im gesamten Terminal befinden sich Aufladestationen f\u00fcr Ihre elektronischen Ger\u00e4te.<\/p><p><strong>Fernsehen<\/strong> : In den Wartebereichen sind spezielle Fernsehbereiche zug\u00e4nglich, in denen Sie sich entspannen k\u00f6nnen.<\/p><p><strong>Spielplatz f\u00fcr Kinder<\/strong> : Wenn Sie mit Kindern reisen, bietet der Flughafen Spielpl\u00e4tze, um die Kinder zu unterhalten, w\u00e4hrend Sie sich ausruhen.<\/p><p><strong>Gebetsr\u00e4ume<\/strong> : Es stehen Ihnen Gebetsr\u00e4ume f\u00fcr M\u00e4nner und Frauen zur Verf\u00fcgung, in denen Sie ungest\u00f6rt beten k\u00f6nnen.<\/p><p><strong>Au\u00dfenterrassen<\/strong> : Internationale Passagiere k\u00f6nnen die Au\u00dfenterrassen nutzen, um vor ihrem n\u00e4chsten Flug ein wenig frische Luft zu schnappen. Es ist jedoch wichtig zu beachten, dass diese Bereiche rauchfrei sind.<\/p><p>Wenn Sie am Flughafen Marrakesch bleiben, k\u00f6nnen Sie all diese Einrichtungen f\u00fcr ein angenehmeres Reiseerlebnis nutzen.<\/p>\t\t\t\t\t\t\t\t<\/div>\n\t\t\t\t<\/div>\n\t\t\t\t<div class=\"elementor-element elementor-element-e6e7fd6 elementor-alert-info elementor-widget elementor-widget-alert\" data-id=\"e6e7fd6\" data-element_type=\"widget\" data-e-type=\"widget\" data-widget_type=\"alert.default\">\n\t\t\t\t<div class=\"elementor-widget-container\">\n\t\t\t\t\t\t\t<div class=\"elementor-alert\" role=\"alert\">\n\n\t\t\t\n\t\t\t\t\t\t<span class=\"elementor-alert-description\">Es gibt ausgewiesene Raucherbereiche, die einzigen, in denen das Rauchen erlaubt ist. Diese Terrassen bieten Rauchern einen Ort, an dem sie sich vor ihrem Flug entspannen k\u00f6nnen.<\/span>\n\t\t\t\n\t\t\t\t\t\t<button type=\"button\" class=\"elementor-alert-dismiss\" aria-label=\"Dismiss this alert.\">\n\t\t\t\t\t\t\t\t\t<span aria-hidden=\"true\">\u00d7<\/span>\n\t\t\t\t\t\t\t<\/button>\n\t\t\t\n\t\t<\/div>\n\t\t\t\t\t\t<\/div>\n\t\t\t\t<\/div>\n\t\t\t\t<div class=\"elementor-element elementor-element-f9979bf elementor-widget elementor-widget-text-editor\" data-id=\"f9979bf\" data-element_type=\"widget\" data-e-type=\"widget\" data-widget_type=\"text-editor.default\">\n\t\t\t\t<div class=\"elementor-widget-container\">\n\t\t\t\t\t\t\t\t\t<p><strong>Kunstgalerien<\/strong> : Zwei Fotoausstellungen bieten den Passagieren ein einzigartiges kulturelles Erlebnis. Regelm\u00e4\u00dfige Veranstaltungen und Ausstellungen sind ebenfalls verf\u00fcgbar.<\/p><p><strong>Getr\u00e4nke und Essen<\/strong> : Eine gro\u00dfe Auswahl an Restaurants und Caf\u00e9s bietet lokale und internationale K\u00f6stlichkeiten an und macht Ihren Zwischenstopp noch angenehmer.<\/p><p><strong>Entspannung<\/strong> : Nutzen Sie die Spa-Behandlungen und die Duscheinrichtungen, um sich zu erfrischen und zu entspannen.<\/p><p><strong>Ausruhen<\/strong> : Es gibt mehrere Lounges, die entweder in der Business-Klasse kostenlos oder gegen eine Geb\u00fchr zug\u00e4nglich sind. F\u00fcr Transitpassagiere stehen au\u00dferdem Ruhebereiche mit Tagesbetten und Liegest\u00fchlen zur Verf\u00fcgung.<\/p>\t\t\t\t\t\t\t\t<\/div>\n\t\t\t\t<\/div>\n\t\t\t\t<div class=\"elementor-element elementor-element-2b22d9c elementor-widget elementor-widget-heading\" data-id=\"2b22d9c\" data-element_type=\"widget\" data-e-type=\"widget\" data-widget_type=\"heading.default\">\n\t\t\t\t<div class=\"elementor-widget-container\">\n\t\t\t\t\t<h2 class=\"elementor-heading-title elementor-size-default\">FAQs\n<\/h2>\t\t\t\t<\/div>\n\t\t\t\t<\/div>\n\t\t\t\t<div class=\"elementor-element elementor-element-36cca1a elementor-widget elementor-widget-heading\" data-id=\"36cca1a\" data-element_type=\"widget\" data-e-type=\"widget\" data-widget_type=\"heading.default\">\n\t\t\t\t<div class=\"elementor-widget-container\">\n\t\t\t\t\t<h3 class=\"elementor-heading-title elementor-size-default\">Gibt es am Flughafen Marrakesch ein Hotel im Inneren?<\/h3>\t\t\t\t<\/div>\n\t\t\t\t<\/div>\n\t\t\t\t<div class=\"elementor-element elementor-element-c5dd42b elementor-widget elementor-widget-text-editor\" data-id=\"c5dd42b\" data-element_type=\"widget\" data-e-type=\"widget\" data-widget_type=\"text-editor.default\">\n\t\t\t\t<div class=\"elementor-widget-container\">\n\t\t\t\t\t\t\t\t\t<p>Nein, der Flughafen Marrakesch-Menara verf\u00fcgt \u00fcber keine Hotels im Inneren. In der N\u00e4he des Flughafens befinden sich jedoch mehrere Hotels, die praktische Optionen f\u00fcr Reisende bieten, die vor oder nach ihrem Flug eine Pause brauchen. Diese Einrichtungen sind in der Regel mit dem Taxi oder Shuttle-Bus innerhalb weniger Minuten erreichbar.<\/p>\t\t\t\t\t\t\t\t<\/div>\n\t\t\t\t<\/div>\n\t\t\t\t<div class=\"elementor-element elementor-element-189a500 elementor-widget elementor-widget-heading\" data-id=\"189a500\" data-element_type=\"widget\" data-e-type=\"widget\" data-widget_type=\"heading.default\">\n\t\t\t\t<div class=\"elementor-widget-container\">\n\t\t\t\t\t<h3 class=\"elementor-heading-title elementor-size-default\">Wie lange dauert ein typischer Zwischenstopp am Flughafen Marrakesch?<\/h3>\t\t\t\t<\/div>\n\t\t\t\t<\/div>\n\t\t\t\t<div class=\"elementor-element elementor-element-234d57c elementor-widget elementor-widget-text-editor\" data-id=\"234d57c\" data-element_type=\"widget\" data-e-type=\"widget\" data-widget_type=\"text-editor.default\">\n\t\t\t\t<div class=\"elementor-widget-container\">\n\t\t\t\t\t\t\t\t\t<p>Die Dauer des Zwischenstopps h\u00e4ngt von Ihrem Flug ab, aber es wird empfohlen, dass Sie <strong>mindestens 2 bis 3 Stunden<\/strong> zwischen internationalen Fl\u00fcgen, um eine stressfreie Verbindung zu gew\u00e4hrleisten.<\/p>\t\t\t\t\t\t\t\t<\/div>\n\t\t\t\t<\/div>\n\t\t\t\t<div class=\"elementor-element elementor-element-d198489 elementor-widget elementor-widget-heading\" data-id=\"d198489\" data-element_type=\"widget\" data-e-type=\"widget\" data-widget_type=\"heading.default\">\n\t\t\t\t<div class=\"elementor-widget-container\">\n\t\t\t\t\t<h3 class=\"elementor-heading-title elementor-size-default\">Gibt es am Flughafen Marrakesch VIP-Lounges?<\/h3>\t\t\t\t<\/div>\n\t\t\t\t<\/div>\n\t\t\t\t<div class=\"elementor-element elementor-element-2f87f2f elementor-widget elementor-widget-text-editor\" data-id=\"2f87f2f\" data-element_type=\"widget\" data-e-type=\"widget\" data-widget_type=\"text-editor.default\">\n\t\t\t\t<div class=\"elementor-widget-container\">\n\t\t\t\t\t\t\t\t\t<p>Ja, es gibt VIP-Lounges f\u00fcr Passagiere der Businessklasse oder f\u00fcr diejenigen, die f\u00fcr den Zugang bezahlen. Sie bieten einen Entspannungsbereich, Erfrischungen und Wi-Fi.<\/p>\t\t\t\t\t\t\t\t<\/div>\n\t\t\t\t<\/div>\n\t\t\t\t<div class=\"elementor-element elementor-element-df27053 elementor-widget elementor-widget-heading\" data-id=\"df27053\" data-element_type=\"widget\" data-e-type=\"widget\" data-widget_type=\"heading.default\">\n\t\t\t\t<div class=\"elementor-widget-container\">\n\t\t\t\t\t<h3 class=\"elementor-heading-title elementor-size-default\">Gibt es am Flughafen Restaurants?<\/h3>\t\t\t\t<\/div>\n\t\t\t\t<\/div>\n\t\t\t\t<div class=\"elementor-element elementor-element-51e844e elementor-widget elementor-widget-text-editor\" data-id=\"51e844e\" data-element_type=\"widget\" data-e-type=\"widget\" data-widget_type=\"text-editor.default\">\n\t\t\t\t<div class=\"elementor-widget-container\">\n\t\t\t\t\t\t\t\t\t<p>Ja, der Flughafen Marrakesch verf\u00fcgt \u00fcber mehrere Restaurants, Caf\u00e9s und Snackbars, die lokale und internationale Speiseoptionen anbieten.<\/p>\t\t\t\t\t\t\t\t<\/div>\n\t\t\t\t<\/div>\n\t\t\t\t<div class=\"elementor-element elementor-element-2dc18af elementor-widget elementor-widget-heading\" data-id=\"2dc18af\" data-element_type=\"widget\" data-e-type=\"widget\" data-widget_type=\"heading.default\">\n\t\t\t\t<div class=\"elementor-widget-container\">\n\t\t\t\t\t<h3 class=\"elementor-heading-title elementor-size-default\">Gibt es am Flughafen einen Shuttle-Service in die Stadt?<\/h3>\t\t\t\t<\/div>\n\t\t\t\t<\/div>\n\t\t\t\t<div class=\"elementor-element elementor-element-4e7a4e5 elementor-widget elementor-widget-text-editor\" data-id=\"4e7a4e5\" data-element_type=\"widget\" data-e-type=\"widget\" data-widget_type=\"text-editor.default\">\n\t\t\t\t<div class=\"elementor-widget-container\">\n\t\t\t\t\t\t\t\t\t<p>Ja, am Flughafen stehen Busse und Taxis zur Verf\u00fcgung, um die <a href=\"#\">Transport<\/a> ins Stadtzentrum von Marrakesch und zu anderen Zielen.<\/p>\t\t\t\t\t\t\t\t<\/div>\n\t\t\t\t<\/div>\n\t\t\t\t\t<\/div>\n\t\t<\/div>\n\t\t\t\t<div class=\"elementor-column elementor-col-50 elementor-top-column elementor-element elementor-element-4b56e3a9\" data-id=\"4b56e3a9\" data-element_type=\"column\" data-e-type=\"column\" data-settings=\"{&quot;background_background&quot;:&quot;classic&quot;}\">\n\t\t\t<div class=\"elementor-widget-wrap\">\n\t\t\t\t\t\t\t<\/div>\n\t\t<\/div>\n\t\t\t\t\t<\/div>\n\t\t<\/section>\n\t\t\t\t<section class=\"elementor-section elementor-top-section elementor-element elementor-element-36bdf1ab elementor-section-boxed elementor-section-height-default elementor-section-height-default\" data-id=\"36bdf1ab\" data-element_type=\"section\" data-e-type=\"section\" data-settings=\"{&quot;background_background&quot;:&quot;classic&quot;}\">\n\t\t\t\t\t\t<div class=\"elementor-container elementor-column-gap-default\">\n\t\t\t\t\t<div class=\"elementor-column elementor-col-100 elementor-top-column elementor-element elementor-element-681e127f\" data-id=\"681e127f\" data-element_type=\"column\" data-e-type=\"column\">\n\t\t\t<div class=\"elementor-widget-wrap elementor-element-populated\">\n\t\t\t\t\t\t<section class=\"elementor-section elementor-inner-section elementor-element elementor-element-27b0f6b2 elementor-section-boxed elementor-section-height-default elementor-section-height-default\" data-id=\"27b0f6b2\" data-element_type=\"section\" data-e-type=\"section\">\n\t\t\t\t\t\t<div class=\"elementor-container elementor-column-gap-default\">\n\t\t\t\t\t<div class=\"elementor-column elementor-col-33 elementor-inner-column elementor-element elementor-element-50766779\" data-id=\"50766779\" data-element_type=\"column\" data-e-type=\"column\">\n\t\t\t<div class=\"elementor-widget-wrap elementor-element-populated\">\n\t\t\t\t\t\t<div class=\"elementor-element elementor-element-fe9502c elementor-view-stacked elementor-shape-square elementor-widget elementor-widget-icon\" data-id=\"fe9502c\" data-element_type=\"widget\" data-e-type=\"widget\" data-widget_type=\"icon.default\">\n\t\t\t\t<div class=\"elementor-widget-container\">\n\t\t\t\t\t\t\t<div class=\"elementor-icon-wrapper\">\n\t\t\t<div class=\"elementor-icon\">\n\t\t\t<svg aria-hidden=\"true\" class=\"e-font-icon-svg e-fas-passport\" viewbox=\"0 0 448 512\" xmlns=\"http:\/\/www.w3.org\/2000\/svg\"><path d=\"M129.62 176h39.09c1.49-27.03 6.54-51.35 14.21-70.41-27.71 13.24-48.02 39.19-53.3 70.41zm0 32c5.29 31.22 25.59 57.17 53.3 70.41-7.68-19.06-12.72-43.38-14.21-70.41h-39.09zM224 286.69c7.69-7.45 20.77-34.42 23.43-78.69h-46.87c2.67 44.26 15.75 71.24 23.44 78.69zM200.57 176h46.87c-2.66-44.26-15.74-71.24-23.43-78.69-7.7 7.45-20.78 34.43-23.44 78.69zm64.51 102.41c27.71-13.24 48.02-39.19 53.3-70.41h-39.09c-1.49 27.03-6.53 51.35-14.21 70.41zM416 0H64C28.65 0 0 28.65 0 64v384c0 35.35 28.65 64 64 64h352c17.67 0 32-14.33 32-32V32c0-17.67-14.33-32-32-32zm-80 416H112c-8.8 0-16-7.2-16-16s7.2-16 16-16h224c8.8 0 16 7.2 16 16s-7.2 16-16 16zm-112-96c-70.69 0-128-57.31-128-128S153.31 64 224 64s128 57.31 128 128-57.31 128-128 128zm41.08-214.41c7.68 19.06 12.72 43.38 14.21 70.41h39.09c-5.28-31.22-25.59-57.17-53.3-70.41z\"><\/path><\/svg>\t\t\t<\/div>\n\t\t<\/div>\n\t\t\t\t\t\t<\/div>\n\t\t\t\t<\/div>\n\t\t\t\t<div class=\"elementor-element elementor-element-2bd0f412 elementor-widget elementor-widget-counter\" data-id=\"2bd0f412\" data-element_type=\"widget\" data-e-type=\"widget\" data-widget_type=\"counter.default\">\n\t\t\t\t<div class=\"elementor-widget-container\">\n\t\t\t\t\t\t\t<div class=\"elementor-counter\">\n\t\t\t<div class=\"elementor-counter-title\">VISA GENEHMIGT<\/div>\t\t\t<div class=\"elementor-counter-number-wrapper\">\n\t\t\t\t<span class=\"elementor-counter-number-prefix\"><\/span>\n\t\t\t\t<span class=\"elementor-counter-number\" data-duration=\"2000\" data-to-value=\"10450\" data-from-value=\"0\" data-delimiter=\",\">0<\/span>\n\t\t\t\t<span class=\"elementor-counter-number-suffix\"><\/span>\n\t\t\t<\/div>\n\t\t<\/div>\n\t\t\t\t\t\t<\/div>\n\t\t\t\t<\/div>\n\t\t\t\t\t<\/div>\n\t\t<\/div>\n\t\t\t\t<div class=\"elementor-column elementor-col-33 elementor-inner-column elementor-element elementor-element-536f92f7\" data-id=\"536f92f7\" data-element_type=\"column\" data-e-type=\"column\">\n\t\t\t<div class=\"elementor-widget-wrap elementor-element-populated\">\n\t\t\t\t\t\t<div class=\"elementor-element elementor-element-795c6a36 elementor-view-stacked elementor-shape-square elementor-widget elementor-widget-icon\" data-id=\"795c6a36\" data-element_type=\"widget\" data-e-type=\"widget\" data-widget_type=\"icon.default\">\n\t\t\t\t<div class=\"elementor-widget-container\">\n\t\t\t\t\t\t\t<div class=\"elementor-icon-wrapper\">\n\t\t\t<div class=\"elementor-icon\">\n\t\t\t<svg aria-hidden=\"true\" class=\"e-font-icon-svg e-fas-plane-departure\" viewbox=\"0 0 640 512\" xmlns=\"http:\/\/www.w3.org\/2000\/svg\"><path d=\"M624 448H16c-8.84 0-16 7.16-16 16v32c0 8.84 7.16 16 16 16h608c8.84 0 16-7.16 16-16v-32c0-8.84-7.16-16-16-16zM80.55 341.27c6.28 6.84 15.1 10.72 24.33 10.71l130.54-.18a65.62 65.62 0 0 0 29.64-7.12l290.96-147.65c26.74-13.57 50.71-32.94 67.02-58.31 18.31-28.48 20.3-49.09 13.07-63.65-7.21-14.57-24.74-25.27-58.25-27.45-29.85-1.94-59.54 5.92-86.28 19.48l-98.51 49.99-218.7-82.06a17.799 17.799 0 0 0-18-1.11L90.62 67.29c-10.67 5.41-13.25 19.65-5.17 28.53l156.22 98.1-103.21 52.38-72.35-36.47a17.804 17.804 0 0 0-16.07.02L9.91 230.22c-10.44 5.3-13.19 19.12-5.57 28.08l76.21 82.97z\"><\/path><\/svg>\t\t\t<\/div>\n\t\t<\/div>\n\t\t\t\t\t\t<\/div>\n\t\t\t\t<\/div>\n\t\t\t\t<div class=\"elementor-element elementor-element-435fb0fe elementor-widget elementor-widget-counter\" data-id=\"435fb0fe\" data-element_type=\"widget\" data-e-type=\"widget\" data-widget_type=\"counter.default\">\n\t\t\t\t<div class=\"elementor-widget-container\">\n\t\t\t\t\t\t\t<div class=\"elementor-counter\">\n\t\t\t<div class=\"elementor-counter-title\">Diebst\u00e4hle pro Jahr<\/div>\t\t\t<div class=\"elementor-counter-number-wrapper\">\n\t\t\t\t<span class=\"elementor-counter-number-prefix\"><\/span>\n\t\t\t\t<span class=\"elementor-counter-number\" data-duration=\"2000\" data-to-value=\"50000\" data-from-value=\"0\" data-delimiter=\",\">0<\/span>\n\t\t\t\t<span class=\"elementor-counter-number-suffix\"><\/span>\n\t\t\t<\/div>\n\t\t<\/div>\n\t\t\t\t\t\t<\/div>\n\t\t\t\t<\/div>\n\t\t\t\t\t<\/div>\n\t\t<\/div>\n\t\t\t\t<div class=\"elementor-column elementor-col-33 elementor-inner-column elementor-element elementor-element-4927b96\" data-id=\"4927b96\" data-element_type=\"column\" data-e-type=\"column\">\n\t\t\t<div class=\"elementor-widget-wrap elementor-element-populated\">\n\t\t\t\t\t\t<div class=\"elementor-element elementor-element-6d63f3be elementor-view-stacked elementor-shape-square elementor-widget elementor-widget-icon\" data-id=\"6d63f3be\" data-element_type=\"widget\" data-e-type=\"widget\" data-widget_type=\"icon.default\">\n\t\t\t\t<div class=\"elementor-widget-container\">\n\t\t\t\t\t\t\t<div class=\"elementor-icon-wrapper\">\n\t\t\t<div class=\"elementor-icon\">\n\t\t\t<svg aria-hidden=\"true\" class=\"e-font-icon-svg e-fas-chart-bar\" viewbox=\"0 0 512 512\" xmlns=\"http:\/\/www.w3.org\/2000\/svg\"><path d=\"M332.8 320h38.4c6.4 0 12.8-6.4 12.8-12.8V172.8c0-6.4-6.4-12.8-12.8-12.8h-38.4c-6.4 0-12.8 6.4-12.8 12.8v134.4c0 6.4 6.4 12.8 12.8 12.8zm96 0h38.4c6.4 0 12.8-6.4 12.8-12.8V76.8c0-6.4-6.4-12.8-12.8-12.8h-38.4c-6.4 0-12.8 6.4-12.8 12.8v230.4c0 6.4 6.4 12.8 12.8 12.8zm-288 0h38.4c6.4 0 12.8-6.4 12.8-12.8v-70.4c0-6.4-6.4-12.8-12.8-12.8h-38.4c-6.4 0-12.8 6.4-12.8 12.8v70.4c0 6.4 6.4 12.8 12.8 12.8zm96 0h38.4c6.4 0 12.8-6.4 12.8-12.8V108.8c0-6.4-6.4-12.8-12.8-12.8h-38.4c-6.4 0-12.8 6.4-12.8 12.8v198.4c0 6.4 6.4 12.8 12.8 12.8zM496 384H64V80c0-8.84-7.16-16-16-16H16C7.16 64 0 71.16 0 80v336c0 17.67 14.33 32 32 32h464c8.84 0 16-7.16 16-16v-32c0-8.84-7.16-16-16-16z\"><\/path><\/svg>\t\t\t<\/div>\n\t\t<\/div>\n\t\t\t\t\t\t<\/div>\n\t\t\t\t<\/div>\n\t\t\t\t<div class=\"elementor-element elementor-element-49fd0a03 elementor-widget elementor-widget-counter\" data-id=\"49fd0a03\" data-element_type=\"widget\" data-e-type=\"widget\" data-widget_type=\"counter.default\">\n\t\t\t\t<div class=\"elementor-widget-container\">\n\t\t\t\t\t\t\t<div class=\"elementor-counter\">\n\t\t\t<div class=\"elementor-counter-title\">von Passagieren pro Jahr<\/div>\t\t\t<div class=\"elementor-counter-number-wrapper\">\n\t\t\t\t<span class=\"elementor-counter-number-prefix\"><\/span>\n\t\t\t\t<span class=\"elementor-counter-number\" data-duration=\"2000\" data-to-value=\"5\" data-from-value=\"0\" data-delimiter=\",\">0<\/span>\n\t\t\t\t<span class=\"elementor-counter-number-suffix\">M<\/span>\n\t\t\t<\/div>\n\t\t<\/div>\n\t\t\t\t\t\t<\/div>\n\t\t\t\t<\/div>\n\t\t\t\t\t<\/div>\n\t\t<\/div>\n\t\t\t\t\t<\/div>\n\t\t<\/section>\n\t\t\t\t\t<\/div>\n\t\t<\/div>\n\t\t\t\t\t<\/div>\n\t\t<\/section>\n\t\t\t\t<\/div>","protected":false},"excerpt":{"rendered":"<p>Escale \u00c0 L&rsquo;a\u00e9roport de Marrakech Les meilleures visites et activit\u00e9s \u00e0 faire pour les escales courtes et longues Aeorport Marrakech Menara &gt; Guide &gt; Escale Escale \u00e0 l&rsquo;a\u00e9roport Marrakech-M\u00e9nara (RAK) Lors d&rsquo;une escale \u00e0 l&rsquo;a\u00e9roport de Marrakech, les voyageurs peuvent profiter de plusieurs commodit\u00e9s pour rendre leur attente plus confortable. Vous trouverez des caf\u00e9s et [&hellip;]<\/p>\n","protected":false},"author":1,"featured_media":0,"parent":148,"menu_order":0,"comment_status":"closed","ping_status":"closed","template":"","meta":{"footnotes":""},"class_list":["post-165","page","type-page","status-publish","hentry"],"_links":{"self":[{"href":"https:\/\/airport-marrakech.com\/de\/wp-json\/wp\/v2\/pages\/165","targetHints":{"allow":["GET"]}}],"collection":[{"href":"https:\/\/airport-marrakech.com\/de\/wp-json\/wp\/v2\/pages"}],"about":[{"href":"https:\/\/airport-marrakech.com\/de\/wp-json\/wp\/v2\/types\/page"}],"author":[{"embeddable":true,"href":"https:\/\/airport-marrakech.com\/de\/wp-json\/wp\/v2\/users\/1"}],"replies":[{"embeddable":true,"href":"https:\/\/airport-marrakech.com\/de\/wp-json\/wp\/v2\/comments?post=165"}],"version-history":[{"count":10,"href":"https:\/\/airport-marrakech.com\/de\/wp-json\/wp\/v2\/pages\/165\/revisions"}],"predecessor-version":[{"id":176,"href":"https:\/\/airport-marrakech.com\/de\/wp-json\/wp\/v2\/pages\/165\/revisions\/176"}],"up":[{"embeddable":true,"href":"https:\/\/airport-marrakech.com\/de\/wp-json\/wp\/v2\/pages\/148"}],"wp:attachment":[{"href":"https:\/\/airport-marrakech.com\/de\/wp-json\/wp\/v2\/media?parent=165"}],"curies":[{"name":"wp","href":"https:\/\/api.w.org\/{rel}","templated":true}]}}