{"id":1774,"date":"2025-02-27T13:10:48","date_gmt":"2025-02-27T13:10:48","guid":{"rendered":"https:\/\/airport-marrakech.com\/?page_id=1774"},"modified":"2025-02-28T12:11:09","modified_gmt":"2025-02-28T12:11:09","slug":"transfers-vom-flughafen-marrakesch-ins-stadtzentrum","status":"publish","type":"page","link":"https:\/\/airport-marrakech.com\/de\/transport\/transferts-de-laeroport-de-marrakech-au-centre-ville\/","title":{"rendered":"Transfers vom Flughafen Marrakesch ins Stadtzentrum (Medina)"},"content":{"rendered":"<div data-elementor-type=\"wp-page\" data-elementor-id=\"1774\" class=\"elementor elementor-1774\" data-elementor-post-type=\"page\">\n\t\t\t\t\t\t<section class=\"elementor-section elementor-top-section elementor-element elementor-element-560def9f elementor-section-height-min-height elementor-section-boxed elementor-section-height-default elementor-section-items-middle\" data-id=\"560def9f\" data-element_type=\"section\" data-e-type=\"section\" data-settings=\"{&quot;background_background&quot;:&quot;classic&quot;}\">\n\t\t\t\t\t\t\t<div class=\"elementor-background-overlay\"><\/div>\n\t\t\t\t\t\t\t<div class=\"elementor-container elementor-column-gap-default\">\n\t\t\t\t\t<div class=\"elementor-column elementor-col-100 elementor-top-column elementor-element elementor-element-65c5d5e8\" data-id=\"65c5d5e8\" data-element_type=\"column\" data-e-type=\"column\">\n\t\t\t<div class=\"elementor-widget-wrap elementor-element-populated\">\n\t\t\t\t\t\t<div class=\"elementor-element elementor-element-58428f33 elementor-widget elementor-widget-heading\" data-id=\"58428f33\" data-element_type=\"widget\" data-e-type=\"widget\" data-widget_type=\"heading.default\">\n\t\t\t\t<div class=\"elementor-widget-container\">\n\t\t\t\t\t<h1 class=\"elementor-heading-title elementor-size-default\">Transfers vom Flughafen Marrakesch ins Stadtzentrum (Medina)<\/h1>\t\t\t\t<\/div>\n\t\t\t\t<\/div>\n\t\t\t\t<div class=\"elementor-element elementor-element-3ea0628 elementor-view-default elementor-invisible elementor-widget elementor-widget-icon\" data-id=\"3ea0628\" data-element_type=\"widget\" data-e-type=\"widget\" data-settings=\"{&quot;_animation&quot;:&quot;fadeInDown&quot;,&quot;_animation_delay&quot;:500}\" data-widget_type=\"icon.default\">\n\t\t\t\t<div class=\"elementor-widget-container\">\n\t\t\t\t\t\t\t<div class=\"elementor-icon-wrapper\">\n\t\t\t<div class=\"elementor-icon\">\n\t\t\t<svg aria-hidden=\"true\" class=\"e-font-icon-svg e-fas-chevron-down\" viewbox=\"0 0 448 512\" xmlns=\"http:\/\/www.w3.org\/2000\/svg\"><path d=\"M207.029 381.476L12.686 187.132c-9.373-9.373-9.373-24.569 0-33.941l22.667-22.667c9.357-9.357 24.522-9.375 33.901-.04L224 284.505l154.745-154.021c9.379-9.335 24.544-9.317 33.901.04l22.667 22.667c9.373 9.373 9.373 24.569 0 33.941L240.971 381.476c-9.373 9.372-24.569 9.372-33.942 0z\"><\/path><\/svg>\t\t\t<\/div>\n\t\t<\/div>\n\t\t\t\t\t\t<\/div>\n\t\t\t\t<\/div>\n\t\t\t\t\t<\/div>\n\t\t<\/div>\n\t\t\t\t\t<\/div>\n\t\t<\/section>\n\t\t\t\t<section class=\"elementor-section elementor-top-section elementor-element elementor-element-5a5eef55 elementor-section-content-middle elementor-section-boxed elementor-section-height-default elementor-section-height-default\" data-id=\"5a5eef55\" data-element_type=\"section\" data-e-type=\"section\">\n\t\t\t\t\t\t<div class=\"elementor-container elementor-column-gap-default\">\n\t\t\t\t\t<div class=\"elementor-column elementor-col-50 elementor-top-column elementor-element elementor-element-d687afe\" data-id=\"d687afe\" data-element_type=\"column\" data-e-type=\"column\">\n\t\t\t<div class=\"elementor-widget-wrap elementor-element-populated\">\n\t\t\t\t\t\t<div class=\"elementor-element elementor-element-5f384c6 elementor-widget elementor-widget-text-editor\" data-id=\"5f384c6\" data-element_type=\"widget\" data-e-type=\"widget\" data-widget_type=\"text-editor.default\">\n\t\t\t\t<div class=\"elementor-widget-container\">\n\t\t\t\t\t\t\t\t\t<p><strong><a href=\"https:\/\/airport-marrakech.com\/de\/\">Flughafen Marrakech Menara<\/a><\/strong> &gt;<a href=\"https:\/\/airport-marrakech.com\/de\/transport\/\"> Transport<\/a>\u00a0 \u00a0&gt; Flughafen im Stadtzentrum (Medina)<\/p>\t\t\t\t\t\t\t\t<\/div>\n\t\t\t\t<\/div>\n\t\t\t\t<div class=\"elementor-element elementor-element-9a5997e elementor-widget elementor-widget-heading\" data-id=\"9a5997e\" data-element_type=\"widget\" data-e-type=\"widget\" data-widget_type=\"heading.default\">\n\t\t\t\t<div class=\"elementor-widget-container\">\n\t\t\t\t\t<h2 class=\"elementor-heading-title elementor-size-default\">Transferoptionen vom Flughafen Marrakesch Menara zum Stadtzentrum von Marrakesch (Medina\/ Jemaa el-Fna)<\/h2>\t\t\t\t<\/div>\n\t\t\t\t<\/div>\n\t\t\t\t<div class=\"elementor-element elementor-element-53c71dc elementor-widget elementor-widget-text-editor\" data-id=\"53c71dc\" data-element_type=\"widget\" data-e-type=\"widget\" data-widget_type=\"text-editor.default\">\n\t\t\t\t<div class=\"elementor-widget-container\">\n\t\t\t\t\t\t\t\t\t<p>Der internationale Flughafen Marrakesch-Menara ist durch verschiedene Transportmittel wie Taxis, Busse und Autovermietungen perfekt mit dem Stadtzentrum von Marrakesch verbunden. F\u00fcr ein bequemeres und pers\u00f6nlicheres Erlebnis, <a href=\"https:\/\/airport-marrakech.com\/de\/transport\/transfert\/\">private Transfers<\/a> von Luxusg\u00fctern sind ebenfalls erh\u00e4ltlich. Zusammenfassend l\u00e4sst sich sagen, dass ein<a href=\"https:\/\/airport-marrakech.com\/de\/transport\/taxi\/\"> Taxi vom Flughafen Marrakesch<\/a> bringt Sie zu Ihrer Unterkunft in ca. <strong>15 bis 20 Minuten<\/strong>Der Preis variiert zwischen <strong>70 MAD und 100 MAD<\/strong> abh\u00e4ngig von Ihrem Reiseziel und der Tageszeit. Im Gegensatz dazu sind die <a href=\"https:\/\/airport-marrakech.com\/de\/transport\/bus\/\">Flughafenbus<\/a>wie die Linie 19 bieten eine g\u00fcnstigere Alternative mit einem Preis von <strong>30 MAD<\/strong> f\u00fcr eine Fahrt von ca. <strong>30 Minuten<\/strong>. Die Reisedauer kann jedoch durch das Verkehrsaufkommen beeinflusst werden, vor allem zu den Hauptverkehrszeiten. F\u00fcr Reisende, die mehr Unabh\u00e4ngigkeit w\u00fcnschen, ist die <a href=\"https:\/\/airport-marrakech.com\/de\/transport\/location-voiture-aeroport\/\">mietwagen am flughafen marrakesch<\/a> bleibt eine ideale Option, die Flexibilit\u00e4t und Komfort bietet, um die Stadt und ihre Umgebung auf eigene Faust zu erkunden.<\/p>\t\t\t\t\t\t\t\t<\/div>\n\t\t\t\t<\/div>\n\t\t\t\t<div class=\"elementor-element elementor-element-671dc9a elementor-widget elementor-widget-html\" data-id=\"671dc9a\" data-element_type=\"widget\" data-e-type=\"widget\" data-widget_type=\"html.default\">\n\t\t\t\t<div class=\"elementor-widget-container\">\n\t\t\t\t\t<table border=\"1\" cellspacing=\"0\" cellpadding=\"8\">\r\n    <tr>\r\n        <th>Optionen<\/th>\r\n        <th>Preis (\u20ac)<\/th>\r\n        <th>Preis ($)<\/th>\r\n        <th>Preis (MAD)<\/th>\r\n        <th>Dauer<\/th>\r\n    <\/tr>\r\n    <tr>\r\n        <td>Taxi<\/td>\r\n        <td>6.40 - 9.15<\/td>\r\n        <td>7.00 - 10.00<\/td>\r\n        <td>70 - 100<\/td>\r\n        <td>15 - 20 min<\/td>\r\n    <\/tr>\r\n    <tr>\r\n        <td>Bus<\/td>\r\n        <td>2.85<\/td>\r\n        <td>3.10<\/td>\r\n        <td>30<\/td>\r\n        <td>30 min<\/td>\r\n    <\/tr>\r\n<\/table>\r\n\t\t\t\t<\/div>\n\t\t\t\t<\/div>\n\t\t\t\t<div class=\"elementor-element elementor-element-9b81026 elementor-widget elementor-widget-heading\" data-id=\"9b81026\" data-element_type=\"widget\" data-e-type=\"widget\" data-widget_type=\"heading.default\">\n\t\t\t\t<div class=\"elementor-widget-container\">\n\t\t\t\t\t<h2 class=\"elementor-heading-title elementor-size-default\">Vom Flughafen Marrakesch ins Stadtzentrum von Marrakesch mit dem Taxi<\/h2>\t\t\t\t<\/div>\n\t\t\t\t<\/div>\n\t\t\t\t<div class=\"elementor-element elementor-element-5f532f7 elementor-widget elementor-widget-text-editor\" data-id=\"5f532f7\" data-element_type=\"widget\" data-e-type=\"widget\" data-widget_type=\"text-editor.default\">\n\t\t\t\t<div class=\"elementor-widget-container\">\n\t\t\t\t\t\t\t\t\t<p data-start=\"0\" data-end=\"777\">Nehmen Sie einen <a href=\"https:\/\/airport-marrakech.com\/de\/transport\/taxi\/\">Taxi vom Flughafen Marrakesch-Menara<\/a> garantiert einen bequemen Transfer, aber die Schnelligkeit der Fahrt kann durch den Verkehr beeintr\u00e4chtigt werden, vor allem zu den Hauptverkehrszeiten. Ein Taxi vom Flughafen Marrakesch setzt Sie jedoch stressfrei direkt an Ihrem Zielort ab, sei es in der historischen Medina oder in den modernen Stadtteilen. Der durchschnittliche Tarif liegt zwischen 70 und 100 MAD (6,40\u20ac - 9,15\u20ac \/ 7,00$ - 10,00$), je nach Entfernung und Verkehrsaufkommen, da die Preise nicht festgelegt sind. Die Preise bleiben tags\u00fcber und nachts gleich und das Trinkgeld liegt in Ihrem Ermessen. Die Fahrt von etwa 6 km dauert durchschnittlich 15 bis 20 Minuten. Die offiziellen Taxist\u00e4nde befinden sich direkt au\u00dferhalb des Terminals.<\/p><h3 data-start=\"779\" data-end=\"837\">Arten von Taxis, die am Flughafen Marrakesch verf\u00fcgbar sind :<\/h3><ul data-start=\"838\" data-end=\"1150\"><li data-start=\"838\" data-end=\"898\"><strong data-start=\"840\" data-end=\"856\">Gelbe Taxis<\/strong> : Standardtaxis und die erschwinglichsten Taxis.<\/li><li data-start=\"899\" data-end=\"1043\"><strong data-start=\"901\" data-end=\"924\">Wei\u00dfe Gro\u00dfraumtaxis<\/strong> : Gr\u00f6\u00dfere Fahrzeuge mit Platz f\u00fcr mehrere Passagiere, ideal f\u00fcr lange Fahrten au\u00dferhalb der Stadt.<\/li><li data-start=\"1044\" data-end=\"1150\"><strong data-start=\"1046\" data-end=\"1067\">Premium-Fahrzeuge<\/strong> : Private Transferdienste, die mehr Komfort und ein besseres Erlebnis bieten.<\/li><\/ul><p data-start=\"1152\" data-end=\"1179\">\u26a0 <strong data-start=\"1154\" data-end=\"1177\">Wichtige Tipps<\/strong> :<\/p><ul data-start=\"1180\" data-end=\"1466\"><li data-start=\"1180\" data-end=\"1271\"><strong data-start=\"1182\" data-end=\"1216\">Vermeiden Sie inoffizielle Taxis<\/strong> und bevorzugen Sie diejenigen, die an offiziellen Stationen pr\u00e4sent sind.<\/li><li data-start=\"1272\" data-end=\"1377\"><strong data-start=\"1274\" data-end=\"1303\">Verhandeln Sie immer \u00fcber den Preis<\/strong> vor der Abfahrt, da Taxis in der Regel nicht \u00fcber einen Taxameter verf\u00fcgen.<\/li><li data-start=\"1378\" data-end=\"1466\"><strong data-start=\"1380\" data-end=\"1406\">Vorsicht vor Betr\u00fcgereien<\/strong> und h\u00e4ufigen \u00dcberladungen, insbesondere f\u00fcr Touristen.<\/li><\/ul><h3 data-start=\"1468\" data-end=\"1527\">Empfohlener Dienst f\u00fcr eine sichere und zuverl\u00e4ssige \u00dcbertragung<\/h3><p data-start=\"1528\" data-end=\"1798\">Wir w\u00e4hlten eine der <strong>beste Taxiunternehmen am Flughafen Marrakesch<\/strong> auf der Grundlage von Nutzerbewertungen auf Plattformen wie <strong>Google, Tripadvisor und Trustpilot.<\/strong> <a href=\"https:\/\/taxi-marrakech-airport.com\/\" target=\"_blank\" rel=\"noopener\">Taxico<\/a> garantiert Ihnen eine angenehme und sichere Erfahrung :<\/p><p data-start=\"1800\" data-end=\"1983\" data-is-only-node=\"\" data-is-last-node=\"\">\u2705 <strong data-start=\"1802\" data-end=\"1849\">Lokale Fahrer, die mehrere Sprachen sprechen<\/strong><br data-start=\"1849\" data-end=\"1852\" \/>\u2705 <strong data-start=\"1854\" data-end=\"1891\">Festpreise und Vorauszahlung<\/strong><br data-start=\"1891\" data-end=\"1894\" \/>\u2705 <strong data-start=\"1896\" data-end=\"1931\">Nachverfolgung von Fl\u00fcgen bei Versp\u00e4tungen<\/strong><br data-start=\"1931\" data-end=\"1934\" \/>\u2705 <strong data-start=\"1936\" data-end=\"1981\">Kundenservice 24\/7 + kostenlose Stornierung<\/strong><\/p>\t\t\t\t\t\t\t\t<\/div>\n\t\t\t\t<\/div>\n\t\t\t\t<div class=\"elementor-element elementor-element-b8a252f elementor-widget elementor-widget-heading\" data-id=\"b8a252f\" data-element_type=\"widget\" data-e-type=\"widget\" data-widget_type=\"heading.default\">\n\t\t\t\t<div class=\"elementor-widget-container\">\n\t\t\t\t\t<h2 class=\"elementor-heading-title elementor-size-default\">Mit dem Bus vom Flughafen Marrakesch ins Stadtzentrum fahren\n<\/h2>\t\t\t\t<\/div>\n\t\t\t\t<\/div>\n\t\t\t\t<div class=\"elementor-element elementor-element-c396259 elementor-widget elementor-widget-text-editor\" data-id=\"c396259\" data-element_type=\"widget\" data-e-type=\"widget\" data-widget_type=\"text-editor.default\">\n\t\t\t\t<div class=\"elementor-widget-container\">\n\t\t\t\t\t\t\t\t\t<p data-start=\"75\" data-end=\"425\">Die einzige Option f\u00fcr \u00f6ffentliche Verkehrsmittel vom Flughafen Marrakesch-Menara aus wird angeboten von <strong data-start=\"172\" data-end=\"180\">Alsa<\/strong>ein gut eingef\u00fchrtes Busunternehmen in Marokko. Die <strong data-start=\"231\" data-end=\"253\">Busse der Linie 19<\/strong> ist speziell auf die Fahrten zwischen dem Flughafen und dem Stadtzentrum ausgerichtet und bietet eine g\u00fcnstige und praktische L\u00f6sung, um die wichtigsten Stadtteile Marrakeschs zu erreichen.<\/p><h4 data-start=\"427\" data-end=\"490\"><strong data-start=\"432\" data-end=\"488\">Bus Alsa Linie 19: Ein zuverl\u00e4ssiger und erschwinglicher Transport<\/strong><\/h4><p data-start=\"491\" data-end=\"825\">Der Bus 19 verbindet den Flughafen mit dem Jemaa el-Fna-Platz in etwa 30 Minuten und h\u00e4lt an mehreren strategischen Punkten entlang der Strecke, z. B. in den Vierteln Hivernage, Gueliz und anderen touristischen Gebieten. Diese Verbindung ist t\u00e4glich von 6:00 bis 21:30 Uhr in Betrieb und wird alle 20 bis 30 Minuten bedient.<\/p><p data-start=\"827\" data-end=\"1158\">\u2705 <strong data-start=\"829\" data-end=\"843\">Stundenplan:<\/strong> Von <strong data-start=\"847\" data-end=\"863\">6.00 Uhr bis 21.30 Uhr<\/strong><br data-start=\"863\" data-end=\"866\" \/>\u2705 <strong data-start=\"868\" data-end=\"883\">Frequenz :<\/strong> Alle <strong data-start=\"895\" data-end=\"914\">20 bis 30 Minuten<\/strong><br data-start=\"914\" data-end=\"917\" \/>\u2705 <strong data-start=\"919\" data-end=\"930\">Tarif:<\/strong> <strong data-start=\"931\" data-end=\"941\">30 MAD<\/strong> (2,85\u20ac \/ 3,10$) f\u00fcr eine einfache Fahrt \/ <strong data-start=\"981\" data-end=\"991\">50 MAD<\/strong> (4,75\u20ac \/ 5,35$) f\u00fcr einen Hin- und R\u00fcckflug<br data-start=\"1028\" data-end=\"1031\" \/>\u2705 <strong data-start=\"1033\" data-end=\"1054\">Dauer der Reise :<\/strong> <strong data-start=\"1055\" data-end=\"1077\">Etwa 30 Minuten<\/strong><br data-start=\"1077\" data-end=\"1080\" \/>\u2705 <strong data-start=\"1082\" data-end=\"1105\">Haupthaltestellen :<\/strong> Flughafen - Hivernage - Gueliz - Platz Jemaa el-Fna<\/p><h4 data-start=\"1160\" data-end=\"1190\"><strong data-start=\"1165\" data-end=\"1188\">Wo kann man den Bus nehmen?<\/strong><\/h4><p data-start=\"1191\" data-end=\"1333\">Das offizielle Urteil des <strong data-start=\"1211\" data-end=\"1221\">Bus 19<\/strong> liegt <strong data-start=\"1231\" data-end=\"1264\">direkt am Ausgang des Terminals<\/strong>. Sie k\u00f6nnen Ihr Ticket direkt beim Fahrer kaufen.<\/p>\t\t\t\t\t\t\t\t<\/div>\n\t\t\t\t<\/div>\n\t\t\t\t<div class=\"elementor-element elementor-element-91d42cd elementor-widget elementor-widget-heading\" data-id=\"91d42cd\" data-element_type=\"widget\" data-e-type=\"widget\" data-widget_type=\"heading.default\">\n\t\t\t\t<div class=\"elementor-widget-container\">\n\t\t\t\t\t<h2 class=\"elementor-heading-title elementor-size-default\">Autovermietung vom Flughafen ins Stadtzentrum von Marrakesch<\/h2>\t\t\t\t<\/div>\n\t\t\t\t<\/div>\n\t\t\t\t<div class=\"elementor-element elementor-element-3ad0058 elementor-widget elementor-widget-text-editor\" data-id=\"3ad0058\" data-element_type=\"widget\" data-e-type=\"widget\" data-widget_type=\"text-editor.default\">\n\t\t\t\t<div class=\"elementor-widget-container\">\n\t\t\t\t\t\t\t\t\t<p data-start=\"102\" data-end=\"659\">Entscheiden Sie sich f\u00fcr eine <a href=\"https:\/\/airport-marrakech.com\/de\/transport\/location-voiture-aeroport\/\">mietwagen am flughafen marrakesch<\/a>\u00a0ist eine ausgezeichnete Alternative f\u00fcr diejenigen, die Marrakesch und seine Umgebung auf eigene Faust erkunden m\u00f6chten. Mit dieser Option vermeiden Sie die Einschr\u00e4nkungen der \u00f6ffentlichen Verkehrsmittel und k\u00f6nnen Ihre Reiseroute nach Ihren W\u00fcnschen gestalten. Der Mietwagen ist ideal f\u00fcr Familien- oder Gruppenreisende. Er bietet optimalen Komfort und leichten Zugang zu den Sehensw\u00fcrdigkeiten au\u00dferhalb des Stadtzentrums, wie dem Ourika-Tal, der Agafay-W\u00fcste oder Essaouira.<\/p><p data-start=\"661\" data-end=\"1128\">Vor der Anmietung eines Fahrzeugs sollten Sie jedoch im Voraus buchen, um die g\u00fcnstigsten Preise zu erhalten und die Verf\u00fcgbarkeit des gew\u00fcnschten Modells sicherzustellen. Es ist auch wichtig zu beachten, dass das Fahren in Marrakesch dynamisch sein kann, insbesondere in der Medina, wo die Stra\u00dfen eng und stark befahren sind. F\u00fcr mehr Ruhe ist es ratsam, ein Hotel mit gesichertem Parkplatz zu w\u00e4hlen oder bewachte Parkpl\u00e4tze zu bevorzugen.<\/p><p data-start=\"1130\" data-end=\"1470\" data-is-last-node=\"\" data-is-only-node=\"\">Wenn Sie den Flughafen Marrakesch-Menara verlassen, folgen Sie einfach der Avenue Guemassa und erreichen das Stadtzentrum in etwa 15 Minuten \u00fcber eine Strecke von 6 km. F\u00fcr zus\u00e4tzlichen Komfort bieten einige Agenturen die Lieferung des Fahrzeugs direkt in Ihr Hotel sowie Versicherungen an, die auf die \u00f6rtlichen Gegebenheiten zugeschnitten sind.<\/p>\t\t\t\t\t\t\t\t<\/div>\n\t\t\t\t<\/div>\n\t\t\t\t<div class=\"elementor-element elementor-element-1c973e2 elementor-widget elementor-widget-heading\" data-id=\"1c973e2\" data-element_type=\"widget\" data-e-type=\"widget\" data-widget_type=\"heading.default\">\n\t\t\t\t<div class=\"elementor-widget-container\">\n\t\t\t\t\t<h2 class=\"elementor-heading-title elementor-size-default\">Privattransfers vom Flughafen ins Stadtzentrum von Marrakesch<\/h2>\t\t\t\t<\/div>\n\t\t\t\t<\/div>\n\t\t\t\t<div class=\"elementor-element elementor-element-c3c07a3 elementor-widget elementor-widget-text-editor\" data-id=\"c3c07a3\" data-element_type=\"widget\" data-e-type=\"widget\" data-widget_type=\"text-editor.default\">\n\t\t\t\t<div class=\"elementor-widget-container\">\n\t\t\t\t\t\t\t\t\t<p>Entscheiden Sie sich f\u00fcr einen <a href=\"https:\/\/airport-marrakech.com\/de\/transport\/transfert\/\">privater Transfer vom Flughafen Marrakesch<\/a> ist die ideale L\u00f6sung f\u00fcr Reisende, die auf der Suche nach Komfort, Schnelligkeit und Ruhe sind. Dieser Service vereint <strong>Bequemlichkeit und Diskretion<\/strong>Sie werden direkt am Ausgang des Terminals abgeholt und an Ihrem Zielort abgesetzt, ohne unn\u00f6tige Wartezeiten oder Umwege.<\/p><p>Im Gegensatz zu \u00f6ffentlichen Verkehrsmitteln oder herk\u00f6mmlichen Taxis ist ein <strong>privater Transfer garantiert ein erstklassiges Erlebnis<\/strong> mit einem klimatisierten Fahrzeug und einem professionellen Fahrer, so dass Sie keine Warteschlangen und Preisverhandlungen f\u00fchren m\u00fcssen. Dies ist die perfekte Option f\u00fcr Familien, Gruppen oder Gesch\u00e4ftsreisende, die ganz entspannt zu ihrem Hotel, Riad oder einer anderen Adresse in Marrakesch gelangen m\u00f6chten.<\/p><p>F\u00fcr einen tadellosen Service und ein Premium-Erlebnis empfehlen wir Ihnen <strong><a href=\"https:\/\/chatgpt.com\/c\/67c1a3ff-ff04-8012-ac0b-96fd03a7903b#\" target=\"_blank\" rel=\"noopener\">Bester Flughafentransfer Marrakesch<\/a><\/strong>Der private Transferspezialist bietet Ihnen eine reibungslose und sichere Fahrt. Mit ihrem pers\u00f6nlichen Service und ihrer <strong>24\/7-Unterst\u00fctzung<\/strong>Wenn Sie mit dem Auto anreisen, vermeiden Sie den Stress der \u00f6ffentlichen Verkehrsmittel und genie\u00dfen absoluten Komfort. Wenn Sie im Voraus buchen, erhalten Sie bei Ihrer Ankunft einen VIP-Empfang, damit Sie Ihren Aufenthalt unter den besten Bedingungen beginnen k\u00f6nnen.<\/p>\t\t\t\t\t\t\t\t<\/div>\n\t\t\t\t<\/div>\n\t\t\t\t<div class=\"elementor-element elementor-element-2b22d9c elementor-widget elementor-widget-heading\" data-id=\"2b22d9c\" data-element_type=\"widget\" data-e-type=\"widget\" data-widget_type=\"heading.default\">\n\t\t\t\t<div class=\"elementor-widget-container\">\n\t\t\t\t\t<h2 class=\"elementor-heading-title elementor-size-default\">Von Marrakesch zum Flughafen Marrakesch<\/h2>\t\t\t\t<\/div>\n\t\t\t\t<\/div>\n\t\t\t\t<div class=\"elementor-element elementor-element-50738bc elementor-widget elementor-widget-text-editor\" data-id=\"50738bc\" data-element_type=\"widget\" data-e-type=\"widget\" data-widget_type=\"text-editor.default\">\n\t\t\t\t<div class=\"elementor-widget-container\">\n\t\t\t\t\t\t\t\t\t<p>Wenn Sie mit gro\u00dfem Gep\u00e4ck reisen oder den Flughafen von Marrakesch bequem in einem ger\u00e4umigen und angenehmen Fahrzeug erreichen m\u00f6chten, ist ein Taxi zweifellos die beste Wahl! Sie k\u00f6nnen Ihr Taxi im Voraus bei einem spezialisierten Unternehmen buchen oder direkt von einem offiziellen Halteplatz aus eines ausleihen, wie bei einem <a href=\"https:\/\/airport-marrakech.com\/de\/transport\/taxi\/\">Taxi zum Flughafen Marrakesch<\/a> So wird ein sicherer und bequemer Transfer gew\u00e4hrleistet. Die Fahrt zum internationalen Flughafen von Marrakesch dauert etwa <strong>20 bis 30 Minuten <\/strong>Je nach Verkehrslage und Startpunkt k\u00f6nnen Sie mit einer Geb\u00fchr rechnen. In der Regel k\u00f6nnen Sie damit rechnen, etwa <strong>150 Dirhams (ca. 14\u20ac) <\/strong>f\u00fcr diese Fahrt, unabh\u00e4ngig von der Uhrzeit, da die kleinen roten Taxis mit einem Taxameter arbeiten. Wenn Sie sich jedoch f\u00fcr einen privaten Transfer oder einen Luxusservice entscheiden, k\u00f6nnen die Preise bis zu <strong>300 Dirhams (ca. 28\u20ac) <\/strong>oder mehr, bieten aber einen h\u00f6heren Komfort und mehr Bequemlichkeit.<\/p>\t\t\t\t\t\t\t\t<\/div>\n\t\t\t\t<\/div>\n\t\t\t\t<div class=\"elementor-element elementor-element-a9429c6 elementor-widget elementor-widget-heading\" data-id=\"a9429c6\" data-element_type=\"widget\" data-e-type=\"widget\" data-widget_type=\"heading.default\">\n\t\t\t\t<div class=\"elementor-widget-container\">\n\t\t\t\t\t<h2 class=\"elementor-heading-title elementor-size-default\">FAQ <\/h2>\t\t\t\t<\/div>\n\t\t\t\t<\/div>\n\t\t\t\t<div class=\"elementor-element elementor-element-c754e31 elementor-widget elementor-widget-heading\" data-id=\"c754e31\" data-element_type=\"widget\" data-e-type=\"widget\" data-widget_type=\"heading.default\">\n\t\t\t\t<div class=\"elementor-widget-container\">\n\t\t\t\t\t<h3 class=\"elementor-heading-title elementor-size-default\">Wie weit ist der Flughafen Marrakesch vom Stadtzentrum entfernt?<\/h3>\t\t\t\t<\/div>\n\t\t\t\t<\/div>\n\t\t\t\t<div class=\"elementor-element elementor-element-5027b02 elementor-widget elementor-widget-text-editor\" data-id=\"5027b02\" data-element_type=\"widget\" data-e-type=\"widget\" data-widget_type=\"text-editor.default\">\n\t\t\t\t<div class=\"elementor-widget-container\">\n\t\t\t\t\t\t\t\t\t<p>Der Flughafen Marrakesch-Menara liegt etwa 6 km vom historischen Zentrum der Stadt entfernt, insbesondere vom ber\u00fchmten Platz Jemaa el-Fna. Mit dem Auto dauert die Fahrt durchschnittlich 15 bis 20 Minuten, sofern der Verkehr fl\u00fcssig ist. Zu Sto\u00dfzeiten kann sich diese Zeit jedoch aufgrund des starken Stadtverkehrs leicht verl\u00e4ngern, insbesondere auf den Hauptverkehrsachsen, die in die Medina und die Touristenviertel f\u00fchren.<\/p>\t\t\t\t\t\t\t\t<\/div>\n\t\t\t\t<\/div>\n\t\t\t\t<div class=\"elementor-element elementor-element-235dc49 elementor-widget elementor-widget-heading\" data-id=\"235dc49\" data-element_type=\"widget\" data-e-type=\"widget\" data-widget_type=\"heading.default\">\n\t\t\t\t<div class=\"elementor-widget-container\">\n\t\t\t\t\t<h3 class=\"elementor-heading-title elementor-size-default\">Wie viel kostet ein Taxi vom Flughafen Marrakesch in die Medina?<\/h3>\t\t\t\t<\/div>\n\t\t\t\t<\/div>\n\t\t\t\t<div class=\"elementor-element elementor-element-d9d1d5b elementor-widget elementor-widget-text-editor\" data-id=\"d9d1d5b\" data-element_type=\"widget\" data-e-type=\"widget\" data-widget_type=\"text-editor.default\">\n\t\t\t\t<div class=\"elementor-widget-container\">\n\t\t\t\t\t\t\t\t\t<p>Im Gegensatz zu den Taxis in anderen Gro\u00dfst\u00e4dten haben die Taxis am Flughafen Marrakesch-Menara keine Taxameter, was bedeutet, dass die Preise nicht feststehen und vor der Abfahrt verhandelt werden m\u00fcssen. Im Allgemeinen liegt der Preis f\u00fcr eine Fahrt ins Stadtzentrum zwischen 70 und 100 MAD (6,40\u20ac - 9,15\u20ac \/ 7,00$ - 10,00$), abh\u00e4ngig vom genauen Zielort und den Verkehrsbedingungen.<\/p><p>Die Preise sind tags\u00fcber und nachts nicht dieselben, aber es ist ratsam, den Preis mit dem Fahrer im Voraus zu vereinbaren, um b\u00f6se \u00dcberraschungen zu vermeiden. F\u00fcr mehr Ruhe k\u00f6nnen Sie sich auch f\u00fcr einen privaten Transfer mit einem Festpreis und einem bequemeren Service entscheiden.<\/p>\t\t\t\t\t\t\t\t<\/div>\n\t\t\t\t<\/div>\n\t\t\t\t\t<\/div>\n\t\t<\/div>\n\t\t\t\t<div class=\"elementor-column elementor-col-50 elementor-top-column elementor-element elementor-element-4b56e3a9\" data-id=\"4b56e3a9\" data-element_type=\"column\" data-e-type=\"column\" data-settings=\"{&quot;background_background&quot;:&quot;classic&quot;}\">\n\t\t\t<div class=\"elementor-widget-wrap\">\n\t\t\t\t\t\t\t<\/div>\n\t\t<\/div>\n\t\t\t\t\t<\/div>\n\t\t<\/section>\n\t\t\t\t<\/div>","protected":false},"excerpt":{"rendered":"<p>Transferts de l&rsquo;a\u00e9roport de Marrakech au centre-ville (M\u00e9dina) Aeorport Marrakech Menara &gt; Transport\u00a0 \u00a0&gt; A\u00e9roport au centre-ville (M\u00e9dina) Options de transfert de l&rsquo;a\u00e9roport de Marrakech Menara au centre-ville de Marrakech (M\u00e9dina\/ Jemaa el-Fna) L&rsquo;a\u00e9roport international de Marrakech-Menara est parfaitement reli\u00e9 au centre-ville de Marrakech gr\u00e2ce \u00e0 divers moyens de transport, notamment les taxis, les bus [&hellip;]<\/p>\n","protected":false},"author":1,"featured_media":0,"parent":113,"menu_order":0,"comment_status":"closed","ping_status":"closed","template":"","meta":{"footnotes":""},"class_list":["post-1774","page","type-page","status-publish","hentry"],"_links":{"self":[{"href":"https:\/\/airport-marrakech.com\/de\/wp-json\/wp\/v2\/pages\/1774","targetHints":{"allow":["GET"]}}],"collection":[{"href":"https:\/\/airport-marrakech.com\/de\/wp-json\/wp\/v2\/pages"}],"about":[{"href":"https:\/\/airport-marrakech.com\/de\/wp-json\/wp\/v2\/types\/page"}],"author":[{"embeddable":true,"href":"https:\/\/airport-marrakech.com\/de\/wp-json\/wp\/v2\/users\/1"}],"replies":[{"embeddable":true,"href":"https:\/\/airport-marrakech.com\/de\/wp-json\/wp\/v2\/comments?post=1774"}],"version-history":[{"count":13,"href":"https:\/\/airport-marrakech.com\/de\/wp-json\/wp\/v2\/pages\/1774\/revisions"}],"predecessor-version":[{"id":1839,"href":"https:\/\/airport-marrakech.com\/de\/wp-json\/wp\/v2\/pages\/1774\/revisions\/1839"}],"up":[{"embeddable":true,"href":"https:\/\/airport-marrakech.com\/de\/wp-json\/wp\/v2\/pages\/113"}],"wp:attachment":[{"href":"https:\/\/airport-marrakech.com\/de\/wp-json\/wp\/v2\/media?parent=1774"}],"curies":[{"name":"wp","href":"https:\/\/api.w.org\/{rel}","templated":true}]}}