{"id":254,"date":"2024-09-20T18:45:32","date_gmt":"2024-09-20T18:45:32","guid":{"rendered":"https:\/\/airport-marrakech.com\/?page_id=254"},"modified":"2025-10-20T13:26:42","modified_gmt":"2025-10-20T13:26:42","slug":"taxi","status":"publish","type":"page","link":"https:\/\/airport-marrakech.com\/de\/transport\/taxi\/","title":{"rendered":"Taxi Flughafen"},"content":{"rendered":"<div data-elementor-type=\"wp-page\" data-elementor-id=\"254\" class=\"elementor elementor-254\" data-elementor-post-type=\"page\">\n\t\t\t\t\t\t<section class=\"elementor-section elementor-top-section elementor-element elementor-element-560def9f elementor-section-height-min-height elementor-section-boxed elementor-section-height-default elementor-section-items-middle\" data-id=\"560def9f\" data-element_type=\"section\" data-e-type=\"section\" data-settings=\"{&quot;background_background&quot;:&quot;classic&quot;}\">\n\t\t\t\t\t\t\t<div class=\"elementor-background-overlay\"><\/div>\n\t\t\t\t\t\t\t<div class=\"elementor-container elementor-column-gap-default\">\n\t\t\t\t\t<div class=\"elementor-column elementor-col-100 elementor-top-column elementor-element elementor-element-65c5d5e8\" data-id=\"65c5d5e8\" data-element_type=\"column\" data-e-type=\"column\">\n\t\t\t<div class=\"elementor-widget-wrap elementor-element-populated\">\n\t\t\t\t\t\t<div class=\"elementor-element elementor-element-58428f33 elementor-widget elementor-widget-heading\" data-id=\"58428f33\" data-element_type=\"widget\" data-e-type=\"widget\" data-widget_type=\"heading.default\">\n\t\t\t\t<div class=\"elementor-widget-container\">\n\t\t\t\t\t<h1 class=\"elementor-heading-title elementor-size-default\">Taxi Flughafen Marrakesch<\/h1>\t\t\t\t<\/div>\n\t\t\t\t<\/div>\n\t\t\t\t<div class=\"elementor-element elementor-element-4e9a4b5f elementor-widget elementor-widget-heading\" data-id=\"4e9a4b5f\" data-element_type=\"widget\" data-e-type=\"widget\" data-widget_type=\"heading.default\">\n\t\t\t\t<div class=\"elementor-widget-container\">\n\t\t\t\t\t<p class=\"elementor-heading-title elementor-size-default\">Alle Informationen \u00fcber Taxitarife und -preise, Taxist\u00e4nde und beliebte Routen\n\n<\/p>\t\t\t\t<\/div>\n\t\t\t\t<\/div>\n\t\t\t\t<div class=\"elementor-element elementor-element-b8c40a3 elementor-align-center elementor-widget elementor-widget-button\" data-id=\"b8c40a3\" data-element_type=\"widget\" data-e-type=\"widget\" data-widget_type=\"button.default\">\n\t\t\t\t<div class=\"elementor-widget-container\">\n\t\t\t\t\t\t\t\t\t<div class=\"elementor-button-wrapper\">\n\t\t\t\t\t<a class=\"elementor-button elementor-button-link elementor-size-sm elementor-animation-grow\" href=\"#Reservez-taxi\">\n\t\t\t\t\t\t<span class=\"elementor-button-content-wrapper\">\n\t\t\t\t\t\t\t\t\t<span class=\"elementor-button-text\">Buchen Sie im Voraus Ihre Transfers<\/span>\n\t\t\t\t\t<\/span>\n\t\t\t\t\t<\/a>\n\t\t\t\t<\/div>\n\t\t\t\t\t\t\t\t<\/div>\n\t\t\t\t<\/div>\n\t\t\t\t<div class=\"elementor-element elementor-element-3ea0628 elementor-view-default elementor-invisible elementor-widget elementor-widget-icon\" data-id=\"3ea0628\" data-element_type=\"widget\" data-e-type=\"widget\" data-settings=\"{&quot;_animation&quot;:&quot;fadeInDown&quot;,&quot;_animation_delay&quot;:500}\" data-widget_type=\"icon.default\">\n\t\t\t\t<div class=\"elementor-widget-container\">\n\t\t\t\t\t\t\t<div class=\"elementor-icon-wrapper\">\n\t\t\t<div class=\"elementor-icon\">\n\t\t\t<svg aria-hidden=\"true\" class=\"e-font-icon-svg e-fas-chevron-down\" viewbox=\"0 0 448 512\" xmlns=\"http:\/\/www.w3.org\/2000\/svg\"><path d=\"M207.029 381.476L12.686 187.132c-9.373-9.373-9.373-24.569 0-33.941l22.667-22.667c9.357-9.357 24.522-9.375 33.901-.04L224 284.505l154.745-154.021c9.379-9.335 24.544-9.317 33.901.04l22.667 22.667c9.373 9.373 9.373 24.569 0 33.941L240.971 381.476c-9.373 9.372-24.569 9.372-33.942 0z\"><\/path><\/svg>\t\t\t<\/div>\n\t\t<\/div>\n\t\t\t\t\t\t<\/div>\n\t\t\t\t<\/div>\n\t\t\t\t\t<\/div>\n\t\t<\/div>\n\t\t\t\t\t<\/div>\n\t\t<\/section>\n\t\t\t\t<section class=\"elementor-section elementor-top-section elementor-element elementor-element-5a5eef55 elementor-section-content-middle elementor-section-boxed elementor-section-height-default elementor-section-height-default\" data-id=\"5a5eef55\" data-element_type=\"section\" data-e-type=\"section\">\n\t\t\t\t\t\t<div class=\"elementor-container elementor-column-gap-default\">\n\t\t\t\t\t<div class=\"elementor-column elementor-col-50 elementor-top-column elementor-element elementor-element-d687afe\" data-id=\"d687afe\" data-element_type=\"column\" data-e-type=\"column\">\n\t\t\t<div class=\"elementor-widget-wrap elementor-element-populated\">\n\t\t\t\t\t\t<div class=\"elementor-element elementor-element-5f384c6 elementor-widget elementor-widget-text-editor\" data-id=\"5f384c6\" data-element_type=\"widget\" data-e-type=\"widget\" data-widget_type=\"text-editor.default\">\n\t\t\t\t<div class=\"elementor-widget-container\">\n\t\t\t\t\t\t\t\t\t<p><strong><a href=\"https:\/\/airport-marrakech.com\/de\/\">Flughafen Marrakech Menara<\/a><\/strong> &gt;<a href=\"https:\/\/airport-marrakech.com\/de\/transport\/\"> Transport<\/a>\u00a0 \u00a0&gt; Taxis<\/p>\t\t\t\t\t\t\t\t<\/div>\n\t\t\t\t<\/div>\n\t\t\t\t<div class=\"elementor-element elementor-element-9a5997e elementor-widget elementor-widget-heading\" data-id=\"9a5997e\" data-element_type=\"widget\" data-e-type=\"widget\" data-widget_type=\"heading.default\">\n\t\t\t\t<div class=\"elementor-widget-container\">\n\t\t\t\t\t<h2 class=\"elementor-heading-title elementor-size-default\">Warum Sie am Flughafen Marrakesch ein Taxi nehmen sollten<\/h2>\t\t\t\t<\/div>\n\t\t\t\t<\/div>\n\t\t\t\t<div class=\"elementor-element elementor-element-53c71dc elementor-widget elementor-widget-text-editor\" data-id=\"53c71dc\" data-element_type=\"widget\" data-e-type=\"widget\" data-widget_type=\"text-editor.default\">\n\t\t\t\t<div class=\"elementor-widget-container\">\n\t\t\t\t\t\t\t\t\t<p>Mit einem Taxi vom Flughafen Marrakesch reisen Sie garantiert komfortabel und stilvoll. Die Taxis in Marrakesch sind nicht wie in Istanbul in Kategorien eingeteilt, bieten aber dennoch einen bequemen und zuverl\u00e4ssigen Service. Die offiziellen Flughafentaxis sind an ihrer beigen Farbe erkennbar. Diese Taxis sind rund um die Uhr verf\u00fcgbar und bringen Sie direkt zu Ihrem Ziel, sei es ein Hotel, ein G\u00e4stehaus oder eine andere Adresse.<\/p><p>Die Taxis am Flughafen Marrakesch bieten <strong>T\u00fcr-zu-T\u00fcr-Dienste<\/strong>Dies ist in einer Stadt, in der die Medina f\u00fcr Neuank\u00f6mmlinge schwer zu navigieren sein kann, sehr wichtig. Die Preise richten sich in der Regel nach dem Zielort und variieren zwischen <strong>100 und 150 MAD<\/strong> um ins Stadtzentrum oder zum Bahnhof von Marrakesch zu gelangen. Es ist jedoch ratsam, den Tarif vor dem Einsteigen mit dem Fahrer abzusprechen, um \u00dcberraschungen zu vermeiden.<\/p><p>Obwohl der Verkehr in Marrakesch nicht so stark ist wie in Istanbul, kann es je nach Sto\u00dfzeit zu Verz\u00f6gerungen kommen, vor allem am Eingang zum Stadtzentrum.<\/p>\t\t\t\t\t\t\t\t<\/div>\n\t\t\t\t<\/div>\n\t\t\t\t<div class=\"elementor-element elementor-element-c0e638c elementor-widget elementor-widget-image\" data-id=\"c0e638c\" data-element_type=\"widget\" data-e-type=\"widget\" data-widget_type=\"image.default\">\n\t\t\t\t<div class=\"elementor-widget-container\">\n\t\t\t\t\t\t\t\t\t\t\t\t\t\t\t<img fetchpriority=\"high\" decoding=\"async\" width=\"670\" height=\"446\" src=\"https:\/\/airport-marrakech.com\/wp-content\/uploads\/2024\/09\/taxi-aeroport-marrakech.jpg\" class=\"attachment-large size-large wp-image-256\" alt=\"taxi flughafen marrakech\" srcset=\"https:\/\/airport-marrakech.com\/wp-content\/uploads\/2024\/09\/taxi-aeroport-marrakech.jpg 670w, https:\/\/airport-marrakech.com\/wp-content\/uploads\/2024\/09\/taxi-aeroport-marrakech-300x200.jpg 300w\" sizes=\"(max-width: 670px) 100vw, 670px\" \/>\t\t\t\t\t\t\t\t\t\t\t\t\t\t\t<\/div>\n\t\t\t\t<\/div>\n\t\t\t\t<div class=\"elementor-element elementor-element-9b81026 elementor-widget elementor-widget-heading\" data-id=\"9b81026\" data-element_type=\"widget\" data-e-type=\"widget\" data-widget_type=\"heading.default\">\n\t\t\t\t<div class=\"elementor-widget-container\">\n\t\t\t\t\t<h2 class=\"elementor-heading-title elementor-size-default\">Tarife und Preise f\u00fcr Taxis am Flughafen Marrakesch<\/h2>\t\t\t\t<\/div>\n\t\t\t\t<\/div>\n\t\t\t\t<div class=\"elementor-element elementor-element-5f532f7 elementor-widget elementor-widget-text-editor\" data-id=\"5f532f7\" data-element_type=\"widget\" data-e-type=\"widget\" data-widget_type=\"text-editor.default\">\n\t\t\t\t<div class=\"elementor-widget-container\">\n\t\t\t\t\t\t\t\t\t<p>Die Taxis am Flughafen Marrakesch arbeiten mit festen Tarifen f\u00fcr Fahrten zu den wichtigsten Zielen in der Stadt, im Gegensatz zu den Taxis mit Taxameter, die in anderen St\u00e4dten wie Istanbul verwendet werden. Fahrten vom Flughafen Marrakesch ins Stadtzentrum, in die Medina oder zum Bahnhof kosten in der Regel zwischen <strong>100 und 150 MAD<\/strong> (ungef\u00e4hr <strong>9 \u00e0 14\u20ac<\/strong>), abh\u00e4ngig von der Tageszeit und dem genauen Ziel.<\/p><p>Taxis in Marrakesch berechnen keine zus\u00e4tzlichen Geb\u00fchren f\u00fcr den Verkehr und die Stra\u00dfen sind nicht wie in Istanbul mautpflichtig. Es ist jedoch immer ratsam, vor Fahrtantritt mit dem Fahrer den Tarif zu vereinbaren. Die Fahrt vom Flughafen zum Jemaa el-Fna-Platz dauert etwa <strong>15 bis 20 Minuten<\/strong>Die meisten Menschen sind in der Lage, sich zu bewegen.<\/p><p>Auch wenn in Marrakesch keine so gro\u00dfen Staus wie in Istanbul herrschen, ist es immer ratsam, w\u00e4hrend der Hauptverkehrszeiten etwas mehr Zeit einzuplanen, um unerwartete Versp\u00e4tungen zu vermeiden.<\/p>\t\t\t\t\t\t\t\t<\/div>\n\t\t\t\t<\/div>\n\t\t\t\t<div class=\"elementor-element elementor-element-c396259 elementor-widget elementor-widget-text-editor\" data-id=\"c396259\" data-element_type=\"widget\" data-e-type=\"widget\" data-widget_type=\"text-editor.default\">\n\t\t\t\t<div class=\"elementor-widget-container\">\n\t\t\t\t\t\t\t\t\t<p>Wir haben f\u00fcr Ihren Transfer vom Flughafen Marrakesch eines der zuverl\u00e4ssigsten und am besten bewerteten Taxiunternehmen ausgew\u00e4hlt. Dies geht aus den Nutzerbewertungen auf Plattformen wie Google, Tripadvisor und Trustpilot hervor. <a href=\"https:\/\/taxi-marrakech-airport.com\/\" target=\"_blank\" rel=\"noopener\">Taxico<\/a> und <a href=\"https:\/\/marrakech-airport-taxi.com\/\" target=\"_blank\" rel=\"noopener\">Marrakech Airport Taxi<\/a> garantiert ein au\u00dfergew\u00f6hnliches Reiseerlebnis in Kombination mit optimaler Sicherheit.<\/p><ul><li>Englischsprachige lokale Fahrer<\/li><li>Fest- und Prepaid-Tarife<\/li><li>Verfolgung von Fl\u00fcgen in Echtzeit bei Versp\u00e4tungen<\/li><li>24-Stunden-Kundensupport und kostenlose Stornierung<\/li><\/ul><p>Mit <strong>Taxico<\/strong>Wenn Sie in Marrakesch ankommen, erhalten Sie einen sorglosen Transfer, der genau auf Ihre Bed\u00fcrfnisse zugeschnitten ist.<\/p>\t\t\t\t\t\t\t\t<\/div>\n\t\t\t\t<\/div>\n\t\t\t\t<div class=\"elementor-element elementor-element-5b5425b elementor-align-left elementor-widget elementor-widget-button\" data-id=\"5b5425b\" data-element_type=\"widget\" data-e-type=\"widget\" data-widget_type=\"button.default\">\n\t\t\t\t<div class=\"elementor-widget-container\">\n\t\t\t\t\t\t\t\t\t<div class=\"elementor-button-wrapper\">\n\t\t\t\t\t<a class=\"elementor-button elementor-button-link elementor-size-sm elementor-animation-grow\" href=\"#Reservez-taxi\">\n\t\t\t\t\t\t<span class=\"elementor-button-content-wrapper\">\n\t\t\t\t\t\t\t\t\t<span class=\"elementor-button-text\">Buchen Sie Ein Taxi Jetzt<\/span>\n\t\t\t\t\t<\/span>\n\t\t\t\t\t<\/a>\n\t\t\t\t<\/div>\n\t\t\t\t\t\t\t\t<\/div>\n\t\t\t\t<\/div>\n\t\t\t\t<div class=\"elementor-element elementor-element-91d42cd elementor-widget elementor-widget-heading\" data-id=\"91d42cd\" data-element_type=\"widget\" data-e-type=\"widget\" data-widget_type=\"heading.default\">\n\t\t\t\t<div class=\"elementor-widget-container\">\n\t\t\t\t\t<h2 class=\"elementor-heading-title elementor-size-default\">Taxikosten vom Flughafen Marrakesch zu beliebten Zielen<\/h2>\t\t\t\t<\/div>\n\t\t\t\t<\/div>\n\t\t\t\t<div class=\"elementor-element elementor-element-3ad0058 elementor-widget elementor-widget-text-editor\" data-id=\"3ad0058\" data-element_type=\"widget\" data-e-type=\"widget\" data-widget_type=\"text-editor.default\">\n\t\t\t\t<div class=\"elementor-widget-container\">\n\t\t\t\t\t\t\t\t\t<p>Hier finden Sie eine \u00dcbersicht \u00fcber die Taxipreise vom Flughafen Marrakesch zu den beliebtesten Zielen in der Stadt (in offiziellen Taxis) :<\/p>\t\t\t\t\t\t\t\t<\/div>\n\t\t\t\t<\/div>\n\t\t\t\t<div class=\"elementor-element elementor-element-f148941 elementor-widget elementor-widget-html\" data-id=\"f148941\" data-element_type=\"widget\" data-e-type=\"widget\" data-widget_type=\"html.default\">\n\t\t\t\t<div class=\"elementor-widget-container\">\n\t\t\t\t\t<table border=\"1\" cellpadding=\"10\" cellspacing=\"0\">  \r\n  <caption><strong>Taxikosten vom Flughafen Marrakesch zu beliebten Zielen<\/strong><\/caption>  \r\n  <thead>    \r\n    <tr>      \r\n      <th>Destination<\/th>      \r\n      <th>Preis (in MAD)<\/th>      \r\n      <th>Gesch\u00e4tzte Dauer<\/th>    \r\n    <\/tr>  \r\n  <\/thead>  \r\n  <tbody>    \r\n    <tr>      \r\n      <td>Platz Jemaa el-Fna (Medina)<\/td>      \r\n      <td>170 - 200 MAD<\/td>      \r\n      <td>15 bis 20 Minuten<\/td>    \r\n    <\/tr>    \r\n    <tr>      \r\n      <td>Bahnhof Marrakesch (ONCF)<\/td>      \r\n      <td>180 - 200 MAD<\/td>      \r\n      <td>15 bis 20 Minuten<\/td>    \r\n    <\/tr>    \r\n    <tr>      \r\n      <td>Gu\u00e9liz<\/td>      \r\n      <td>180 - 200 MAD<\/td>      \r\n      <td>10 bis 15 Minuten<\/td>    \r\n    <\/tr>    \r\n    <tr>      \r\n      <td>Palmenhain<\/td>      \r\n      <td>200 - 250 MAD<\/td>      \r\n      <td>25 bis 30 Minuten<\/td>    \r\n    <\/tr>    \r\n    <tr>      \r\n      <td>Agdal<\/td>      \r\n      <td>180 - 200 MAD<\/td>      \r\n      <td>15 bis 20 Minuten<\/td>    \r\n    <\/tr>    \r\n    <tr>      \r\n      <td>Essaouira<\/td>      \r\n      <td>900 - 1200 MAD<\/td>      \r\n      <td>2:30 Uhr bis 3:00 Uhr<\/td>    \r\n    <\/tr>  \r\n  <\/tbody>\r\n<\/table>\r\n\t\t\t\t<\/div>\n\t\t\t\t<\/div>\n\t\t\t\t<div class=\"elementor-element elementor-element-1c973e2 elementor-widget elementor-widget-heading\" data-id=\"1c973e2\" data-element_type=\"widget\" data-e-type=\"widget\" data-widget_type=\"heading.default\">\n\t\t\t\t<div class=\"elementor-widget-container\">\n\t\t\t\t\t<h2 class=\"elementor-heading-title elementor-size-default\">Wo befindet sich der Taxistand am Flughafen Marrakesch?<\/h2>\t\t\t\t<\/div>\n\t\t\t\t<\/div>\n\t\t\t\t<div class=\"elementor-element elementor-element-c3c07a3 elementor-widget elementor-widget-text-editor\" data-id=\"c3c07a3\" data-element_type=\"widget\" data-e-type=\"widget\" data-widget_type=\"text-editor.default\">\n\t\t\t\t<div class=\"elementor-widget-container\">\n\t\t\t\t\t\t\t\t\t<p>Der Taxistand am Flughafen Marrakesch-Menara befindet sich direkt am Ausgang des Ankunftsterminals. Er ist gut ausgeschildert und f\u00fcr Reisende leicht zu erreichen. Sobald Sie die Ankunftshalle verlassen, sehen Sie mehrere offizielle beigefarbene Taxis, die aufgereiht sind und bereitstehen, um Sie zu Ihrem Ziel zu bringen, sei es das Stadtzentrum, die Medina oder andere interessante Punkte in Marrakesch.<\/p>\t\t\t\t\t\t\t\t<\/div>\n\t\t\t\t<\/div>\n\t\t\t\t<div class=\"elementor-element elementor-element-2b22d9c elementor-widget elementor-widget-heading\" data-id=\"2b22d9c\" data-element_type=\"widget\" data-e-type=\"widget\" data-widget_type=\"heading.default\">\n\t\t\t\t<div class=\"elementor-widget-container\">\n\t\t\t\t\t<h2 class=\"elementor-heading-title elementor-size-default\">Taxi vom Flughafen Marrakesch zum Hotel<\/h2>\t\t\t\t<\/div>\n\t\t\t\t<\/div>\n\t\t\t\t<div class=\"elementor-element elementor-element-50738bc elementor-widget elementor-widget-text-editor\" data-id=\"50738bc\" data-element_type=\"widget\" data-e-type=\"widget\" data-widget_type=\"text-editor.default\">\n\t\t\t\t<div class=\"elementor-widget-container\">\n\t\t\t\t\t\t\t\t\t<p>Die Taxis am Flughafen Marrakesch-Menara sind eine schnelle und bequeme L\u00f6sung, um nach Ihrer Ankunft direkt zu Ihrem Hotel zu gelangen. Am Ausgang des Ankunftsterminals finden Sie leicht beigefarbene offizielle Taxis, die aufgereiht bereitstehen, um Sie an jeden gew\u00fcnschten Ort zu bringen. F\u00fcr eine Fahrt ins Stadtzentrum oder in die Medina m\u00fcssen Sie mit Kosten zwischen <strong>100 und 150 MAD<\/strong> (d.h. etwa <strong>9 \u00e0 14\u20ac<\/strong>), abh\u00e4ngig von der Entfernung und der Tageszeit.<\/p><p>Diese Taxis sind zu jeder Tageszeit verf\u00fcgbar und bieten Flexibilit\u00e4t, egal ob Sie fr\u00fch am Morgen oder sp\u00e4t am Abend ankommen. Au\u00dferdem setzen sie Sie direkt an der T\u00fcr Ihres Hotels ab, sodass Ihr Transfer einfach und problemlos ist, was besonders praktisch ist, wenn Sie Gep\u00e4ck dabei haben. Um \u00dcberraschungen zu vermeiden, sollten Sie den Preis f\u00fcr die Fahrt vor der Abfahrt mit dem Fahrer best\u00e4tigen.<\/p>\t\t\t\t\t\t\t\t<\/div>\n\t\t\t\t<\/div>\n\t\t\t\t<div class=\"elementor-element elementor-element-ad7a310 elementor-widget elementor-widget-heading\" data-id=\"ad7a310\" data-element_type=\"widget\" data-e-type=\"widget\" data-widget_type=\"heading.default\">\n\t\t\t\t<div class=\"elementor-widget-container\">\n\t\t\t\t\t<h2 class=\"elementor-heading-title elementor-size-default\">Tipps f\u00fcr die Taxifahrt vom Flughafen Marrakesch<\/h2>\t\t\t\t<\/div>\n\t\t\t\t<\/div>\n\t\t\t\t<div class=\"elementor-element elementor-element-082a4f4 elementor-widget elementor-widget-text-editor\" data-id=\"082a4f4\" data-element_type=\"widget\" data-e-type=\"widget\" data-widget_type=\"text-editor.default\">\n\t\t\t\t<div class=\"elementor-widget-container\">\n\t\t\t\t\t\t\t\t\t<p>Die meisten Taxifahrer in Marrakesch bevorzugen Barzahlungen und akzeptieren oft keine Kredit- oder Debitkarten. Es ist daher ratsam, marokkanische Dirham mit sich zu f\u00fchren. Auch wenn einige Taxis Zahlungen in Euro akzeptieren, kann es sein, dass der Wechselkurs ung\u00fcnstig ist.<\/p><p>Hier sind einige n\u00fctzliche Tipps f\u00fcr Ihre Taxifahrt in Marrakesch :<\/p><ul><li>Der Fahrpreis wird im Gegensatz zu den in anderen St\u00e4dten verwendeten Taxis mit Taxameter im Voraus festgelegt. Achten Sie darauf, den Preis mit dem Fahrer zu besprechen und zu best\u00e4tigen, bevor Sie Ihre Fahrt antreten.<\/li><li>Die Verwendung einer Navigationsanwendung kann hilfreich sein, um zu \u00fcberpr\u00fcfen, ob Ihr Fahrer die schnellste Route zu Ihrem Ziel nimmt.<\/li><li>Es ist nicht vorgeschrieben, ein Trinkgeld zu geben, aber das Aufrunden des Endpreises ist \u00fcblich.<\/li><li>Die Adresse Ihres Hotels oder Ziels in Franz\u00f6sisch oder Arabisch geschrieben zu haben, ist empfehlenswert, da einige Fahrer m\u00f6glicherweise kein Englisch sprechen.<\/li><li>W\u00e4hrend der Hauptverkehrszeiten (in der Regel von 8.00 bis 10.00 Uhr und von 17.00 bis 19.00 Uhr) sollten Sie kein Taxi nehmen, vor allem wenn Sie es eilig haben oder \u00fcber ein begrenztes Budget verf\u00fcgen, da der Verkehr zu diesen Zeiten sehr dicht sein kann.<\/li><li>Vertrauen Sie nie Personen, die informell Taxidienste anbieten. Nehmen Sie Ihr Taxi immer an offiziellen Taxist\u00e4nden oder \u00fcber eine App.<\/li><\/ul><p>Wenn Sie lieber im Voraus buchen m\u00f6chten, sind Seiten wie <strong>Taxico<\/strong> \u00a0ist das beliebteste Taxi in Marrakesch und erm\u00f6glicht Ihnen die einfache Bestellung und Online-Bezahlung von Taxis \u00fcber Ihr Smartphone.<\/p>\t\t\t\t\t\t\t\t<\/div>\n\t\t\t\t<\/div>\n\t\t\t\t<div class=\"elementor-element elementor-element-a9429c6 elementor-widget elementor-widget-heading\" data-id=\"a9429c6\" data-element_type=\"widget\" data-e-type=\"widget\" data-widget_type=\"heading.default\">\n\t\t\t\t<div class=\"elementor-widget-container\">\n\t\t\t\t\t<h2 class=\"elementor-heading-title elementor-size-default\">FAQ <\/h2>\t\t\t\t<\/div>\n\t\t\t\t<\/div>\n\t\t\t\t<div class=\"elementor-element elementor-element-c754e31 elementor-widget elementor-widget-heading\" data-id=\"c754e31\" data-element_type=\"widget\" data-e-type=\"widget\" data-widget_type=\"heading.default\">\n\t\t\t\t<div class=\"elementor-widget-container\">\n\t\t\t\t\t<h3 class=\"elementor-heading-title elementor-size-default\">Wie viel kostet ein Taxi vom Flughafen Marrakesch nach Gueliz?<\/h3>\t\t\t\t<\/div>\n\t\t\t\t<\/div>\n\t\t\t\t<div class=\"elementor-element elementor-element-5027b02 elementor-widget elementor-widget-text-editor\" data-id=\"5027b02\" data-element_type=\"widget\" data-e-type=\"widget\" data-widget_type=\"text-editor.default\">\n\t\t\t\t<div class=\"elementor-widget-container\">\n\t\t\t\t\t\t\t\t\t<p>Ein Taxi vom Flughafen Marrakesch-Menara nach Gu\u00e9liz kostet in der Regel zwischen <strong>100 und 150 MAD<\/strong> (ungef\u00e4hr <strong>9 \u00e0 14\u20ac<\/strong>). Der Fahrpreis kann je nach Tageszeit oder Verkehrsaufkommen leicht variieren, aber es ist ratsam, den Preis vor Fahrtantritt mit dem Fahrer zu vereinbaren. Die Fahrt dauert etwa <strong>15 bis 20 Minuten<\/strong>Je nach Verkehrsbedingungen<\/p>\t\t\t\t\t\t\t\t<\/div>\n\t\t\t\t<\/div>\n\t\t\t\t<div class=\"elementor-element elementor-element-235dc49 elementor-widget elementor-widget-heading\" data-id=\"235dc49\" data-element_type=\"widget\" data-e-type=\"widget\" data-widget_type=\"heading.default\">\n\t\t\t\t<div class=\"elementor-widget-container\">\n\t\t\t\t\t<h3 class=\"elementor-heading-title elementor-size-default\">Wie viel kostet ein Taxi vom Flughafen Marrakesch zum Jemaa el Fna?<\/h3>\t\t\t\t<\/div>\n\t\t\t\t<\/div>\n\t\t\t\t<div class=\"elementor-element elementor-element-d9d1d5b elementor-widget elementor-widget-text-editor\" data-id=\"d9d1d5b\" data-element_type=\"widget\" data-e-type=\"widget\" data-widget_type=\"text-editor.default\">\n\t\t\t\t<div class=\"elementor-widget-container\">\n\t\t\t\t\t\t\t\t\t<p>Ein Taxi vom Flughafen Marrakesch-Menara zum Jemaa el-Fna-Platz kostet in der Regel zwischen <strong>100 und 150 MAD<\/strong> (ungef\u00e4hr <strong>9 \u00e0 14\u20ac<\/strong>). Die Fahrt dauert etwa <strong>15 bis 20 Minuten<\/strong>je nach Verkehrslage. Es ist ratsam, den Preis mit dem Fahrer zu vereinbaren, bevor Sie in das Taxi steigen, um Verwirrung zu vermeiden.<\/p>\t\t\t\t\t\t\t\t<\/div>\n\t\t\t\t<\/div>\n\t\t\t\t<div class=\"elementor-element elementor-element-cc29801 elementor-widget elementor-widget-heading\" data-id=\"cc29801\" data-element_type=\"widget\" data-e-type=\"widget\" data-widget_type=\"heading.default\">\n\t\t\t\t<div class=\"elementor-widget-container\">\n\t\t\t\t\t<h3 class=\"elementor-heading-title elementor-size-default\">Akzeptieren Taxis in Marrakesch Kreditkarten?<\/h3>\t\t\t\t<\/div>\n\t\t\t\t<\/div>\n\t\t\t\t<div class=\"elementor-element elementor-element-9af5546 elementor-widget elementor-widget-text-editor\" data-id=\"9af5546\" data-element_type=\"widget\" data-e-type=\"widget\" data-widget_type=\"text-editor.default\">\n\t\t\t\t<div class=\"elementor-widget-container\">\n\t\t\t\t\t\t\t\t\t<p>Taxis in Marrakesch nehmen in der Regel keine Kreditkarten an. Bezahlt wird fast ausschlie\u00dflich in bar, in <strong>marokkanische Dirhams<\/strong>. Es ist daher ratsam, gen\u00fcgend Bargeld bei sich zu haben, um Ihre Taxifahrt zu bezahlen. Wenn Sie Geld abheben m\u00fcssen, stehen Ihnen am Flughafen und an mehreren Orten in der Stadt Geldautomaten zur Verf\u00fcgung.<\/p>\t\t\t\t\t\t\t\t<\/div>\n\t\t\t\t<\/div>\n\t\t\t\t\t<\/div>\n\t\t<\/div>\n\t\t\t\t<div class=\"elementor-column elementor-col-50 elementor-top-column elementor-element elementor-element-4b56e3a9\" data-id=\"4b56e3a9\" data-element_type=\"column\" data-e-type=\"column\" data-settings=\"{&quot;background_background&quot;:&quot;classic&quot;}\">\n\t\t\t<div class=\"elementor-widget-wrap elementor-element-populated\">\n\t\t\t\t\t\t<div class=\"elementor-element elementor-element-91a9a53 elementor-widget elementor-widget-menu-anchor\" data-id=\"91a9a53\" data-element_type=\"widget\" data-e-type=\"widget\" data-widget_type=\"menu-anchor.default\">\n\t\t\t\t<div class=\"elementor-widget-container\">\n\t\t\t\t\t\t\t<div class=\"elementor-menu-anchor\" id=\"Reservez-taxi\"><\/div>\n\t\t\t\t\t\t<\/div>\n\t\t\t\t<\/div>\n\t\t\t\t<div class=\"elementor-element elementor-element-566942f elementor-widget elementor-widget-heading\" data-id=\"566942f\" data-element_type=\"widget\" data-e-type=\"widget\" data-widget_type=\"heading.default\">\n\t\t\t\t<div class=\"elementor-widget-container\">\n\t\t\t\t\t<h2 class=\"elementor-heading-title elementor-size-default\">Buchen Sie jetzt Ihr Taxi<\/h2>\t\t\t\t<\/div>\n\t\t\t\t<\/div>\n\t\t\t\t<div class=\"elementor-element elementor-element-bf6696e elementor-widget elementor-widget-shortcode\" data-id=\"bf6696e\" data-element_type=\"widget\" data-e-type=\"widget\" data-widget_type=\"shortcode.default\">\n\t\t\t\t<div class=\"elementor-widget-container\">\n\t\t\t\t\t\t\t<div class=\"elementor-shortcode\"><div id=\"welcomepickups\">\n\n<script type=\"text\/props\">\n\n{\n\n\"city_name\":\"marrakech\",\n\n\"partner_id\":\"63468\",\n\n\"locale\":\"fr\",\n\n\"\":\"\"\n\n}\n\n\n<\/script>\n\n<\/div>\n\n<script src=\" https:\/\/cdn.b2b.welcomepickups.com\/widget\/bundle.js\"><\/script><\/div>\n\t\t\t\t\t\t<\/div>\n\t\t\t\t<\/div>\n\t\t\t\t\t<\/div>\n\t\t<\/div>\n\t\t\t\t\t<\/div>\n\t\t<\/section>\n\t\t\t\t<\/div>","protected":false},"excerpt":{"rendered":"<p>Taxi Aeroport Marrakech Toutes les informations sur les tarifs et les prix des taxis, les stations de taxis et les itin\u00e9raires populaires R\u00e9servez \u00e0 L&rsquo;avance Vos Transferts Aeorport Marrakech Menara &gt; Transport\u00a0 \u00a0&gt; Taxis Pourquoi prendre un taxi \u00e0 l&rsquo;a\u00e9roport de Marrakech Avec un taxi de l&rsquo;a\u00e9roport de Marrakech, vous voyagerez assur\u00e9ment dans le confort [&hellip;]<\/p>\n","protected":false},"author":1,"featured_media":0,"parent":113,"menu_order":0,"comment_status":"closed","ping_status":"closed","template":"","meta":{"footnotes":""},"class_list":["post-254","page","type-page","status-publish","hentry"],"_links":{"self":[{"href":"https:\/\/airport-marrakech.com\/de\/wp-json\/wp\/v2\/pages\/254","targetHints":{"allow":["GET"]}}],"collection":[{"href":"https:\/\/airport-marrakech.com\/de\/wp-json\/wp\/v2\/pages"}],"about":[{"href":"https:\/\/airport-marrakech.com\/de\/wp-json\/wp\/v2\/types\/page"}],"author":[{"embeddable":true,"href":"https:\/\/airport-marrakech.com\/de\/wp-json\/wp\/v2\/users\/1"}],"replies":[{"embeddable":true,"href":"https:\/\/airport-marrakech.com\/de\/wp-json\/wp\/v2\/comments?post=254"}],"version-history":[{"count":87,"href":"https:\/\/airport-marrakech.com\/de\/wp-json\/wp\/v2\/pages\/254\/revisions"}],"predecessor-version":[{"id":3628,"href":"https:\/\/airport-marrakech.com\/de\/wp-json\/wp\/v2\/pages\/254\/revisions\/3628"}],"up":[{"embeddable":true,"href":"https:\/\/airport-marrakech.com\/de\/wp-json\/wp\/v2\/pages\/113"}],"wp:attachment":[{"href":"https:\/\/airport-marrakech.com\/de\/wp-json\/wp\/v2\/media?parent=254"}],"curies":[{"name":"wp","href":"https:\/\/api.w.org\/{rel}","templated":true}]}}