{"id":1576,"date":"2025-02-15T17:46:37","date_gmt":"2025-02-15T17:46:37","guid":{"rendered":"https:\/\/airport-marrakech.com\/?page_id=1576"},"modified":"2025-03-15T15:46:22","modified_gmt":"2025-03-15T15:46:22","slug":"taxis-marrakech","status":"publish","type":"page","link":"https:\/\/airport-marrakech.com\/en\/transport\/taxis-marrakech\/","title":{"rendered":"Information about cabs in Marrakech"},"content":{"rendered":"<div data-elementor-type=\"wp-page\" data-elementor-id=\"1576\" class=\"elementor elementor-1576\" data-elementor-post-type=\"page\">\n\t\t\t\t\t\t<section class=\"elementor-section elementor-top-section elementor-element elementor-element-560def9f elementor-section-height-min-height elementor-section-boxed elementor-section-height-default elementor-section-items-middle\" data-id=\"560def9f\" data-element_type=\"section\" data-e-type=\"section\" data-settings=\"{&quot;background_background&quot;:&quot;classic&quot;}\">\n\t\t\t\t\t\t\t<div class=\"elementor-background-overlay\"><\/div>\n\t\t\t\t\t\t\t<div class=\"elementor-container elementor-column-gap-default\">\n\t\t\t\t\t<div class=\"elementor-column elementor-col-100 elementor-top-column elementor-element elementor-element-65c5d5e8\" data-id=\"65c5d5e8\" data-element_type=\"column\" data-e-type=\"column\">\n\t\t\t<div class=\"elementor-widget-wrap elementor-element-populated\">\n\t\t\t\t\t\t<div class=\"elementor-element elementor-element-58428f33 elementor-widget elementor-widget-heading\" data-id=\"58428f33\" data-element_type=\"widget\" data-e-type=\"widget\" data-widget_type=\"heading.default\">\n\t\t\t\t<div class=\"elementor-widget-container\">\n\t\t\t\t\t<h1 class=\"elementor-heading-title elementor-size-default\">Taxis in Marrakech<\/h1>\t\t\t\t<\/div>\n\t\t\t\t<\/div>\n\t\t\t\t<div class=\"elementor-element elementor-element-4e9a4b5f elementor-widget elementor-widget-heading\" data-id=\"4e9a4b5f\" data-element_type=\"widget\" data-e-type=\"widget\" data-widget_type=\"heading.default\">\n\t\t\t\t<div class=\"elementor-widget-container\">\n\t\t\t\t\t<p class=\"elementor-heading-title elementor-size-default\">From Taxi Fares to General Guidelines about Taxis in Marrakech\n<\/p>\t\t\t\t<\/div>\n\t\t\t\t<\/div>\n\t\t\t\t<div class=\"elementor-element elementor-element-3ea0628 elementor-view-default elementor-invisible elementor-widget elementor-widget-icon\" data-id=\"3ea0628\" data-element_type=\"widget\" data-e-type=\"widget\" data-settings=\"{&quot;_animation&quot;:&quot;fadeInDown&quot;,&quot;_animation_delay&quot;:500}\" data-widget_type=\"icon.default\">\n\t\t\t\t<div class=\"elementor-widget-container\">\n\t\t\t\t\t\t\t<div class=\"elementor-icon-wrapper\">\n\t\t\t<div class=\"elementor-icon\">\n\t\t\t<svg aria-hidden=\"true\" class=\"e-font-icon-svg e-fas-chevron-down\" viewbox=\"0 0 448 512\" xmlns=\"http:\/\/www.w3.org\/2000\/svg\"><path d=\"M207.029 381.476L12.686 187.132c-9.373-9.373-9.373-24.569 0-33.941l22.667-22.667c9.357-9.357 24.522-9.375 33.901-.04L224 284.505l154.745-154.021c9.379-9.335 24.544-9.317 33.901.04l22.667 22.667c9.373 9.373 9.373 24.569 0 33.941L240.971 381.476c-9.373 9.372-24.569 9.372-33.942 0z\"><\/path><\/svg>\t\t\t<\/div>\n\t\t<\/div>\n\t\t\t\t\t\t<\/div>\n\t\t\t\t<\/div>\n\t\t\t\t\t<\/div>\n\t\t<\/div>\n\t\t\t\t\t<\/div>\n\t\t<\/section>\n\t\t\t\t<section class=\"elementor-section elementor-top-section elementor-element elementor-element-5a5eef55 elementor-section-content-middle elementor-section-boxed elementor-section-height-default elementor-section-height-default\" data-id=\"5a5eef55\" data-element_type=\"section\" data-e-type=\"section\">\n\t\t\t\t\t\t<div class=\"elementor-container elementor-column-gap-default\">\n\t\t\t\t\t<div class=\"elementor-column elementor-col-50 elementor-top-column elementor-element elementor-element-4b56e3a9\" data-id=\"4b56e3a9\" data-element_type=\"column\" data-e-type=\"column\" data-settings=\"{&quot;background_background&quot;:&quot;classic&quot;}\">\n\t\t\t<div class=\"elementor-widget-wrap elementor-element-populated\">\n\t\t\t\t\t\t<div class=\"elementor-element elementor-element-91a9a53 elementor-widget elementor-widget-menu-anchor\" data-id=\"91a9a53\" data-element_type=\"widget\" data-e-type=\"widget\" data-widget_type=\"menu-anchor.default\">\n\t\t\t\t<div class=\"elementor-widget-container\">\n\t\t\t\t\t\t\t<div class=\"elementor-menu-anchor\" id=\"Reservez-taxi\"><\/div>\n\t\t\t\t\t\t<\/div>\n\t\t\t\t<\/div>\n\t\t\t\t<div class=\"elementor-element elementor-element-566942f elementor-widget elementor-widget-heading\" data-id=\"566942f\" data-element_type=\"widget\" data-e-type=\"widget\" data-widget_type=\"heading.default\">\n\t\t\t\t<div class=\"elementor-widget-container\">\n\t\t\t\t\t<h2 class=\"elementor-heading-title elementor-size-default\">Book your transfer now<\/h2>\t\t\t\t<\/div>\n\t\t\t\t<\/div>\n\t\t\t\t<div class=\"elementor-element elementor-element-f6229e1 elementor-widget elementor-widget-shortcode\" data-id=\"f6229e1\" data-element_type=\"widget\" data-e-type=\"widget\" data-widget_type=\"shortcode.default\">\n\t\t\t\t<div class=\"elementor-widget-container\">\n\t\t\t\t\t\t\t<div class=\"elementor-shortcode\"><div id=\"welcomepickups\">\n\n<script type=\"text\/props\">\n\n{\n\n\"city_name\":\"marrakech\",\n\n\"partner_id\":\"63468\",\n\n\"locale\":\"fr\",\n\n\"\":\"\"\n\n}\n\n\n<\/script>\n\n<\/div>\n\n<script src=\" https:\/\/cdn.b2b.welcomepickups.com\/widget\/bundle.js\"><\/script><\/div>\n\t\t\t\t\t\t<\/div>\n\t\t\t\t<\/div>\n\t\t\t\t\t<\/div>\n\t\t<\/div>\n\t\t\t\t<div class=\"elementor-column elementor-col-50 elementor-top-column elementor-element elementor-element-d687afe\" data-id=\"d687afe\" data-element_type=\"column\" data-e-type=\"column\">\n\t\t\t<div class=\"elementor-widget-wrap elementor-element-populated\">\n\t\t\t\t\t\t<div class=\"elementor-element elementor-element-5f384c6 elementor-widget elementor-widget-text-editor\" data-id=\"5f384c6\" data-element_type=\"widget\" data-e-type=\"widget\" data-widget_type=\"text-editor.default\">\n\t\t\t\t<div class=\"elementor-widget-container\">\n\t\t\t\t\t\t\t\t\t<p><strong><a href=\"https:\/\/airport-marrakech.com\/en\/\">Aeorport Marrakech Menara<\/a><\/strong> &gt;<a href=\"https:\/\/airport-marrakech.com\/en\/transport\/\"> Transportation<\/a>\u00a0 \u00a0&gt; Marrakech Taxis<\/p>\t\t\t\t\t\t\t\t<\/div>\n\t\t\t\t<\/div>\n\t\t\t\t<div class=\"elementor-element elementor-element-9a5997e elementor-widget elementor-widget-heading\" data-id=\"9a5997e\" data-element_type=\"widget\" data-e-type=\"widget\" data-widget_type=\"heading.default\">\n\t\t\t\t<div class=\"elementor-widget-container\">\n\t\t\t\t\t<h2 class=\"elementor-heading-title elementor-size-default\">Taxis in Marrakech: overview<\/h2>\t\t\t\t<\/div>\n\t\t\t\t<\/div>\n\t\t\t\t<div class=\"elementor-element elementor-element-53c71dc elementor-widget elementor-widget-text-editor\" data-id=\"53c71dc\" data-element_type=\"widget\" data-e-type=\"widget\" data-widget_type=\"text-editor.default\">\n\t\t\t\t<div class=\"elementor-widget-container\">\n\t\t\t\t\t\t\t\t\t<p data-spm-anchor-id=\"5aebb161.2ef5001f.0.i35.14b05171JOzFa1\">Marrakech has <strong>about 5,000 cabs <b>yellow<\/b>s<\/strong>Marrakech taxis offer fast, comfortable travel throughout the city. By choosing a taxi in Marrakech, you can enjoy a peaceful journey, comfortably seated in the back of an air-conditioned vehicle. This means of transport allows you to reach your destination stress-free, avoiding the difficulties of navigating unfamiliar streets or managing heavy luggage.<\/p><p>However, there are two main drawbacks to taking a taxi in Marrakech.<strong> Heavy traffic is a major problem<\/strong>This often leads to endless traffic jams. Since taxi fares are calculated by meter, based on the distance travelled and the duration of the journey, travellers sometimes find themselves paying relatively high charges while spending a lot of time on the road. What's more, they have to pay a lot of money, <strong>some taxi drivers tend to rip off and overcharge tourists<\/strong>. While this is not the general rule, it unfortunately happens all too often. Finally, taxi drivers in Marrakech often drive recklessly, a behavior also observed among many local drivers who have adopted a very particular driving style.<\/p><p data-spm-anchor-id=\"5aebb161.2ef5001f.0.i34.14b05171JOzFa1\">On the whole, taxis remain an excellent option in Marrakech, especially when weather conditions are unfavorable or time is short. They are also the most practical means of transport for night-time transfers, when public transport lines are scarce.<\/p>\t\t\t\t\t\t\t\t<\/div>\n\t\t\t\t<\/div>\n\t\t\t\t<div class=\"elementor-element elementor-element-c0e638c elementor-widget elementor-widget-image\" data-id=\"c0e638c\" data-element_type=\"widget\" data-e-type=\"widget\" data-widget_type=\"image.default\">\n\t\t\t\t<div class=\"elementor-widget-container\">\n\t\t\t\t\t\t\t\t\t\t\t\t\t\t\t<img fetchpriority=\"high\" decoding=\"async\" width=\"800\" height=\"534\" src=\"https:\/\/airport-marrakech.com\/wp-content\/uploads\/2025\/02\/taxis-a-marrakech-1024x683.jpg\" class=\"attachment-large size-large wp-image-1578\" alt=\"cabs in marrakech\" srcset=\"https:\/\/airport-marrakech.com\/wp-content\/uploads\/2025\/02\/taxis-a-marrakech-1024x683.jpg 1024w, https:\/\/airport-marrakech.com\/wp-content\/uploads\/2025\/02\/taxis-a-marrakech-300x200.jpg 300w, https:\/\/airport-marrakech.com\/wp-content\/uploads\/2025\/02\/taxis-a-marrakech-768x512.jpg 768w, https:\/\/airport-marrakech.com\/wp-content\/uploads\/2025\/02\/taxis-a-marrakech.jpg 1224w\" sizes=\"(max-width: 800px) 100vw, 800px\" \/>\t\t\t\t\t\t\t\t\t\t\t\t\t\t\t<\/div>\n\t\t\t\t<\/div>\n\t\t\t\t<div class=\"elementor-element elementor-element-9b81026 elementor-widget elementor-widget-heading\" data-id=\"9b81026\" data-element_type=\"widget\" data-e-type=\"widget\" data-widget_type=\"heading.default\">\n\t\t\t\t<div class=\"elementor-widget-container\">\n\t\t\t\t\t<h2 class=\"elementor-heading-title elementor-size-default\">Types of taxis in Marrakech<\/h2>\t\t\t\t<\/div>\n\t\t\t\t<\/div>\n\t\t\t\t<div class=\"elementor-element elementor-element-5f532f7 elementor-widget elementor-widget-text-editor\" data-id=\"5f532f7\" data-element_type=\"widget\" data-e-type=\"widget\" data-widget_type=\"text-editor.default\">\n\t\t\t\t<div class=\"elementor-widget-container\">\n\t\t\t\t\t\t\t\t\t<p>taxis in Marrakech are an essential means of transport, divided mainly into two categories: the <strong>small cabs <b>yellow<\/b>s <\/strong>for urban commuting and <strong>large taxis <\/strong>for intercity travel or large groups. Small, modern and economical yellow cabs (often Dacia Logan or Sandero) are metered and ideal for getting around town at affordable prices, generally between 10 and 50 dirhams depending on the route. Larger cabs, usually sturdy Dacia Lodgys carrying up to six passengers, require prior negotiation of the fare and are ideal for reaching destinations such as Essaouira or Agadir. For even greater comfort <a href=\"https:\/\/airport-marrakech.com\/en\/transport\/transfert\/\">private transfers<\/a> or luxury cars (such as Mercedes) can be booked, although these options are more expensive. It's important to always check that the meter is activated in small taxis, to negotiate firmly with large  taxis, and to avoid unofficial  taxis, especially near tourist sites, to avoid overcharging.<\/p>\t\t\t\t\t\t\t\t<\/div>\n\t\t\t\t<\/div>\n\t\t\t\t<div class=\"elementor-element elementor-element-b8a252f elementor-widget elementor-widget-heading\" data-id=\"b8a252f\" data-element_type=\"widget\" data-e-type=\"widget\" data-widget_type=\"heading.default\">\n\t\t\t\t<div class=\"elementor-widget-container\">\n\t\t\t\t\t<h2 class=\"elementor-heading-title elementor-size-default\">Taxi fares in Marrakech<\/h2>\t\t\t\t<\/div>\n\t\t\t\t<\/div>\n\t\t\t\t<div class=\"elementor-element elementor-element-c396259 elementor-widget elementor-widget-text-editor\" data-id=\"c396259\" data-element_type=\"widget\" data-e-type=\"widget\" data-widget_type=\"text-editor.default\">\n\t\t\t\t<div class=\"elementor-widget-container\">\n\t\t\t\t\t\t\t\t\t<p data-spm-anchor-id=\"5aebb161.2ef5001f.0.i53.14b05171JOzFa1\">Cabs in Marrakech are mainly metered for the small yellow cabs, offering transparent and affordable fares for urban journeys. Visit <strong>base price <\/strong>for a small yellow cab is generally set at <strong>7 dirhams ( \u20ac0.60)<\/strong>followed by a cost per kilometer of around <strong>2,5 (0,25\u20ac) <\/strong>. For short distances, the minimum fare is around <strong>15 dirhams (\u20ac1.40) <\/strong>This makes them an economical option for exploring the city. Large Taxis, on the other hand, are not metered and require prior price negotiation, with fares varying according to distance travelled and number of passengers. For example, a trip between Marrakech and Essaouira can cost between <strong>200 and 300 dirhams (\u20ac18 and \u20ac27) <\/strong>for a large shared Taxi.<\/p><div class=\"my-2\">\u00a0<\/div><p data-spm-anchor-id=\"5aebb161.2ef5001f.0.i52.14b05171JOzFa1\">It's important to note that frequent traffic jams in certain tourist areas, such as the Medina or Gueliz, can influence journey times and therefore the final cost. Unlike in other cities,  taxis in Marrakech do not charge a night surcharge, but it is always advisable to ensure that the meter is activated before starting a journey in a small cab. Finally, for long-distance transfers or luxury car journeys, private services can be arranged, although they are more expensive, with prices up to <strong>500 dirhams (\u20ac45) or more <\/strong>depending on destination and comfort level.<\/p>\t\t\t\t\t\t\t\t<\/div>\n\t\t\t\t<\/div>\n\t\t\t\t<div class=\"elementor-element elementor-element-91d42cd elementor-widget elementor-widget-heading\" data-id=\"91d42cd\" data-element_type=\"widget\" data-e-type=\"widget\" data-widget_type=\"heading.default\">\n\t\t\t\t<div class=\"elementor-widget-container\">\n\t\t\t\t\t<h2 class=\"elementor-heading-title elementor-size-default\">Payment Methods<\/h2>\t\t\t\t<\/div>\n\t\t\t\t<\/div>\n\t\t\t\t<div class=\"elementor-element elementor-element-3ad0058 elementor-widget elementor-widget-text-editor\" data-id=\"3ad0058\" data-element_type=\"widget\" data-e-type=\"widget\" data-widget_type=\"text-editor.default\">\n\t\t\t\t<div class=\"elementor-widget-container\">\n\t\t\t\t\t\t\t\t\t<p>If you are planning to take a Taxi in Marrakech, it is best to have <strong>cash on you<\/strong>because the majority of <strong>drivers do not accept credit cards or bank cards<\/strong>. Although some modern services or transfer companies offer payment by card, traditional cabs, whether small yellow cabs or large cabs, operate almost exclusively on a cash basis. Also, make sure you pay in Moroccan dirhams, as some drivers may try to overcharge you if you offer another currency, claiming that the exchange rate is unfavorable. However, if you decide to book your transfer in advance with a reputable company, payment by credit card will usually be possible at the time of booking, offering a more convenient and secure option for travelers.<\/p>\t\t\t\t\t\t\t\t<\/div>\n\t\t\t\t<\/div>\n\t\t\t\t<div class=\"elementor-element elementor-element-1c973e2 elementor-widget elementor-widget-heading\" data-id=\"1c973e2\" data-element_type=\"widget\" data-e-type=\"widget\" data-widget_type=\"heading.default\">\n\t\t\t\t<div class=\"elementor-widget-container\">\n\t\t\t\t\t<h2 class=\"elementor-heading-title elementor-size-default\">How to book a  taxi in Marrakech<\/h2>\t\t\t\t<\/div>\n\t\t\t\t<\/div>\n\t\t\t\t<div class=\"elementor-element elementor-element-c3c07a3 elementor-widget elementor-widget-text-editor\" data-id=\"c3c07a3\" data-element_type=\"widget\" data-e-type=\"widget\" data-widget_type=\"text-editor.default\">\n\t\t\t\t<div class=\"elementor-widget-container\">\n\t\t\t\t\t\t\t\t\t<p>Little yellow cabs are ubiquitous on the streets of Marrakech. You can simply stand on a main avenue, wave your hand, and a cab will quickly come and pick you up. However, to avoid any risk of coming across an unofficial cab or being ripped off, it's best to take a cab from one of the many parking points dotted around the city. Another reliable option is to book your cab in advance via dedicated apps (such as <strong>Allo Taxi Marrakech <\/strong>or <a href=\"https:\/\/taxi-marrakech-airport.com\/\" target=\"_blank\" rel=\"noopener\"><strong>Taxico <\/strong><\/a>) or ask your hotel reception to call a  taxi for you. These methods generally guarantee greater security and transparency of pricing.<\/p>\t\t\t\t\t\t\t\t<\/div>\n\t\t\t\t<\/div>\n\t\t\t\t<div class=\"elementor-element elementor-element-2b22d9c elementor-widget elementor-widget-heading\" data-id=\"2b22d9c\" data-element_type=\"widget\" data-e-type=\"widget\" data-widget_type=\"heading.default\">\n\t\t\t\t<div class=\"elementor-widget-container\">\n\t\t\t\t\t<h2 class=\"elementor-heading-title elementor-size-default\">From Marrakech to Marrakech airport<\/h2>\t\t\t\t<\/div>\n\t\t\t\t<\/div>\n\t\t\t\t<div class=\"elementor-element elementor-element-50738bc elementor-widget elementor-widget-text-editor\" data-id=\"50738bc\" data-element_type=\"widget\" data-e-type=\"widget\" data-widget_type=\"text-editor.default\">\n\t\t\t\t<div class=\"elementor-widget-container\">\n\t\t\t\t\t\t\t\t\t<p>If you're traveling with bulky luggage, or if you'd like to reach Marrakech airport in comfort, seated in a spacious and pleasant vehicle, a  taxi is undoubtedly the best choice! You can book your  taxi in advance with a specialized company, or borrow one directly from an official parking point, just as you would for a car journey. <a href=\"https:\/\/airport-marrakech.com\/en\/transport\/taxi\/\">taxi to Marrakech airport<\/a> to ensure a safe and comfortable transfer. The journey to Marrakech international airport takes about <strong>20 to 30 minutes <\/strong>depending on traffic and your point of departure. As a general rule, you can expect to pay around <strong>150 dirhams (about \u20ac14) <\/strong>for this trip, whatever the time of day, as the little yellow cabs are metered. However, if you opt for a private transfer or luxury service, prices can reach <strong>300 dirhams (about \u20ac28) <\/strong>or more, but offer superior comfort and convenience.<\/p>\t\t\t\t\t\t\t\t<\/div>\n\t\t\t\t<\/div>\n\t\t\t\t<div class=\"elementor-element elementor-element-ad7a310 elementor-widget elementor-widget-heading\" data-id=\"ad7a310\" data-element_type=\"widget\" data-e-type=\"widget\" data-widget_type=\"heading.default\">\n\t\t\t\t<div class=\"elementor-widget-container\">\n\t\t\t\t\t<h2 class=\"elementor-heading-title elementor-size-default\">Useful information about  taxis in Marrakech<\/h2>\t\t\t\t<\/div>\n\t\t\t\t<\/div>\n\t\t\t\t<div class=\"elementor-element elementor-element-082a4f4 elementor-widget elementor-widget-text-editor\" data-id=\"082a4f4\" data-element_type=\"widget\" data-e-type=\"widget\" data-widget_type=\"text-editor.default\">\n\t\t\t\t<div class=\"elementor-widget-container\">\n\t\t\t\t\t\t\t\t\t<p>It's not compulsory to tip your  taxi driver in Marrakech, but rounding off the final amount is common practice. Local drivers may also round off the amount shown on the meter.<\/p><ul><li>To avoid any scams, check the approximate fares to popular destinations in Marrakech in advance and use a navigation app to make sure your driver takes an optimal route and doesn't go round in circles to increase the fare.<\/li><li>It's a good idea to carry small denominations with you, as a common ploy is for some drivers to exchange your larger bills for smaller ones (for example, you give 50 dirhams and the driver pretends you gave 10 dirhams).<\/li><li>Never accept a fixed fare if you're not sure of the actual cost of the journey, as this may be higher than the meter would show. There are no special surcharges for night runs, so the fare remains the same whatever the time of day.<\/li><li>Always ensure that the meter is reset and activated as soon as you get into the  taxi. Absolutely avoid getting into unofficial vehicles or trusting people offering rides who are not licensed drivers.<\/li><li>The fare is calculated for the whole trip, not per passenger. Note that some tourist areas, such as the Medina, are pedestrianized or have limited access, so be sure to specify your drop-off point to avoid any unpleasant surprises.<\/li><\/ul><div class=\"my-2\">\u00a0<\/div><p data-spm-anchor-id=\"5aebb161.2ef5001f.0.i73.14b05171JOzFa1\">Unlike Marrakech, there are no specific tolls to pay for intra-urban journeys in Marrakech, unless you are using freeways to distant destinations.<\/p>\t\t\t\t\t\t\t\t<\/div>\n\t\t\t\t<\/div>\n\t\t\t\t<div class=\"elementor-element elementor-element-a9429c6 elementor-widget elementor-widget-heading\" data-id=\"a9429c6\" data-element_type=\"widget\" data-e-type=\"widget\" data-widget_type=\"heading.default\">\n\t\t\t\t<div class=\"elementor-widget-container\">\n\t\t\t\t\t<h2 class=\"elementor-heading-title elementor-size-default\">FAQ <\/h2>\t\t\t\t<\/div>\n\t\t\t\t<\/div>\n\t\t\t\t<div class=\"elementor-element elementor-element-c754e31 elementor-widget elementor-widget-heading\" data-id=\"c754e31\" data-element_type=\"widget\" data-e-type=\"widget\" data-widget_type=\"heading.default\">\n\t\t\t\t<div class=\"elementor-widget-container\">\n\t\t\t\t\t<h3 class=\"elementor-heading-title elementor-size-default\">How much do  taxis cost in Marrakech?<\/h3>\t\t\t\t<\/div>\n\t\t\t\t<\/div>\n\t\t\t\t<div class=\"elementor-element elementor-element-5027b02 elementor-widget elementor-widget-text-editor\" data-id=\"5027b02\" data-element_type=\"widget\" data-e-type=\"widget\" data-widget_type=\"text-editor.default\">\n\t\t\t\t<div class=\"elementor-widget-container\">\n\t\t\t\t\t\t\t\t\t<p>Cabs in Marrakech are an affordable transportation option. However, as the small yellow cabs are metered and traffic jams can be frequent in certain tourist areas or at peak times, the final fare may turn out to be higher than expected. What's more, although scams are less common than abroad, it's important to remain vigilant to avoid being overcharged. Always ensure that the meter is activated at the start of the journey, and don't hesitate to negotiate firmly if you opt for a large cab, where fares are not regulated.<\/p>\t\t\t\t\t\t\t\t<\/div>\n\t\t\t\t<\/div>\n\t\t\t\t<div class=\"elementor-element elementor-element-235dc49 elementor-widget elementor-widget-heading\" data-id=\"235dc49\" data-element_type=\"widget\" data-e-type=\"widget\" data-widget_type=\"heading.default\">\n\t\t\t\t<div class=\"elementor-widget-container\">\n\t\t\t\t\t<h3 class=\"elementor-heading-title elementor-size-default\">Do taxis accept credit cards in Marrakech?<\/h3>\t\t\t\t<\/div>\n\t\t\t\t<\/div>\n\t\t\t\t<div class=\"elementor-element elementor-element-d9d1d5b elementor-widget elementor-widget-text-editor\" data-id=\"d9d1d5b\" data-element_type=\"widget\" data-e-type=\"widget\" data-widget_type=\"text-editor.default\">\n\t\t\t\t<div class=\"elementor-widget-container\">\n\t\t\t\t\t\t\t\t\t<p>As a general rule,  taxi drivers in Marrakech prefer cash payments. Although some modern cabs are equipped with credit card terminals, it is unfortunately rare to find any that actually work, as many drivers allege that their systems are out of order to prevent card payments. It is therefore strongly recommended to check directly with your driver and always carry cash with you. <strong>(in Moroccan dirhams)<\/strong> to avoid any inconvenience.<\/p>\t\t\t\t\t\t\t\t<\/div>\n\t\t\t\t<\/div>\n\t\t\t\t<div class=\"elementor-element elementor-element-cc29801 elementor-widget elementor-widget-heading\" data-id=\"cc29801\" data-element_type=\"widget\" data-e-type=\"widget\" data-widget_type=\"heading.default\">\n\t\t\t\t<div class=\"elementor-widget-container\">\n\t\t\t\t\t<h3 class=\"elementor-heading-title elementor-size-default\">Do you tip  taxi drivers in Marrakech?<\/h3>\t\t\t\t<\/div>\n\t\t\t\t<\/div>\n\t\t\t\t<div class=\"elementor-element elementor-element-9af5546 elementor-widget elementor-widget-text-editor\" data-id=\"9af5546\" data-element_type=\"widget\" data-e-type=\"widget\" data-widget_type=\"text-editor.default\">\n\t\t\t\t<div class=\"elementor-widget-container\">\n\t\t\t\t\t\t\t\t\t<p>In Morocco, it is not customary to tip  taxi drivers for their services. Tipping is neither compulsory nor common practice. However, it is not uncommon for drivers to round up the final fare to their advantage, which can be seen as a form of implicit \"tip\". If you wish to thank your driver for a particularly satisfactory service, you may choose to round off the amount yourself or add a small supplement, but this remains entirely optional.<\/p>\t\t\t\t\t\t\t\t<\/div>\n\t\t\t\t<\/div>\n\t\t\t\t\t<\/div>\n\t\t<\/div>\n\t\t\t\t\t<\/div>\n\t\t<\/section>\n\t\t\t\t<\/div>","protected":false},"excerpt":{"rendered":"<p>Taxis \u00e0 Marrakech Des tarifs de taxi aux directives g\u00e9n\u00e9rales sur les taxis \u00e0 Marrakech R\u00e9servez votre Transfert maintenant Aeorport Marrakech Menara &gt; Transport\u00a0 \u00a0&gt; Taxis \u00e0 Marrakech Taxis \u00e0 Marrakech : aper\u00e7u Marrakech compte environ 5 000 taxis jaunes, offrant des d\u00e9placements rapides et confortables dans toute la ville. En choisissant un taxi \u00e0 [&hellip;]<\/p>\n","protected":false},"author":1,"featured_media":0,"parent":113,"menu_order":0,"comment_status":"closed","ping_status":"closed","template":"","meta":{"footnotes":""},"class_list":["post-1576","page","type-page","status-publish","hentry"],"_links":{"self":[{"href":"https:\/\/airport-marrakech.com\/en\/wp-json\/wp\/v2\/pages\/1576","targetHints":{"allow":["GET"]}}],"collection":[{"href":"https:\/\/airport-marrakech.com\/en\/wp-json\/wp\/v2\/pages"}],"about":[{"href":"https:\/\/airport-marrakech.com\/en\/wp-json\/wp\/v2\/types\/page"}],"author":[{"embeddable":true,"href":"https:\/\/airport-marrakech.com\/en\/wp-json\/wp\/v2\/users\/1"}],"replies":[{"embeddable":true,"href":"https:\/\/airport-marrakech.com\/en\/wp-json\/wp\/v2\/comments?post=1576"}],"version-history":[{"count":28,"href":"https:\/\/airport-marrakech.com\/en\/wp-json\/wp\/v2\/pages\/1576\/revisions"}],"predecessor-version":[{"id":2791,"href":"https:\/\/airport-marrakech.com\/en\/wp-json\/wp\/v2\/pages\/1576\/revisions\/2791"}],"up":[{"embeddable":true,"href":"https:\/\/airport-marrakech.com\/en\/wp-json\/wp\/v2\/pages\/113"}],"wp:attachment":[{"href":"https:\/\/airport-marrakech.com\/en\/wp-json\/wp\/v2\/media?parent=1576"}],"curies":[{"name":"wp","href":"https:\/\/api.w.org\/{rel}","templated":true}]}}