{"id":1774,"date":"2025-02-27T13:10:48","date_gmt":"2025-02-27T13:10:48","guid":{"rendered":"https:\/\/airport-marrakech.com\/?page_id=1774"},"modified":"2025-02-28T12:11:09","modified_gmt":"2025-02-28T12:11:09","slug":"transfers-from-marrakech-airport-to-city-center","status":"publish","type":"page","link":"https:\/\/airport-marrakech.com\/en\/transport\/transferts-de-laeroport-de-marrakech-au-centre-ville\/","title":{"rendered":"Transfers from Marrakech airport to the city center (Medina)"},"content":{"rendered":"<div data-elementor-type=\"wp-page\" data-elementor-id=\"1774\" class=\"elementor elementor-1774\" data-elementor-post-type=\"page\">\n\t\t\t\t\t\t<section class=\"elementor-section elementor-top-section elementor-element elementor-element-560def9f elementor-section-height-min-height elementor-section-boxed elementor-section-height-default elementor-section-items-middle\" data-id=\"560def9f\" data-element_type=\"section\" data-e-type=\"section\" data-settings=\"{&quot;background_background&quot;:&quot;classic&quot;}\">\n\t\t\t\t\t\t\t<div class=\"elementor-background-overlay\"><\/div>\n\t\t\t\t\t\t\t<div class=\"elementor-container elementor-column-gap-default\">\n\t\t\t\t\t<div class=\"elementor-column elementor-col-100 elementor-top-column elementor-element elementor-element-65c5d5e8\" data-id=\"65c5d5e8\" data-element_type=\"column\" data-e-type=\"column\">\n\t\t\t<div class=\"elementor-widget-wrap elementor-element-populated\">\n\t\t\t\t\t\t<div class=\"elementor-element elementor-element-58428f33 elementor-widget elementor-widget-heading\" data-id=\"58428f33\" data-element_type=\"widget\" data-e-type=\"widget\" data-widget_type=\"heading.default\">\n\t\t\t\t<div class=\"elementor-widget-container\">\n\t\t\t\t\t<h1 class=\"elementor-heading-title elementor-size-default\">Transfers from Marrakech airport to the city center (Medina)<\/h1>\t\t\t\t<\/div>\n\t\t\t\t<\/div>\n\t\t\t\t<div class=\"elementor-element elementor-element-3ea0628 elementor-view-default elementor-invisible elementor-widget elementor-widget-icon\" data-id=\"3ea0628\" data-element_type=\"widget\" data-e-type=\"widget\" data-settings=\"{&quot;_animation&quot;:&quot;fadeInDown&quot;,&quot;_animation_delay&quot;:500}\" data-widget_type=\"icon.default\">\n\t\t\t\t<div class=\"elementor-widget-container\">\n\t\t\t\t\t\t\t<div class=\"elementor-icon-wrapper\">\n\t\t\t<div class=\"elementor-icon\">\n\t\t\t<svg aria-hidden=\"true\" class=\"e-font-icon-svg e-fas-chevron-down\" viewbox=\"0 0 448 512\" xmlns=\"http:\/\/www.w3.org\/2000\/svg\"><path d=\"M207.029 381.476L12.686 187.132c-9.373-9.373-9.373-24.569 0-33.941l22.667-22.667c9.357-9.357 24.522-9.375 33.901-.04L224 284.505l154.745-154.021c9.379-9.335 24.544-9.317 33.901.04l22.667 22.667c9.373 9.373 9.373 24.569 0 33.941L240.971 381.476c-9.373 9.372-24.569 9.372-33.942 0z\"><\/path><\/svg>\t\t\t<\/div>\n\t\t<\/div>\n\t\t\t\t\t\t<\/div>\n\t\t\t\t<\/div>\n\t\t\t\t\t<\/div>\n\t\t<\/div>\n\t\t\t\t\t<\/div>\n\t\t<\/section>\n\t\t\t\t<section class=\"elementor-section elementor-top-section elementor-element elementor-element-5a5eef55 elementor-section-content-middle elementor-section-boxed elementor-section-height-default elementor-section-height-default\" data-id=\"5a5eef55\" data-element_type=\"section\" data-e-type=\"section\">\n\t\t\t\t\t\t<div class=\"elementor-container elementor-column-gap-default\">\n\t\t\t\t\t<div class=\"elementor-column elementor-col-50 elementor-top-column elementor-element elementor-element-d687afe\" data-id=\"d687afe\" data-element_type=\"column\" data-e-type=\"column\">\n\t\t\t<div class=\"elementor-widget-wrap elementor-element-populated\">\n\t\t\t\t\t\t<div class=\"elementor-element elementor-element-5f384c6 elementor-widget elementor-widget-text-editor\" data-id=\"5f384c6\" data-element_type=\"widget\" data-e-type=\"widget\" data-widget_type=\"text-editor.default\">\n\t\t\t\t<div class=\"elementor-widget-container\">\n\t\t\t\t\t\t\t\t\t<p><strong><a href=\"https:\/\/airport-marrakech.com\/en\/\">Aeorport Marrakech Menara<\/a><\/strong> &gt;<a href=\"https:\/\/airport-marrakech.com\/en\/transport\/\"> Transportation<\/a>\u00a0 \u00a0&gt; Airport to city center (Medina)<\/p>\t\t\t\t\t\t\t\t<\/div>\n\t\t\t\t<\/div>\n\t\t\t\t<div class=\"elementor-element elementor-element-9a5997e elementor-widget elementor-widget-heading\" data-id=\"9a5997e\" data-element_type=\"widget\" data-e-type=\"widget\" data-widget_type=\"heading.default\">\n\t\t\t\t<div class=\"elementor-widget-container\">\n\t\t\t\t\t<h2 class=\"elementor-heading-title elementor-size-default\">Transfer options from Marrakech Menara airport to Marrakech city center (Medina\/ Jemaa el-Fna)<\/h2>\t\t\t\t<\/div>\n\t\t\t\t<\/div>\n\t\t\t\t<div class=\"elementor-element elementor-element-53c71dc elementor-widget elementor-widget-text-editor\" data-id=\"53c71dc\" data-element_type=\"widget\" data-e-type=\"widget\" data-widget_type=\"text-editor.default\">\n\t\t\t\t<div class=\"elementor-widget-container\">\n\t\t\t\t\t\t\t\t\t<p>Marrakech-Menara International Airport is perfectly connected to Marrakech city center by various means of transport, including cabs, buses and car rental services. For a more comfortable, personalized experience, <a href=\"https:\/\/airport-marrakech.com\/en\/transport\/transfert\/\">private transfers<\/a> are also available. In short, a<a href=\"https:\/\/airport-marrakech.com\/en\/transport\/taxi\/\"> cab from Marrakech airport<\/a> will take you to your accommodation in about <strong>15 to 20 minutes<\/strong>with rates ranging from <strong>70 MAD and 100 MAD<\/strong> depending on your destination and the time of day. On the other hand <a href=\"https:\/\/airport-marrakech.com\/en\/transport\/bus\/\">airport bus<\/a>like line 19, offer a more economical alternative with a price of <strong>30 MAD<\/strong> for a journey of about <strong>30 minutes<\/strong>. However, journey times can be influenced by the intensity of traffic, particularly during rush hours. For travelers seeking greater independence, the <a href=\"https:\/\/airport-marrakech.com\/en\/transport\/location-voiture-aeroport\/\">Marrakech airport car rental<\/a> remains an ideal option, offering flexibility and comfort for exploring the city and its surroundings in complete freedom.<\/p>\t\t\t\t\t\t\t\t<\/div>\n\t\t\t\t<\/div>\n\t\t\t\t<div class=\"elementor-element elementor-element-671dc9a elementor-widget elementor-widget-html\" data-id=\"671dc9a\" data-element_type=\"widget\" data-e-type=\"widget\" data-widget_type=\"html.default\">\n\t\t\t\t<div class=\"elementor-widget-container\">\n\t\t\t\t\t<table border=\"1\" cellspacing=\"0\" cellpadding=\"8\">\r\n    <tr>\r\n        <th>Options<\/th>\r\n        <th>Price (\u20ac)<\/th>\r\n        <th>Price ($)<\/th>\r\n        <th>Price (MAD)<\/th>\r\n        <th>Duration<\/th>\r\n    <\/tr>\r\n    <tr>\r\n        <td>Taxi<\/td>\r\n        <td>6.40 - 9.15<\/td>\r\n        <td>7.00 - 10.00<\/td>\r\n        <td>70 - 100<\/td>\r\n        <td>15 - 20 min<\/td>\r\n    <\/tr>\r\n    <tr>\r\n        <td>Bus<\/td>\r\n        <td>2.85<\/td>\r\n        <td>3.10<\/td>\r\n        <td>30<\/td>\r\n        <td>30 min.<\/td>\r\n    <\/tr>\r\n<\/table>\r\n\t\t\t\t<\/div>\n\t\t\t\t<\/div>\n\t\t\t\t<div class=\"elementor-element elementor-element-9b81026 elementor-widget elementor-widget-heading\" data-id=\"9b81026\" data-element_type=\"widget\" data-e-type=\"widget\" data-widget_type=\"heading.default\">\n\t\t\t\t<div class=\"elementor-widget-container\">\n\t\t\t\t\t<h2 class=\"elementor-heading-title elementor-size-default\">From Marrakech airport to downtown Marrakech by cab<\/h2>\t\t\t\t<\/div>\n\t\t\t\t<\/div>\n\t\t\t\t<div class=\"elementor-element elementor-element-5f532f7 elementor-widget elementor-widget-text-editor\" data-id=\"5f532f7\" data-element_type=\"widget\" data-e-type=\"widget\" data-widget_type=\"text-editor.default\">\n\t\t\t\t<div class=\"elementor-widget-container\">\n\t\t\t\t\t\t\t\t\t<p data-start=\"0\" data-end=\"777\">Take a <a href=\"https:\/\/airport-marrakech.com\/en\/transport\/taxi\/\">cab from Marrakech-Menara airport<\/a> guarantees a comfortable transfer, but the speed of the journey can be affected by traffic, especially at peak times. However, a cab from Marrakech airport will take you straight to your destination, whether in the historic medina or the city's modern districts, without stress. The average fare varies between 70 and 100 MAD (6.40\u20ac - 9.15\u20ac \/ 7.00$ - 10.00$), depending on distance and traffic, as prices are not fixed. Rates remain the same day and night, and tipping is at your discretion. The 6 km journey takes 15 to 20 minutes on average. Official cab ranks are located just outside the terminal.<\/p><h3 data-start=\"779\" data-end=\"837\">Types of cabs available at Marrakech airport :<\/h3><ul data-start=\"838\" data-end=\"1150\"><li data-start=\"838\" data-end=\"898\"><strong data-start=\"840\" data-end=\"856\">Yellow cabs<\/strong> Standard and most affordable cabs.<\/li><li data-start=\"899\" data-end=\"1043\"><strong data-start=\"901\" data-end=\"924\">Large white cabs<\/strong> larger, multi-passenger vehicles, ideal for long out-of-town journeys.<\/li><li data-start=\"1044\" data-end=\"1150\"><strong data-start=\"1046\" data-end=\"1067\">Premium vehicles<\/strong> : private transfer services offering greater comfort and a better experience.<\/li><\/ul><p data-start=\"1152\" data-end=\"1179\">\u26a0 <strong data-start=\"1154\" data-end=\"1177\">Important tips<\/strong> :<\/p><ul data-start=\"1180\" data-end=\"1466\"><li data-start=\"1180\" data-end=\"1271\"><strong data-start=\"1182\" data-end=\"1216\">Avoid unofficial cabs<\/strong> and give preference to those present at official stations.<\/li><li data-start=\"1272\" data-end=\"1377\"><strong data-start=\"1274\" data-end=\"1303\">Always negotiate the price<\/strong> before departure, as cabs generally do not have meters.<\/li><li data-start=\"1378\" data-end=\"1466\"><strong data-start=\"1380\" data-end=\"1406\">Beware of scams<\/strong> and frequent overloads, especially for tourists.<\/li><\/ul><h3 data-start=\"1468\" data-end=\"1527\">Recommended service for secure, reliable transfers<\/h3><p data-start=\"1528\" data-end=\"1798\">We have selected one of <strong>best Marrakech airport cab companies<\/strong> based on user reviews on platforms such as <strong>Google, Tripadvisor and Trustpilot.<\/strong> <a href=\"https:\/\/taxi-marrakech-airport.com\/\" target=\"_blank\" rel=\"noopener\">Taxico<\/a> guarantees a pleasant and safe experience:<\/p><p data-start=\"1800\" data-end=\"1983\" data-is-only-node=\"\" data-is-last-node=\"\">\u2705 <strong data-start=\"1802\" data-end=\"1849\">Local drivers who speak several languages<\/strong><br data-start=\"1849\" data-end=\"1852\" \/>\u2705 <strong data-start=\"1854\" data-end=\"1891\">Fixed prices and payment in advance<\/strong><br data-start=\"1891\" data-end=\"1894\" \/>\u2705 <strong data-start=\"1896\" data-end=\"1931\">Flight tracking in the event of delays<\/strong><br data-start=\"1931\" data-end=\"1934\" \/>\u2705 <strong data-start=\"1936\" data-end=\"1981\">24\/7 customer service + free cancellation<\/strong><\/p>\t\t\t\t\t\t\t\t<\/div>\n\t\t\t\t<\/div>\n\t\t\t\t<div class=\"elementor-element elementor-element-b8a252f elementor-widget elementor-widget-heading\" data-id=\"b8a252f\" data-element_type=\"widget\" data-e-type=\"widget\" data-widget_type=\"heading.default\">\n\t\t\t\t<div class=\"elementor-widget-container\">\n\t\t\t\t\t<h2 class=\"elementor-heading-title elementor-size-default\">Getting to the city center from Marrakech airport by bus\n<\/h2>\t\t\t\t<\/div>\n\t\t\t\t<\/div>\n\t\t\t\t<div class=\"elementor-element elementor-element-c396259 elementor-widget elementor-widget-text-editor\" data-id=\"c396259\" data-element_type=\"widget\" data-e-type=\"widget\" data-widget_type=\"text-editor.default\">\n\t\t\t\t<div class=\"elementor-widget-container\">\n\t\t\t\t\t\t\t\t\t<p data-start=\"75\" data-end=\"425\">The only public transport option from Marrakech-Menara airport is provided by <strong data-start=\"172\" data-end=\"180\">Alsa<\/strong>a well-established bus company in Morocco. Visit <strong data-start=\"231\" data-end=\"253\">line 19 buses<\/strong> is specially dedicated to journeys between the airport and the city center, offering an economical and practical solution for reaching Marrakech's main districts.<\/p><h4 data-start=\"427\" data-end=\"490\"><strong data-start=\"432\" data-end=\"488\">Alsa Bus Line 19: Reliable and affordable transport<\/strong><\/h4><p data-start=\"491\" data-end=\"825\">Bus 19 runs from the airport to Place Jemaa el-Fna in around 30 minutes, with several strategic stops along the way, notably in the Hivernage district, Gueliz, and other tourist areas. The service operates daily from 6:00 a.m. to 9:30 p.m., every 20 to 30 minutes.<\/p><p data-start=\"827\" data-end=\"1158\">\u2705 <strong data-start=\"829\" data-end=\"843\">Opening hours :<\/strong> From <strong data-start=\"847\" data-end=\"863\">6 a.m. to 9:30 p.m.<\/strong><br data-start=\"863\" data-end=\"866\" \/>\u2705 <strong data-start=\"868\" data-end=\"883\">Frequency :<\/strong> All the <strong data-start=\"895\" data-end=\"914\">20 to 30 minutes<\/strong><br data-start=\"914\" data-end=\"917\" \/>\u2705 <strong data-start=\"919\" data-end=\"930\">Price :<\/strong> <strong data-start=\"931\" data-end=\"941\">30 MAD<\/strong> (\u20ac2.85 \/ 3.10$) for a one-way trip\/. <strong data-start=\"981\" data-end=\"991\">50 MAD<\/strong> (\u20ac4.75 \/ 5.35$) for a round trip<br data-start=\"1028\" data-end=\"1031\" \/>\u2705 <strong data-start=\"1033\" data-end=\"1054\">Journey time :<\/strong> <strong data-start=\"1055\" data-end=\"1077\">Approx. 30 minutes<\/strong><br data-start=\"1077\" data-end=\"1080\" \/>\u2705 <strong data-start=\"1082\" data-end=\"1105\">Main stops :<\/strong> Airport - Hivernage - Gueliz - Place Jemaa el-Fna<\/p><h4 data-start=\"1160\" data-end=\"1190\"><strong data-start=\"1165\" data-end=\"1188\">Where to take the bus?<\/strong><\/h4><p data-start=\"1191\" data-end=\"1333\">The official <strong data-start=\"1211\" data-end=\"1221\">bus 19<\/strong> is located <strong data-start=\"1231\" data-end=\"1264\">just outside the terminal<\/strong>. You can buy your ticket directly from the driver.<\/p>\t\t\t\t\t\t\t\t<\/div>\n\t\t\t\t<\/div>\n\t\t\t\t<div class=\"elementor-element elementor-element-91d42cd elementor-widget elementor-widget-heading\" data-id=\"91d42cd\" data-element_type=\"widget\" data-e-type=\"widget\" data-widget_type=\"heading.default\">\n\t\t\t\t<div class=\"elementor-widget-container\">\n\t\t\t\t\t<h2 class=\"elementor-heading-title elementor-size-default\">Car rental from the airport to downtown Marrakech<\/h2>\t\t\t\t<\/div>\n\t\t\t\t<\/div>\n\t\t\t\t<div class=\"elementor-element elementor-element-3ad0058 elementor-widget elementor-widget-text-editor\" data-id=\"3ad0058\" data-element_type=\"widget\" data-e-type=\"widget\" data-widget_type=\"text-editor.default\">\n\t\t\t\t<div class=\"elementor-widget-container\">\n\t\t\t\t\t\t\t\t\t<p data-start=\"102\" data-end=\"659\">Opt for a <a href=\"https:\/\/airport-marrakech.com\/en\/transport\/location-voiture-aeroport\/\">Marrakech airport car rental<\/a>\u00a0is an excellent alternative for those wishing to explore Marrakech and the surrounding area on their own. This option lets you avoid the constraints of public transport and organize your itinerary as you wish. Ideal for families or groups, a rental car offers optimum comfort and easy access to tourist sites outside the city center, such as the Ourika Valley, the Agafay Desert and Essaouira.<\/p><p data-start=\"661\" data-end=\"1128\">However, before renting a vehicle, it is advisable to book in advance in order to benefit from the best rates and to guarantee the availability of the desired model. It's also important to note that driving in Marrakech can be dynamic, especially in the medina where the streets are narrow and busy. For added peace and quiet, we recommend choosing a hotel with secure parking, or using a guarded parking lot.<\/p><p data-start=\"1130\" data-end=\"1470\" data-is-last-node=\"\" data-is-only-node=\"\">Leaving Marrakech-Menara airport, just follow Avenue Guemassa to reach the city center in around 15 minutes, a distance of 6 km. For added convenience, some agencies offer car delivery directly to your hotel, as well as insurance adapted to local conditions.<\/p>\t\t\t\t\t\t\t\t<\/div>\n\t\t\t\t<\/div>\n\t\t\t\t<div class=\"elementor-element elementor-element-1c973e2 elementor-widget elementor-widget-heading\" data-id=\"1c973e2\" data-element_type=\"widget\" data-e-type=\"widget\" data-widget_type=\"heading.default\">\n\t\t\t\t<div class=\"elementor-widget-container\">\n\t\t\t\t\t<h2 class=\"elementor-heading-title elementor-size-default\">Private transfers from the airport to downtown Marrakech<\/h2>\t\t\t\t<\/div>\n\t\t\t\t<\/div>\n\t\t\t\t<div class=\"elementor-element elementor-element-c3c07a3 elementor-widget elementor-widget-text-editor\" data-id=\"c3c07a3\" data-element_type=\"widget\" data-e-type=\"widget\" data-widget_type=\"text-editor.default\">\n\t\t\t\t<div class=\"elementor-widget-container\">\n\t\t\t\t\t\t\t\t\t<p>Opt for a <a href=\"https:\/\/airport-marrakech.com\/en\/transport\/transfert\/\">private transfer from Marrakech airport<\/a> is the ideal solution for travellers looking for comfort, speed and peace of mind. This service combines <strong>convenience and discretion<\/strong>This means you can be picked up straight from the terminal and dropped off at your destination, with no unnecessary waiting or detours.<\/p><p>Unlike public transport or conventional cabs, a <strong>private transfer guarantees a top-of-the-range experience<\/strong> with an air-conditioned vehicle and a professional driver, avoiding queues and price negotiations. It's the perfect option for families, groups or business travelers wishing to reach their hotel, riad or other Marrakech address with complete peace of mind.<\/p><p>For impeccable service and a premium experience, we recommend <strong><a href=\"https:\/\/chatgpt.com\/c\/67c1a3ff-ff04-8012-ac0b-96fd03a7903b#\" target=\"_blank\" rel=\"noopener\">Best Marrakech Airport Transfer<\/a><\/strong>a specialist in private transfers that ensures your journey is smooth and safe. Thanks to their personalized service and <strong>24\/7 assistance<\/strong>By booking in advance, you avoid the stress of public transport and enjoy absolute comfort. If you book in advance, you'll receive a VIP welcome on arrival, so you can start your stay in the best possible conditions.<\/p>\t\t\t\t\t\t\t\t<\/div>\n\t\t\t\t<\/div>\n\t\t\t\t<div class=\"elementor-element elementor-element-2b22d9c elementor-widget elementor-widget-heading\" data-id=\"2b22d9c\" data-element_type=\"widget\" data-e-type=\"widget\" data-widget_type=\"heading.default\">\n\t\t\t\t<div class=\"elementor-widget-container\">\n\t\t\t\t\t<h2 class=\"elementor-heading-title elementor-size-default\">From Marrakech to Marrakech airport<\/h2>\t\t\t\t<\/div>\n\t\t\t\t<\/div>\n\t\t\t\t<div class=\"elementor-element elementor-element-50738bc elementor-widget elementor-widget-text-editor\" data-id=\"50738bc\" data-element_type=\"widget\" data-e-type=\"widget\" data-widget_type=\"text-editor.default\">\n\t\t\t\t<div class=\"elementor-widget-container\">\n\t\t\t\t\t\t\t\t\t<p>If you're traveling with bulky luggage, or if you'd like to reach Marrakech airport in comfort, seated in a spacious and pleasant vehicle, a  taxi is undoubtedly the best choice! You can book your  taxi in advance with a specialized company, or borrow one directly from an official parking point, just as you would for a car journey. <a href=\"https:\/\/airport-marrakech.com\/en\/transport\/taxi\/\">taxi to Marrakech airport<\/a> to ensure a safe and comfortable transfer. The journey to Marrakech international airport takes about <strong>20 to 30 minutes <\/strong>depending on traffic and your point of departure. As a general rule, you can expect to pay around <strong>150 dirhams (about \u20ac14) <\/strong>for this trip, whatever the time of day, as the little red cabs are metered. However, if you opt for a private transfer or luxury service, prices can reach <strong>300 dirhams (about \u20ac28) <\/strong>or more, but offer superior comfort and convenience.<\/p>\t\t\t\t\t\t\t\t<\/div>\n\t\t\t\t<\/div>\n\t\t\t\t<div class=\"elementor-element elementor-element-a9429c6 elementor-widget elementor-widget-heading\" data-id=\"a9429c6\" data-element_type=\"widget\" data-e-type=\"widget\" data-widget_type=\"heading.default\">\n\t\t\t\t<div class=\"elementor-widget-container\">\n\t\t\t\t\t<h2 class=\"elementor-heading-title elementor-size-default\">FAQ <\/h2>\t\t\t\t<\/div>\n\t\t\t\t<\/div>\n\t\t\t\t<div class=\"elementor-element elementor-element-c754e31 elementor-widget elementor-widget-heading\" data-id=\"c754e31\" data-element_type=\"widget\" data-e-type=\"widget\" data-widget_type=\"heading.default\">\n\t\t\t\t<div class=\"elementor-widget-container\">\n\t\t\t\t\t<h3 class=\"elementor-heading-title elementor-size-default\">How far is Marrakech airport from the city center?<\/h3>\t\t\t\t<\/div>\n\t\t\t\t<\/div>\n\t\t\t\t<div class=\"elementor-element elementor-element-5027b02 elementor-widget elementor-widget-text-editor\" data-id=\"5027b02\" data-element_type=\"widget\" data-e-type=\"widget\" data-widget_type=\"text-editor.default\">\n\t\t\t\t<div class=\"elementor-widget-container\">\n\t\t\t\t\t\t\t\t\t<p>Marrakech-Menara airport is about 6 km from the city's historic center, including the famous Jemaa el-Fna square. By car, the journey takes an average of 15 to 20 minutes, provided traffic flows smoothly. During rush hours, however, this time may be slightly longer due to heavy city traffic, especially on the main roads leading to the medina and tourist areas.<\/p>\t\t\t\t\t\t\t\t<\/div>\n\t\t\t\t<\/div>\n\t\t\t\t<div class=\"elementor-element elementor-element-235dc49 elementor-widget elementor-widget-heading\" data-id=\"235dc49\" data-element_type=\"widget\" data-e-type=\"widget\" data-widget_type=\"heading.default\">\n\t\t\t\t<div class=\"elementor-widget-container\">\n\t\t\t\t\t<h3 class=\"elementor-heading-title elementor-size-default\">How much does a cab from Marrakech airport to the Medina cost?<\/h3>\t\t\t\t<\/div>\n\t\t\t\t<\/div>\n\t\t\t\t<div class=\"elementor-element elementor-element-d9d1d5b elementor-widget elementor-widget-text-editor\" data-id=\"d9d1d5b\" data-element_type=\"widget\" data-e-type=\"widget\" data-widget_type=\"text-editor.default\">\n\t\t\t\t<div class=\"elementor-widget-container\">\n\t\t\t\t\t\t\t\t\t<p>Unlike cabs in other major cities, cabs at Marrakech-Menara airport are not metered, which means that prices are not fixed and must be negotiated before departure. In general, the fare to the city center varies between 70 and 100 MAD (6.40\u20ac - 9.15\u20ac \/ 7.00$ - 10.00$), depending on the exact destination and traffic conditions.<\/p><p>Rates vary from day to night, but it's advisable to agree the price with the driver in advance to avoid any unpleasant surprises. For greater peace of mind, you can also opt for a private transfer with a fixed price and a more comfortable service.<\/p>\t\t\t\t\t\t\t\t<\/div>\n\t\t\t\t<\/div>\n\t\t\t\t\t<\/div>\n\t\t<\/div>\n\t\t\t\t<div class=\"elementor-column elementor-col-50 elementor-top-column elementor-element elementor-element-4b56e3a9\" data-id=\"4b56e3a9\" data-element_type=\"column\" data-e-type=\"column\" data-settings=\"{&quot;background_background&quot;:&quot;classic&quot;}\">\n\t\t\t<div class=\"elementor-widget-wrap\">\n\t\t\t\t\t\t\t<\/div>\n\t\t<\/div>\n\t\t\t\t\t<\/div>\n\t\t<\/section>\n\t\t\t\t<\/div>","protected":false},"excerpt":{"rendered":"<p>Transferts de l&rsquo;a\u00e9roport de Marrakech au centre-ville (M\u00e9dina) Aeorport Marrakech Menara &gt; Transport\u00a0 \u00a0&gt; A\u00e9roport au centre-ville (M\u00e9dina) Options de transfert de l&rsquo;a\u00e9roport de Marrakech Menara au centre-ville de Marrakech (M\u00e9dina\/ Jemaa el-Fna) L&rsquo;a\u00e9roport international de Marrakech-Menara est parfaitement reli\u00e9 au centre-ville de Marrakech gr\u00e2ce \u00e0 divers moyens de transport, notamment les taxis, les bus [&hellip;]<\/p>\n","protected":false},"author":1,"featured_media":0,"parent":113,"menu_order":0,"comment_status":"closed","ping_status":"closed","template":"","meta":{"footnotes":""},"class_list":["post-1774","page","type-page","status-publish","hentry"],"_links":{"self":[{"href":"https:\/\/airport-marrakech.com\/en\/wp-json\/wp\/v2\/pages\/1774","targetHints":{"allow":["GET"]}}],"collection":[{"href":"https:\/\/airport-marrakech.com\/en\/wp-json\/wp\/v2\/pages"}],"about":[{"href":"https:\/\/airport-marrakech.com\/en\/wp-json\/wp\/v2\/types\/page"}],"author":[{"embeddable":true,"href":"https:\/\/airport-marrakech.com\/en\/wp-json\/wp\/v2\/users\/1"}],"replies":[{"embeddable":true,"href":"https:\/\/airport-marrakech.com\/en\/wp-json\/wp\/v2\/comments?post=1774"}],"version-history":[{"count":13,"href":"https:\/\/airport-marrakech.com\/en\/wp-json\/wp\/v2\/pages\/1774\/revisions"}],"predecessor-version":[{"id":1839,"href":"https:\/\/airport-marrakech.com\/en\/wp-json\/wp\/v2\/pages\/1774\/revisions\/1839"}],"up":[{"embeddable":true,"href":"https:\/\/airport-marrakech.com\/en\/wp-json\/wp\/v2\/pages\/113"}],"wp:attachment":[{"href":"https:\/\/airport-marrakech.com\/en\/wp-json\/wp\/v2\/media?parent=1774"}],"curies":[{"name":"wp","href":"https:\/\/api.w.org\/{rel}","templated":true}]}}