{"id":1774,"date":"2025-02-27T13:10:48","date_gmt":"2025-02-27T13:10:48","guid":{"rendered":"https:\/\/airport-marrakech.com\/?page_id=1774"},"modified":"2025-02-28T12:11:09","modified_gmt":"2025-02-28T12:11:09","slug":"traslados-desde-el-aeropuerto-de-marrakech-al-centro-de-la-ciudad","status":"publish","type":"page","link":"https:\/\/airport-marrakech.com\/es\/transport\/transferts-de-laeroport-de-marrakech-au-centre-ville\/","title":{"rendered":"Traslados del aeropuerto de Marrakech al centro de la ciudad (Medina)"},"content":{"rendered":"<div data-elementor-type=\"wp-page\" data-elementor-id=\"1774\" class=\"elementor elementor-1774\" data-elementor-post-type=\"page\">\n\t\t\t\t\t\t<section class=\"elementor-section elementor-top-section elementor-element elementor-element-560def9f elementor-section-height-min-height elementor-section-boxed elementor-section-height-default elementor-section-items-middle\" data-id=\"560def9f\" data-element_type=\"section\" data-e-type=\"section\" data-settings=\"{&quot;background_background&quot;:&quot;classic&quot;}\">\n\t\t\t\t\t\t\t<div class=\"elementor-background-overlay\"><\/div>\n\t\t\t\t\t\t\t<div class=\"elementor-container elementor-column-gap-default\">\n\t\t\t\t\t<div class=\"elementor-column elementor-col-100 elementor-top-column elementor-element elementor-element-65c5d5e8\" data-id=\"65c5d5e8\" data-element_type=\"column\" data-e-type=\"column\">\n\t\t\t<div class=\"elementor-widget-wrap elementor-element-populated\">\n\t\t\t\t\t\t<div class=\"elementor-element elementor-element-58428f33 elementor-widget elementor-widget-heading\" data-id=\"58428f33\" data-element_type=\"widget\" data-e-type=\"widget\" data-widget_type=\"heading.default\">\n\t\t\t\t<div class=\"elementor-widget-container\">\n\t\t\t\t\t<h1 class=\"elementor-heading-title elementor-size-default\">Traslados del aeropuerto de Marrakech al centro de la ciudad (Medina)<\/h1>\t\t\t\t<\/div>\n\t\t\t\t<\/div>\n\t\t\t\t<div class=\"elementor-element elementor-element-3ea0628 elementor-view-default elementor-invisible elementor-widget elementor-widget-icon\" data-id=\"3ea0628\" data-element_type=\"widget\" data-e-type=\"widget\" data-settings=\"{&quot;_animation&quot;:&quot;fadeInDown&quot;,&quot;_animation_delay&quot;:500}\" data-widget_type=\"icon.default\">\n\t\t\t\t<div class=\"elementor-widget-container\">\n\t\t\t\t\t\t\t<div class=\"elementor-icon-wrapper\">\n\t\t\t<div class=\"elementor-icon\">\n\t\t\t<svg aria-hidden=\"true\" class=\"e-font-icon-svg e-fas-chevron-down\" viewbox=\"0 0 448 512\" xmlns=\"http:\/\/www.w3.org\/2000\/svg\"><path d=\"M207.029 381.476L12.686 187.132c-9.373-9.373-9.373-24.569 0-33.941l22.667-22.667c9.357-9.357 24.522-9.375 33.901-.04L224 284.505l154.745-154.021c9.379-9.335 24.544-9.317 33.901.04l22.667 22.667c9.373 9.373 9.373 24.569 0 33.941L240.971 381.476c-9.373 9.372-24.569 9.372-33.942 0z\"><\/path><\/svg>\t\t\t<\/div>\n\t\t<\/div>\n\t\t\t\t\t\t<\/div>\n\t\t\t\t<\/div>\n\t\t\t\t\t<\/div>\n\t\t<\/div>\n\t\t\t\t\t<\/div>\n\t\t<\/section>\n\t\t\t\t<section class=\"elementor-section elementor-top-section elementor-element elementor-element-5a5eef55 elementor-section-content-middle elementor-section-boxed elementor-section-height-default elementor-section-height-default\" data-id=\"5a5eef55\" data-element_type=\"section\" data-e-type=\"section\">\n\t\t\t\t\t\t<div class=\"elementor-container elementor-column-gap-default\">\n\t\t\t\t\t<div class=\"elementor-column elementor-col-50 elementor-top-column elementor-element elementor-element-d687afe\" data-id=\"d687afe\" data-element_type=\"column\" data-e-type=\"column\">\n\t\t\t<div class=\"elementor-widget-wrap elementor-element-populated\">\n\t\t\t\t\t\t<div class=\"elementor-element elementor-element-5f384c6 elementor-widget elementor-widget-text-editor\" data-id=\"5f384c6\" data-element_type=\"widget\" data-e-type=\"widget\" data-widget_type=\"text-editor.default\">\n\t\t\t\t<div class=\"elementor-widget-container\">\n\t\t\t\t\t\t\t\t\t<p><strong><a href=\"https:\/\/airport-marrakech.com\/es\/\">Aeropuerto de Marrakech Menara<\/a><\/strong> &gt;<a href=\"https:\/\/airport-marrakech.com\/es\/transport\/\"> Transporte<\/a>\u00a0 \u00a0&gt; Aeropuerto en el centro de la ciudad (Medina)<\/p>\t\t\t\t\t\t\t\t<\/div>\n\t\t\t\t<\/div>\n\t\t\t\t<div class=\"elementor-element elementor-element-9a5997e elementor-widget elementor-widget-heading\" data-id=\"9a5997e\" data-element_type=\"widget\" data-e-type=\"widget\" data-widget_type=\"heading.default\">\n\t\t\t\t<div class=\"elementor-widget-container\">\n\t\t\t\t\t<h2 class=\"elementor-heading-title elementor-size-default\">Opciones de traslado desde el aeropuerto de Marrakech Menara al centro de Marrakech (Medina\/ Jemaa el-Fna)<\/h2>\t\t\t\t<\/div>\n\t\t\t\t<\/div>\n\t\t\t\t<div class=\"elementor-element elementor-element-53c71dc elementor-widget elementor-widget-text-editor\" data-id=\"53c71dc\" data-element_type=\"widget\" data-e-type=\"widget\" data-widget_type=\"text-editor.default\">\n\t\t\t\t<div class=\"elementor-widget-container\">\n\t\t\t\t\t\t\t\t\t<p>El aeropuerto internacional de Marrakech-Menara est\u00e1 perfectamente comunicado con el centro de Marrakech mediante diversos medios de transporte, como taxis, autobuses y servicios de alquiler de coches. Para una experiencia m\u00e1s c\u00f3moda y personalizada, <a href=\"https:\/\/airport-marrakech.com\/es\/transport\/transfert\/\">traslados privados<\/a> tambi\u00e9n est\u00e1n disponibles. En resumen, un<a href=\"https:\/\/airport-marrakech.com\/es\/transport\/taxi\/\"> taxi desde el aeropuerto de Marrakech<\/a> le llevar\u00e1 a su alojamiento en aproximadamente <strong>15 a 20 minutos<\/strong>con tasas que var\u00edan entre <strong>70 MAD y 100 MAD<\/strong> seg\u00fan el destino y la hora del d\u00eda. Por otro lado <a href=\"https:\/\/airport-marrakech.com\/es\/transport\/bus\/\">autob\u00fas del aeropuerto<\/a>l\u00edneas, como la l\u00ednea 19, ofrecen una alternativa m\u00e1s econ\u00f3mica con un precio de <strong>30 MAD<\/strong> para un viaje de unos <strong>30 minutos<\/strong>. Sin embargo, la duraci\u00f3n del trayecto puede verse influida por la intensidad del tr\u00e1fico, sobre todo en horas punta. Para los viajeros que deseen m\u00e1s independencia, el <a href=\"https:\/\/airport-marrakech.com\/es\/transport\/location-voiture-aeroport\/\">Alquiler de coches en el aeropuerto de Marrakech<\/a> sigue siendo una opci\u00f3n ideal, que ofrece flexibilidad y comodidad para explorar la ciudad y sus alrededores con total libertad.<\/p>\t\t\t\t\t\t\t\t<\/div>\n\t\t\t\t<\/div>\n\t\t\t\t<div class=\"elementor-element elementor-element-671dc9a elementor-widget elementor-widget-html\" data-id=\"671dc9a\" data-element_type=\"widget\" data-e-type=\"widget\" data-widget_type=\"html.default\">\n\t\t\t\t<div class=\"elementor-widget-container\">\n\t\t\t\t\t<table border=\"1\" cellspacing=\"0\" cellpadding=\"8\">\r\n    <tr>\r\n        <th>Opciones<\/th>\r\n        <th>Precio<\/th>\r\n        <th>Precio ($)<\/th>\r\n        <th>Precio (MAD)<\/th>\r\n        <th>Duraci\u00f3n<\/th>\r\n    <\/tr>\r\n    <tr>\r\n        <td>Taxi<\/td>\r\n        <td>6.40 - 9.15<\/td>\r\n        <td>7.00 - 10.00<\/td>\r\n        <td>70 - 100<\/td>\r\n        <td>15 - 20 min<\/td>\r\n    <\/tr>\r\n    <tr>\r\n        <td>Autob\u00fas<\/td>\r\n        <td>2.85<\/td>\r\n        <td>3.10<\/td>\r\n        <td>30<\/td>\r\n        <td>30 minutos<\/td>\r\n    <\/tr>\r\n<\/table>\r\n\t\t\t\t<\/div>\n\t\t\t\t<\/div>\n\t\t\t\t<div class=\"elementor-element elementor-element-9b81026 elementor-widget elementor-widget-heading\" data-id=\"9b81026\" data-element_type=\"widget\" data-e-type=\"widget\" data-widget_type=\"heading.default\">\n\t\t\t\t<div class=\"elementor-widget-container\">\n\t\t\t\t\t<h2 class=\"elementor-heading-title elementor-size-default\">Del aeropuerto de Marrakech al centro de Marrakech en taxi<\/h2>\t\t\t\t<\/div>\n\t\t\t\t<\/div>\n\t\t\t\t<div class=\"elementor-element elementor-element-5f532f7 elementor-widget elementor-widget-text-editor\" data-id=\"5f532f7\" data-element_type=\"widget\" data-e-type=\"widget\" data-widget_type=\"text-editor.default\">\n\t\t\t\t<div class=\"elementor-widget-container\">\n\t\t\t\t\t\t\t\t\t<p data-start=\"0\" data-end=\"777\">Toma un <a href=\"https:\/\/airport-marrakech.com\/es\/transport\/taxi\/\">taxi desde el aeropuerto de Marrakech-Menara<\/a> garantiza un traslado c\u00f3modo, pero la velocidad del trayecto puede verse afectada por el tr\u00e1fico, sobre todo en horas punta. Sin embargo, un taxi desde el aeropuerto de Marrakech le llevar\u00e1 directamente a su destino, ya sea en la medina hist\u00f3rica o en los barrios modernos de la ciudad, sin estr\u00e9s. La tarifa media var\u00eda entre 70 y 100 MAD (6,40\u20ac - 9,15\u20ac \/ 7,00$ - 10,00$), en funci\u00f3n de la distancia y del tr\u00e1fico, ya que los precios no son fijos. Las tarifas son las mismas de d\u00eda y de noche, y la propina queda a su discreci\u00f3n. El trayecto de unos 6 km dura de 15 a 20 minutos de media. Las paradas oficiales de taxis se encuentran a la salida de la terminal.<\/p><h3 data-start=\"779\" data-end=\"837\">Tipos de taxis disponibles en el aeropuerto de Marrakech :<\/h3><ul data-start=\"838\" data-end=\"1150\"><li data-start=\"838\" data-end=\"898\"><strong data-start=\"840\" data-end=\"856\">Taxis amarillos<\/strong> Taxis est\u00e1ndar y m\u00e1s asequibles.<\/li><li data-start=\"899\" data-end=\"1043\"><strong data-start=\"901\" data-end=\"924\">Grandes taxis blancos<\/strong> Veh\u00edculos m\u00e1s grandes con capacidad para varios pasajeros, ideales para viajes largos fuera de la ciudad.<\/li><li data-start=\"1044\" data-end=\"1150\"><strong data-start=\"1046\" data-end=\"1067\">Veh\u00edculos de gama alta<\/strong> servicios de traslado privado que ofrecen mayor comodidad y una mejor experiencia.<\/li><\/ul><p data-start=\"1152\" data-end=\"1179\">\u26a0 <strong data-start=\"1154\" data-end=\"1177\">Consejos importantes<\/strong> :<\/p><ul data-start=\"1180\" data-end=\"1466\"><li data-start=\"1180\" data-end=\"1271\"><strong data-start=\"1182\" data-end=\"1216\">Evite los taxis no oficiales<\/strong> y dar preferencia a los de los puestos oficiales.<\/li><li data-start=\"1272\" data-end=\"1377\"><strong data-start=\"1274\" data-end=\"1303\">Negocie siempre el precio<\/strong> antes de la salida, ya que los taxis no suelen tener tax\u00edmetro.<\/li><li data-start=\"1378\" data-end=\"1466\"><strong data-start=\"1380\" data-end=\"1406\">Cuidado con las estafas<\/strong> y frecuentes sobrecargas, sobre todo para los turistas.<\/li><\/ul><h3 data-start=\"1468\" data-end=\"1527\">Servicio recomendado para transferencias seguras y fiables<\/h3><p data-start=\"1528\" data-end=\"1798\">Hemos seleccionado uno de los <strong>mejores compa\u00f1\u00edas de taxi desde el aeropuerto de Marrakech<\/strong> bas\u00e1ndose en las opiniones de los usuarios en plataformas como <strong>Google, Tripadvisor y Trustpilot.<\/strong> <a href=\"https:\/\/taxi-marrakech-airport.com\/\" target=\"_blank\" rel=\"noopener\">Taxico<\/a> le garantiza una experiencia agradable y segura:<\/p><p data-start=\"1800\" data-end=\"1983\" data-is-only-node=\"\" data-is-last-node=\"\">\u2705 <strong data-start=\"1802\" data-end=\"1849\">Conductores locales que hablan varios idiomas<\/strong><br data-start=\"1849\" data-end=\"1852\" \/>\u2705 <strong data-start=\"1854\" data-end=\"1891\">Precios fijos y pago por adelantado<\/strong><br data-start=\"1891\" data-end=\"1894\" \/>\u2705 <strong data-start=\"1896\" data-end=\"1931\">Seguimiento del vuelo en caso de retraso<\/strong><br data-start=\"1931\" data-end=\"1934\" \/>\u2705 <strong data-start=\"1936\" data-end=\"1981\">Servicio de atenci\u00f3n al cliente 24\/7 + cancelaci\u00f3n gratuita<\/strong><\/p>\t\t\t\t\t\t\t\t<\/div>\n\t\t\t\t<\/div>\n\t\t\t\t<div class=\"elementor-element elementor-element-b8a252f elementor-widget elementor-widget-heading\" data-id=\"b8a252f\" data-element_type=\"widget\" data-e-type=\"widget\" data-widget_type=\"heading.default\">\n\t\t\t\t<div class=\"elementor-widget-container\">\n\t\t\t\t\t<h2 class=\"elementor-heading-title elementor-size-default\">C\u00f3mo llegar al centro de la ciudad desde el aeropuerto de Marrakech en autob\u00fas\n<\/h2>\t\t\t\t<\/div>\n\t\t\t\t<\/div>\n\t\t\t\t<div class=\"elementor-element elementor-element-c396259 elementor-widget elementor-widget-text-editor\" data-id=\"c396259\" data-element_type=\"widget\" data-e-type=\"widget\" data-widget_type=\"text-editor.default\">\n\t\t\t\t<div class=\"elementor-widget-container\">\n\t\t\t\t\t\t\t\t\t<p data-start=\"75\" data-end=\"425\">La \u00fanica opci\u00f3n de transporte p\u00fablico desde el aeropuerto de Marrakech-Menara la ofrece <strong data-start=\"172\" data-end=\"180\">Alsa<\/strong>una empresa de autobuses bien establecida en Marruecos. El sitio <strong data-start=\"231\" data-end=\"253\">autobuses de la l\u00ednea 19<\/strong> est\u00e1 especialmente dedicado a los trayectos entre el aeropuerto y el centro de la ciudad, ofreciendo una soluci\u00f3n econ\u00f3mica y pr\u00e1ctica para llegar a los principales barrios de Marrakech.<\/p><h4 data-start=\"427\" data-end=\"490\"><strong data-start=\"432\" data-end=\"488\">L\u00ednea 19 de autob\u00fas Alsa: transporte fiable y asequible<\/strong><\/h4><p data-start=\"491\" data-end=\"825\">El autob\u00fas 19 va del aeropuerto a la plaza Jemaa el-Fna en unos 30 minutos, con varias paradas estrat\u00e9gicas a lo largo del trayecto, sobre todo en el barrio de Hivernage, Gueliz y otras zonas tur\u00edsticas. El servicio funciona todos los d\u00edas de 6.00 a 21.30 horas, con una frecuencia de 20 a 30 minutos.<\/p><p data-start=\"827\" data-end=\"1158\">\u2705 <strong data-start=\"829\" data-end=\"843\">Horario :<\/strong> En <strong data-start=\"847\" data-end=\"863\">De 6.00 a 21.30 h.<\/strong><br data-start=\"863\" data-end=\"866\" \/>\u2705 <strong data-start=\"868\" data-end=\"883\">Frecuencia :<\/strong> Todos los <strong data-start=\"895\" data-end=\"914\">De 20 a 30 minutos<\/strong><br data-start=\"914\" data-end=\"917\" \/>\u2705 <strong data-start=\"919\" data-end=\"930\">Precio :<\/strong> <strong data-start=\"931\" data-end=\"941\">30 MAD<\/strong> (2,85 euros \/ 3,10$) para un billete sencillo \/ (2,85 euros \/ 3,10$) para un billete de ida y vuelta <strong data-start=\"981\" data-end=\"991\">50 MAD<\/strong> (4,75 euros \/ 5,35$) para un billete de ida y vuelta<br data-start=\"1028\" data-end=\"1031\" \/>\u2705 <strong data-start=\"1033\" data-end=\"1054\">Duraci\u00f3n del viaje :<\/strong> <strong data-start=\"1055\" data-end=\"1077\">30 minutos aproximadamente<\/strong><br data-start=\"1077\" data-end=\"1080\" \/>\u2705 <strong data-start=\"1082\" data-end=\"1105\">Paradas principales :<\/strong> Aeropuerto - Hivernage - Gueliz - Plaza Jemaa el-Fna<\/p><h4 data-start=\"1160\" data-end=\"1190\"><strong data-start=\"1165\" data-end=\"1188\">\u00bfD\u00f3nde coger el autob\u00fas?<\/strong><\/h4><p data-start=\"1191\" data-end=\"1333\">El funcionario <strong data-start=\"1211\" data-end=\"1221\">autob\u00fas 19<\/strong> se encuentra <strong data-start=\"1231\" data-end=\"1264\">justo fuera de la terminal<\/strong>. Puede comprar el billete directamente al conductor.<\/p>\t\t\t\t\t\t\t\t<\/div>\n\t\t\t\t<\/div>\n\t\t\t\t<div class=\"elementor-element elementor-element-91d42cd elementor-widget elementor-widget-heading\" data-id=\"91d42cd\" data-element_type=\"widget\" data-e-type=\"widget\" data-widget_type=\"heading.default\">\n\t\t\t\t<div class=\"elementor-widget-container\">\n\t\t\t\t\t<h2 class=\"elementor-heading-title elementor-size-default\">Alquiler de coches del aeropuerto al centro de Marrakech<\/h2>\t\t\t\t<\/div>\n\t\t\t\t<\/div>\n\t\t\t\t<div class=\"elementor-element elementor-element-3ad0058 elementor-widget elementor-widget-text-editor\" data-id=\"3ad0058\" data-element_type=\"widget\" data-e-type=\"widget\" data-widget_type=\"text-editor.default\">\n\t\t\t\t<div class=\"elementor-widget-container\">\n\t\t\t\t\t\t\t\t\t<p data-start=\"102\" data-end=\"659\">Opte por un <a href=\"https:\/\/airport-marrakech.com\/es\/transport\/location-voiture-aeroport\/\">Alquiler de coches en el aeropuerto de Marrakech<\/a>\u00a0es una excelente alternativa para quienes deseen explorar Marrakech y sus alrededores por su cuenta. Esta opci\u00f3n le permite evitar las limitaciones del transporte p\u00fablico y organizar su itinerario como desee. Ideal para los viajeros en familia o en grupo, un coche de alquiler ofrece un confort \u00f3ptimo y un acceso f\u00e1cil a los lugares tur\u00edsticos fuera del centro de la ciudad, como el valle de Ourika, el desierto de Agafay o Essaouira.<\/p><p data-start=\"661\" data-end=\"1128\">Sin embargo, antes de alquilar un veh\u00edculo, conviene reservar con antelaci\u00f3n para beneficiarse de las mejores tarifas y garantizar la disponibilidad del modelo deseado. Tambi\u00e9n es importante tener en cuenta que la conducci\u00f3n en Marrakech puede ser din\u00e1mica, sobre todo en la medina, donde las calles son estrechas y muy transitadas. Para mayor tranquilidad, es aconsejable elegir un hotel con aparcamiento vigilado u optar por aparcamientos vigilados.<\/p><p data-start=\"1130\" data-end=\"1470\" data-is-last-node=\"\" data-is-only-node=\"\">Saliendo del aeropuerto de Marrakech-Menara, basta con seguir la avenida Guemassa para llegar al centro de la ciudad en unos 15 minutos, una distancia de 6 km. Para mayor comodidad, algunas agencias ofrecen la entrega del veh\u00edculo directamente en el hotel, as\u00ed como un seguro adaptado a las condiciones locales.<\/p>\t\t\t\t\t\t\t\t<\/div>\n\t\t\t\t<\/div>\n\t\t\t\t<div class=\"elementor-element elementor-element-1c973e2 elementor-widget elementor-widget-heading\" data-id=\"1c973e2\" data-element_type=\"widget\" data-e-type=\"widget\" data-widget_type=\"heading.default\">\n\t\t\t\t<div class=\"elementor-widget-container\">\n\t\t\t\t\t<h2 class=\"elementor-heading-title elementor-size-default\">Traslados privados del aeropuerto al centro de Marrakech<\/h2>\t\t\t\t<\/div>\n\t\t\t\t<\/div>\n\t\t\t\t<div class=\"elementor-element elementor-element-c3c07a3 elementor-widget elementor-widget-text-editor\" data-id=\"c3c07a3\" data-element_type=\"widget\" data-e-type=\"widget\" data-widget_type=\"text-editor.default\">\n\t\t\t\t<div class=\"elementor-widget-container\">\n\t\t\t\t\t\t\t\t\t<p>Opte por un <a href=\"https:\/\/airport-marrakech.com\/es\/transport\/transfert\/\">Traslado privado desde el aeropuerto de Marrakech<\/a> es la soluci\u00f3n ideal para los viajeros que buscan comodidad, rapidez y tranquilidad. Este servicio combina <strong>comodidad y discreci\u00f3n<\/strong>Esto significa que pueden recogerle directamente fuera de la terminal y dejarle en su destino sin esperas ni desv\u00edos innecesarios.<\/p><p>A diferencia del transporte p\u00fablico o los taxis tradicionales, un <strong>el traslado privado garantiza una experiencia de alta gama<\/strong> con un veh\u00edculo con aire acondicionado y un conductor profesional, evitando colas y negociaciones de precios. Es la opci\u00f3n perfecta para familias, grupos o viajeros de negocios que deseen llegar con total tranquilidad a su hotel, riad u otra direcci\u00f3n en Marrakech.<\/p><p>Para un servicio impecable y una experiencia de primera, recomendamos <strong><a href=\"https:\/\/chatgpt.com\/c\/67c1a3ff-ff04-8012-ac0b-96fd03a7903b#\" target=\"_blank\" rel=\"noopener\">El mejor traslado del aeropuerto de Marrakech<\/a><\/strong>Somos especialistas en traslados privados, garantizando que su viaje sea tranquilo y seguro. Gracias a su servicio personalizado y <strong>Asistencia 24\/7<\/strong>Si reserva con antelaci\u00f3n, podr\u00e1 evitar el estr\u00e9s del transporte p\u00fablico y disfrutar de una comodidad absoluta. Si reservas con antelaci\u00f3n, recibir\u00e1s una bienvenida VIP a tu llegada, para que empieces tu estancia en las mejores condiciones.<\/p>\t\t\t\t\t\t\t\t<\/div>\n\t\t\t\t<\/div>\n\t\t\t\t<div class=\"elementor-element elementor-element-2b22d9c elementor-widget elementor-widget-heading\" data-id=\"2b22d9c\" data-element_type=\"widget\" data-e-type=\"widget\" data-widget_type=\"heading.default\">\n\t\t\t\t<div class=\"elementor-widget-container\">\n\t\t\t\t\t<h2 class=\"elementor-heading-title elementor-size-default\">De Marrakech al aeropuerto de Marrakech<\/h2>\t\t\t\t<\/div>\n\t\t\t\t<\/div>\n\t\t\t\t<div class=\"elementor-element elementor-element-50738bc elementor-widget elementor-widget-text-editor\" data-id=\"50738bc\" data-element_type=\"widget\" data-e-type=\"widget\" data-widget_type=\"text-editor.default\">\n\t\t\t\t<div class=\"elementor-widget-container\">\n\t\t\t\t\t\t\t\t\t<p>Si viaja con un equipaje voluminoso, o si desea llegar al aeropuerto de Marrakech c\u00f3modamente, sentado en un veh\u00edculo espacioso y agradable, el taxi es sin duda la mejor opci\u00f3n. Puede reservar su taxi con antelaci\u00f3n en una empresa especializada, o recogerlo directamente en un punto de estacionamiento oficial, como har\u00eda para un <a href=\"https:\/\/airport-marrakech.com\/es\/transport\/taxi\/\">taxi al aeropuerto de Marrakech<\/a> para garantizar un traslado seguro y c\u00f3modo. El trayecto hasta el aeropuerto internacional de Marrakech dura aproximadamente... <strong>De 20 a 30 minutos <\/strong>dependiendo del tr\u00e1fico y de su punto de partida. Como norma general, puede esperar pagar alrededor de <strong>150 dirhams (unos 14 euros) <\/strong>para este trayecto, sea cual sea la hora del d\u00eda, ya que los peque\u00f1os taxis rojos tienen tax\u00edmetro. Sin embargo, si se opta por un traslado privado o un servicio de lujo, los precios pueden alcanzar los 2.000 euros. <strong>300 dirhams (unos 28 euros) <\/strong>o m\u00e1s, pero ofrecen un confort y una comodidad superiores.<\/p>\t\t\t\t\t\t\t\t<\/div>\n\t\t\t\t<\/div>\n\t\t\t\t<div class=\"elementor-element elementor-element-a9429c6 elementor-widget elementor-widget-heading\" data-id=\"a9429c6\" data-element_type=\"widget\" data-e-type=\"widget\" data-widget_type=\"heading.default\">\n\t\t\t\t<div class=\"elementor-widget-container\">\n\t\t\t\t\t<h2 class=\"elementor-heading-title elementor-size-default\">PREGUNTAS FRECUENTES <\/h2>\t\t\t\t<\/div>\n\t\t\t\t<\/div>\n\t\t\t\t<div class=\"elementor-element elementor-element-c754e31 elementor-widget elementor-widget-heading\" data-id=\"c754e31\" data-element_type=\"widget\" data-e-type=\"widget\" data-widget_type=\"heading.default\">\n\t\t\t\t<div class=\"elementor-widget-container\">\n\t\t\t\t\t<h3 class=\"elementor-heading-title elementor-size-default\">\u00bfA qu\u00e9 distancia est\u00e1 el aeropuerto de Marrakech del centro de la ciudad?<\/h3>\t\t\t\t<\/div>\n\t\t\t\t<\/div>\n\t\t\t\t<div class=\"elementor-element elementor-element-5027b02 elementor-widget elementor-widget-text-editor\" data-id=\"5027b02\" data-element_type=\"widget\" data-e-type=\"widget\" data-widget_type=\"text-editor.default\">\n\t\t\t\t<div class=\"elementor-widget-container\">\n\t\t\t\t\t\t\t\t\t<p>El aeropuerto de Marrakech-Menara est\u00e1 a unos 6 km del centro hist\u00f3rico de la ciudad, incluida la famosa plaza Jemaa el-Fna. En coche, el trayecto dura una media de 15 a 20 minutos, siempre que el tr\u00e1fico sea fluido. Sin embargo, en las horas punta, este tiempo puede ser ligeramente superior debido al intenso tr\u00e1fico urbano, sobre todo en las principales carreteras que conducen a la medina y a las zonas tur\u00edsticas.<\/p>\t\t\t\t\t\t\t\t<\/div>\n\t\t\t\t<\/div>\n\t\t\t\t<div class=\"elementor-element elementor-element-235dc49 elementor-widget elementor-widget-heading\" data-id=\"235dc49\" data-element_type=\"widget\" data-e-type=\"widget\" data-widget_type=\"heading.default\">\n\t\t\t\t<div class=\"elementor-widget-container\">\n\t\t\t\t\t<h3 class=\"elementor-heading-title elementor-size-default\">\u00bfCu\u00e1nto cuesta un taxi del aeropuerto de Marrakech a la Medina?<\/h3>\t\t\t\t<\/div>\n\t\t\t\t<\/div>\n\t\t\t\t<div class=\"elementor-element elementor-element-d9d1d5b elementor-widget elementor-widget-text-editor\" data-id=\"d9d1d5b\" data-element_type=\"widget\" data-e-type=\"widget\" data-widget_type=\"text-editor.default\">\n\t\t\t\t<div class=\"elementor-widget-container\">\n\t\t\t\t\t\t\t\t\t<p>A diferencia de los taxis de otras grandes ciudades, los taxis del aeropuerto de Marrakech-Menara no tienen tax\u00edmetro, lo que significa que los precios no son fijos y deben negociarse antes de la salida. En general, la tarifa para un trayecto al centro de la ciudad var\u00eda entre 70 y 100 MAD (6,40\u20ac - 9,15\u20ac \/ 7,00$ - 10,00$), dependiendo del destino exacto y de las condiciones del tr\u00e1fico.<\/p><p>Las tarifas son diferentes para los traslados diurnos y nocturnos, pero es aconsejable acordar el precio con el conductor de antemano para evitar sorpresas desagradables. Para mayor tranquilidad, tambi\u00e9n puede optar por un traslado privado con un precio fijo y un servicio m\u00e1s c\u00f3modo.<\/p>\t\t\t\t\t\t\t\t<\/div>\n\t\t\t\t<\/div>\n\t\t\t\t\t<\/div>\n\t\t<\/div>\n\t\t\t\t<div class=\"elementor-column elementor-col-50 elementor-top-column elementor-element elementor-element-4b56e3a9\" data-id=\"4b56e3a9\" data-element_type=\"column\" data-e-type=\"column\" data-settings=\"{&quot;background_background&quot;:&quot;classic&quot;}\">\n\t\t\t<div class=\"elementor-widget-wrap\">\n\t\t\t\t\t\t\t<\/div>\n\t\t<\/div>\n\t\t\t\t\t<\/div>\n\t\t<\/section>\n\t\t\t\t<\/div>","protected":false},"excerpt":{"rendered":"<p>Transferts de l&rsquo;a\u00e9roport de Marrakech au centre-ville (M\u00e9dina) Aeorport Marrakech Menara &gt; Transport\u00a0 \u00a0&gt; A\u00e9roport au centre-ville (M\u00e9dina) Options de transfert de l&rsquo;a\u00e9roport de Marrakech Menara au centre-ville de Marrakech (M\u00e9dina\/ Jemaa el-Fna) L&rsquo;a\u00e9roport international de Marrakech-Menara est parfaitement reli\u00e9 au centre-ville de Marrakech gr\u00e2ce \u00e0 divers moyens de transport, notamment les taxis, les bus [&hellip;]<\/p>\n","protected":false},"author":1,"featured_media":0,"parent":113,"menu_order":0,"comment_status":"closed","ping_status":"closed","template":"","meta":{"footnotes":""},"class_list":["post-1774","page","type-page","status-publish","hentry"],"_links":{"self":[{"href":"https:\/\/airport-marrakech.com\/es\/wp-json\/wp\/v2\/pages\/1774","targetHints":{"allow":["GET"]}}],"collection":[{"href":"https:\/\/airport-marrakech.com\/es\/wp-json\/wp\/v2\/pages"}],"about":[{"href":"https:\/\/airport-marrakech.com\/es\/wp-json\/wp\/v2\/types\/page"}],"author":[{"embeddable":true,"href":"https:\/\/airport-marrakech.com\/es\/wp-json\/wp\/v2\/users\/1"}],"replies":[{"embeddable":true,"href":"https:\/\/airport-marrakech.com\/es\/wp-json\/wp\/v2\/comments?post=1774"}],"version-history":[{"count":13,"href":"https:\/\/airport-marrakech.com\/es\/wp-json\/wp\/v2\/pages\/1774\/revisions"}],"predecessor-version":[{"id":1839,"href":"https:\/\/airport-marrakech.com\/es\/wp-json\/wp\/v2\/pages\/1774\/revisions\/1839"}],"up":[{"embeddable":true,"href":"https:\/\/airport-marrakech.com\/es\/wp-json\/wp\/v2\/pages\/113"}],"wp:attachment":[{"href":"https:\/\/airport-marrakech.com\/es\/wp-json\/wp\/v2\/media?parent=1774"}],"curies":[{"name":"wp","href":"https:\/\/api.w.org\/{rel}","templated":true}]}}