{"id":254,"date":"2024-09-20T18:45:32","date_gmt":"2024-09-20T18:45:32","guid":{"rendered":"https:\/\/airport-marrakech.com\/?page_id=254"},"modified":"2025-10-20T13:26:42","modified_gmt":"2025-10-20T13:26:42","slug":"taxi","status":"publish","type":"page","link":"https:\/\/airport-marrakech.com\/es\/transport\/taxi\/","title":{"rendered":"Taxi aeropuerto"},"content":{"rendered":"<div data-elementor-type=\"wp-page\" data-elementor-id=\"254\" class=\"elementor elementor-254\" data-elementor-post-type=\"page\">\n\t\t\t\t\t\t<section class=\"elementor-section elementor-top-section elementor-element elementor-element-560def9f elementor-section-height-min-height elementor-section-boxed elementor-section-height-default elementor-section-items-middle\" data-id=\"560def9f\" data-element_type=\"section\" data-e-type=\"section\" data-settings=\"{&quot;background_background&quot;:&quot;classic&quot;}\">\n\t\t\t\t\t\t\t<div class=\"elementor-background-overlay\"><\/div>\n\t\t\t\t\t\t\t<div class=\"elementor-container elementor-column-gap-default\">\n\t\t\t\t\t<div class=\"elementor-column elementor-col-100 elementor-top-column elementor-element elementor-element-65c5d5e8\" data-id=\"65c5d5e8\" data-element_type=\"column\" data-e-type=\"column\">\n\t\t\t<div class=\"elementor-widget-wrap elementor-element-populated\">\n\t\t\t\t\t\t<div class=\"elementor-element elementor-element-58428f33 elementor-widget elementor-widget-heading\" data-id=\"58428f33\" data-element_type=\"widget\" data-e-type=\"widget\" data-widget_type=\"heading.default\">\n\t\t\t\t<div class=\"elementor-widget-container\">\n\t\t\t\t\t<h1 class=\"elementor-heading-title elementor-size-default\">Taxi Aeropuerto Marrakech<\/h1>\t\t\t\t<\/div>\n\t\t\t\t<\/div>\n\t\t\t\t<div class=\"elementor-element elementor-element-4e9a4b5f elementor-widget elementor-widget-heading\" data-id=\"4e9a4b5f\" data-element_type=\"widget\" data-e-type=\"widget\" data-widget_type=\"heading.default\">\n\t\t\t\t<div class=\"elementor-widget-container\">\n\t\t\t\t\t<p class=\"elementor-heading-title elementor-size-default\">Toda la informaci\u00f3n sobre tarifas de taxi, paradas y rutas populares\n\n<\/p>\t\t\t\t<\/div>\n\t\t\t\t<\/div>\n\t\t\t\t<div class=\"elementor-element elementor-element-b8c40a3 elementor-align-center elementor-widget elementor-widget-button\" data-id=\"b8c40a3\" data-element_type=\"widget\" data-e-type=\"widget\" data-widget_type=\"button.default\">\n\t\t\t\t<div class=\"elementor-widget-container\">\n\t\t\t\t\t\t\t\t\t<div class=\"elementor-button-wrapper\">\n\t\t\t\t\t<a class=\"elementor-button elementor-button-link elementor-size-sm elementor-animation-grow\" href=\"#Reservez-taxi\">\n\t\t\t\t\t\t<span class=\"elementor-button-content-wrapper\">\n\t\t\t\t\t\t\t\t\t<span class=\"elementor-button-text\">Reserve sus traslados con antelaci\u00f3n<\/span>\n\t\t\t\t\t<\/span>\n\t\t\t\t\t<\/a>\n\t\t\t\t<\/div>\n\t\t\t\t\t\t\t\t<\/div>\n\t\t\t\t<\/div>\n\t\t\t\t<div class=\"elementor-element elementor-element-3ea0628 elementor-view-default elementor-invisible elementor-widget elementor-widget-icon\" data-id=\"3ea0628\" data-element_type=\"widget\" data-e-type=\"widget\" data-settings=\"{&quot;_animation&quot;:&quot;fadeInDown&quot;,&quot;_animation_delay&quot;:500}\" data-widget_type=\"icon.default\">\n\t\t\t\t<div class=\"elementor-widget-container\">\n\t\t\t\t\t\t\t<div class=\"elementor-icon-wrapper\">\n\t\t\t<div class=\"elementor-icon\">\n\t\t\t<svg aria-hidden=\"true\" class=\"e-font-icon-svg e-fas-chevron-down\" viewbox=\"0 0 448 512\" xmlns=\"http:\/\/www.w3.org\/2000\/svg\"><path d=\"M207.029 381.476L12.686 187.132c-9.373-9.373-9.373-24.569 0-33.941l22.667-22.667c9.357-9.357 24.522-9.375 33.901-.04L224 284.505l154.745-154.021c9.379-9.335 24.544-9.317 33.901.04l22.667 22.667c9.373 9.373 9.373 24.569 0 33.941L240.971 381.476c-9.373 9.372-24.569 9.372-33.942 0z\"><\/path><\/svg>\t\t\t<\/div>\n\t\t<\/div>\n\t\t\t\t\t\t<\/div>\n\t\t\t\t<\/div>\n\t\t\t\t\t<\/div>\n\t\t<\/div>\n\t\t\t\t\t<\/div>\n\t\t<\/section>\n\t\t\t\t<section class=\"elementor-section elementor-top-section elementor-element elementor-element-5a5eef55 elementor-section-content-middle elementor-section-boxed elementor-section-height-default elementor-section-height-default\" data-id=\"5a5eef55\" data-element_type=\"section\" data-e-type=\"section\">\n\t\t\t\t\t\t<div class=\"elementor-container elementor-column-gap-default\">\n\t\t\t\t\t<div class=\"elementor-column elementor-col-50 elementor-top-column elementor-element elementor-element-d687afe\" data-id=\"d687afe\" data-element_type=\"column\" data-e-type=\"column\">\n\t\t\t<div class=\"elementor-widget-wrap elementor-element-populated\">\n\t\t\t\t\t\t<div class=\"elementor-element elementor-element-5f384c6 elementor-widget elementor-widget-text-editor\" data-id=\"5f384c6\" data-element_type=\"widget\" data-e-type=\"widget\" data-widget_type=\"text-editor.default\">\n\t\t\t\t<div class=\"elementor-widget-container\">\n\t\t\t\t\t\t\t\t\t<p><strong><a href=\"https:\/\/airport-marrakech.com\/es\/\">Aeropuerto de Marrakech Menara<\/a><\/strong> &gt;<a href=\"https:\/\/airport-marrakech.com\/es\/transport\/\"> Transporte<\/a>\u00a0 \u00a0&gt; Taxis<\/p>\t\t\t\t\t\t\t\t<\/div>\n\t\t\t\t<\/div>\n\t\t\t\t<div class=\"elementor-element elementor-element-9a5997e elementor-widget elementor-widget-heading\" data-id=\"9a5997e\" data-element_type=\"widget\" data-e-type=\"widget\" data-widget_type=\"heading.default\">\n\t\t\t\t<div class=\"elementor-widget-container\">\n\t\t\t\t\t<h2 class=\"elementor-heading-title elementor-size-default\">\u00bfPor qu\u00e9 coger un taxi desde el aeropuerto de Marrakech?<\/h2>\t\t\t\t<\/div>\n\t\t\t\t<\/div>\n\t\t\t\t<div class=\"elementor-element elementor-element-53c71dc elementor-widget elementor-widget-text-editor\" data-id=\"53c71dc\" data-element_type=\"widget\" data-e-type=\"widget\" data-widget_type=\"text-editor.default\">\n\t\t\t\t<div class=\"elementor-widget-container\">\n\t\t\t\t\t\t\t\t\t<p>Con un taxi desde el aeropuerto de Marrakech, seguro que viajar\u00e1 con comodidad y estilo. Los taxis de Marrakech no est\u00e1n divididos en categor\u00edas como en Estambul, pero siguen ofreciendo un servicio c\u00f3modo y fiable. Los taxis oficiales del aeropuerto se reconocen por su color beige. Estos taxis est\u00e1n disponibles las 24 horas del d\u00eda y le llevar\u00e1n directamente a su destino, ya sea un hotel, una pensi\u00f3n u otra direcci\u00f3n.<\/p><p>Los taxis del aeropuerto de Marrakech ofrecen una amplia gama de <strong>servicios puerta a puerta<\/strong>Esto es esencial en una ciudad en la que la medina puede resultar dif\u00edcil de recorrer para los reci\u00e9n llegados. Las tarifas suelen fijarse en funci\u00f3n del destino y var\u00edan entre 1.000 y 1.000 euros. <strong>100 y 150 MAD<\/strong> hasta el centro o la estaci\u00f3n de Marrakech. No obstante, es aconsejable consultar la tarifa con el conductor antes de subir para evitar sorpresas.<\/p><p>Aunque el tr\u00e1fico en Marrakech no es tan denso como en Estambul, puede haber retrasos seg\u00fan la hora punta, sobre todo en la entrada al centro de la ciudad.<\/p>\t\t\t\t\t\t\t\t<\/div>\n\t\t\t\t<\/div>\n\t\t\t\t<div class=\"elementor-element elementor-element-c0e638c elementor-widget elementor-widget-image\" data-id=\"c0e638c\" data-element_type=\"widget\" data-e-type=\"widget\" data-widget_type=\"image.default\">\n\t\t\t\t<div class=\"elementor-widget-container\">\n\t\t\t\t\t\t\t\t\t\t\t\t\t\t\t<img fetchpriority=\"high\" decoding=\"async\" width=\"670\" height=\"446\" src=\"https:\/\/airport-marrakech.com\/wp-content\/uploads\/2024\/09\/taxi-aeroport-marrakech.jpg\" class=\"attachment-large size-large wp-image-256\" alt=\"taxi aeropuerto marrakech\" srcset=\"https:\/\/airport-marrakech.com\/wp-content\/uploads\/2024\/09\/taxi-aeroport-marrakech.jpg 670w, https:\/\/airport-marrakech.com\/wp-content\/uploads\/2024\/09\/taxi-aeroport-marrakech-300x200.jpg 300w\" sizes=\"(max-width: 670px) 100vw, 670px\" \/>\t\t\t\t\t\t\t\t\t\t\t\t\t\t\t<\/div>\n\t\t\t\t<\/div>\n\t\t\t\t<div class=\"elementor-element elementor-element-9b81026 elementor-widget elementor-widget-heading\" data-id=\"9b81026\" data-element_type=\"widget\" data-e-type=\"widget\" data-widget_type=\"heading.default\">\n\t\t\t\t<div class=\"elementor-widget-container\">\n\t\t\t\t\t<h2 class=\"elementor-heading-title elementor-size-default\">Tarifas y precios de los taxis del aeropuerto de Marrakech<\/h2>\t\t\t\t<\/div>\n\t\t\t\t<\/div>\n\t\t\t\t<div class=\"elementor-element elementor-element-5f532f7 elementor-widget elementor-widget-text-editor\" data-id=\"5f532f7\" data-element_type=\"widget\" data-e-type=\"widget\" data-widget_type=\"text-editor.default\">\n\t\t\t\t<div class=\"elementor-widget-container\">\n\t\t\t\t\t\t\t\t\t<p>Los taxis del aeropuerto de Marrakech funcionan con una tarifa fija para los trayectos a los principales destinos de la ciudad, a diferencia de los taxis con tax\u00edmetro que se utilizan en otras ciudades como Estambul. Los trayectos desde el aeropuerto de Marrakech hasta el centro de la ciudad, la medina o la estaci\u00f3n de tren suelen costar entre 1.000 y 2.000 euros. <strong>100 y 150 MAD<\/strong> (sobre <strong>9 \u00e0 14\u20ac<\/strong>), dependiendo de la hora del d\u00eda y del destino exacto.<\/p><p>Los taxis de Marrakech no cobran suplementos por el tr\u00e1fico, y las carreteras no est\u00e1n sujetas a peajes como en Estambul. Sin embargo, siempre es aconsejable acordar la tarifa con el conductor antes de iniciar el trayecto. El trayecto entre el aeropuerto y la plaza Jemaa el-Fna dura unos 30 minutos. <strong>15 a 20 minutos<\/strong>en funci\u00f3n del tr\u00e1fico.<\/p><p>Aunque en Marrakech no se producen atascos tan graves como en Estambul, siempre es aconsejable prever un poco m\u00e1s de tiempo en las horas punta para evitar retrasos inesperados.<\/p>\t\t\t\t\t\t\t\t<\/div>\n\t\t\t\t<\/div>\n\t\t\t\t<div class=\"elementor-element elementor-element-c396259 elementor-widget elementor-widget-text-editor\" data-id=\"c396259\" data-element_type=\"widget\" data-e-type=\"widget\" data-widget_type=\"text-editor.default\">\n\t\t\t\t<div class=\"elementor-widget-container\">\n\t\t\t\t\t\t\t\t\t<p>Hemos elegido una de las compa\u00f1\u00edas de taxis m\u00e1s fiables y mejor valoradas para su traslado desde el aeropuerto de Marrakech, seg\u00fan las opiniones de los usuarios en plataformas como Google, Tripadvisor y Trustpilot. <a href=\"https:\/\/taxi-marrakech-airport.com\/\" target=\"_blank\" rel=\"noopener\">Taxico<\/a> y <a href=\"https:\/\/marrakech-airport-taxi.com\/\" target=\"_blank\" rel=\"noopener\">Taxi Aeropuerto Marrakech<\/a> garantiza una experiencia de viaje excepcional, combinada con una seguridad \u00f3ptima.<\/p><ul><li>Conductores locales de habla inglesa<\/li><li>Tarifas fijas y de prepago<\/li><li>Seguimiento de vuelos en tiempo real en caso de retrasos<\/li><li>Atenci\u00f3n al cliente 24 horas y cancelaciones gratuitas<\/li><\/ul><p>Con <strong>Taxico<\/strong>Disfrutar\u00e1 de un traslado sin complicaciones, perfectamente adaptado a sus necesidades, desde el momento en que llegue a Marrakech.<\/p>\t\t\t\t\t\t\t\t<\/div>\n\t\t\t\t<\/div>\n\t\t\t\t<div class=\"elementor-element elementor-element-5b5425b elementor-align-left elementor-widget elementor-widget-button\" data-id=\"5b5425b\" data-element_type=\"widget\" data-e-type=\"widget\" data-widget_type=\"button.default\">\n\t\t\t\t<div class=\"elementor-widget-container\">\n\t\t\t\t\t\t\t\t\t<div class=\"elementor-button-wrapper\">\n\t\t\t\t\t<a class=\"elementor-button elementor-button-link elementor-size-sm elementor-animation-grow\" href=\"#Reservez-taxi\">\n\t\t\t\t\t\t<span class=\"elementor-button-content-wrapper\">\n\t\t\t\t\t\t\t\t\t<span class=\"elementor-button-text\">Reserve un taxi ahora<\/span>\n\t\t\t\t\t<\/span>\n\t\t\t\t\t<\/a>\n\t\t\t\t<\/div>\n\t\t\t\t\t\t\t\t<\/div>\n\t\t\t\t<\/div>\n\t\t\t\t<div class=\"elementor-element elementor-element-91d42cd elementor-widget elementor-widget-heading\" data-id=\"91d42cd\" data-element_type=\"widget\" data-e-type=\"widget\" data-widget_type=\"heading.default\">\n\t\t\t\t<div class=\"elementor-widget-container\">\n\t\t\t\t\t<h2 class=\"elementor-heading-title elementor-size-default\">Tarifas de taxi desde Aeropuerto de Marrakech a los destinos m\u00e1s populares<\/h2>\t\t\t\t<\/div>\n\t\t\t\t<\/div>\n\t\t\t\t<div class=\"elementor-element elementor-element-3ad0058 elementor-widget elementor-widget-text-editor\" data-id=\"3ad0058\" data-element_type=\"widget\" data-e-type=\"widget\" data-widget_type=\"text-editor.default\">\n\t\t\t\t<div class=\"elementor-widget-container\">\n\t\t\t\t\t\t\t\t\t<p>Aqu\u00ed tiene un resumen de las tarifas de taxi desde el aeropuerto de Marrakech a los destinos m\u00e1s populares de la ciudad (en taxis oficiales):<\/p>\t\t\t\t\t\t\t\t<\/div>\n\t\t\t\t<\/div>\n\t\t\t\t<div class=\"elementor-element elementor-element-f148941 elementor-widget elementor-widget-html\" data-id=\"f148941\" data-element_type=\"widget\" data-e-type=\"widget\" data-widget_type=\"html.default\">\n\t\t\t\t<div class=\"elementor-widget-container\">\n\t\t\t\t\t<table border=\"1\" cellpadding=\"10\" cellspacing=\"0\">  \r\n  <caption><strong>Tarifas de taxi desde Aeropuerto de Marrakech a los destinos m\u00e1s populares<\/strong><\/caption>  \r\n  <thead>    \r\n    <tr>      \r\n      <th>Destino<\/th>      \r\n      <th>Precio (en MAD)<\/th>      \r\n      <th>Duraci\u00f3n estimada<\/th>    \r\n    <\/tr>  \r\n  <\/thead>  \r\n  <tbody>    \r\n    <tr>      \r\n      <td>Plaza Jemaa el-Fna (Medina)<\/td>      \r\n      <td>170 - 200 MAD<\/td>      \r\n      <td>15 a 20 minutos<\/td>    \r\n    <\/tr>    \r\n    <tr>      \r\n      <td>Estaci\u00f3n de Marrakech (ONCF)<\/td>      \r\n      <td>180 - 200 MAD<\/td>      \r\n      <td>15 a 20 minutos<\/td>    \r\n    <\/tr>    \r\n    <tr>      \r\n      <td>Gu\u00e9liz<\/td>      \r\n      <td>180 - 200 MAD<\/td>      \r\n      <td>10 a 15 minutos<\/td>    \r\n    <\/tr>    \r\n    <tr>      \r\n      <td>Palmeraie<\/td>      \r\n      <td>200 - 250 MAD<\/td>      \r\n      <td>De 25 a 30 minutos<\/td>    \r\n    <\/tr>    \r\n    <tr>      \r\n      <td>Agdal<\/td>      \r\n      <td>180 - 200 MAD<\/td>      \r\n      <td>15 a 20 minutos<\/td>    \r\n    <\/tr>    \r\n    <tr>      \r\n      <td>Essaouira<\/td>      \r\n      <td>900 - 1200 MAD<\/td>      \r\n      <td>2 h 30 \u00e0 3 h<\/td>    \r\n    <\/tr>  \r\n  <\/tbody>\r\n<\/table>\r\n\t\t\t\t<\/div>\n\t\t\t\t<\/div>\n\t\t\t\t<div class=\"elementor-element elementor-element-1c973e2 elementor-widget elementor-widget-heading\" data-id=\"1c973e2\" data-element_type=\"widget\" data-e-type=\"widget\" data-widget_type=\"heading.default\">\n\t\t\t\t<div class=\"elementor-widget-container\">\n\t\t\t\t\t<h2 class=\"elementor-heading-title elementor-size-default\">\u00bfD\u00f3nde est\u00e1 la parada de taxis del aeropuerto de Marrakech?<\/h2>\t\t\t\t<\/div>\n\t\t\t\t<\/div>\n\t\t\t\t<div class=\"elementor-element elementor-element-c3c07a3 elementor-widget elementor-widget-text-editor\" data-id=\"c3c07a3\" data-element_type=\"widget\" data-e-type=\"widget\" data-widget_type=\"text-editor.default\">\n\t\t\t\t<div class=\"elementor-widget-container\">\n\t\t\t\t\t\t\t\t\t<p>La parada de taxis del aeropuerto de Marrakech-Menara se encuentra a la salida de la terminal de llegadas. Est\u00e1 bien se\u00f1alizada y es de f\u00e1cil acceso para los viajeros. Nada m\u00e1s salir del vest\u00edbulo de llegadas, ver\u00e1 varios taxis oficiales de color beige alineados y listos para llevarle a su destino, ya sea el centro de la ciudad, la medina u otros puntos de inter\u00e9s de Marrakech.<\/p>\t\t\t\t\t\t\t\t<\/div>\n\t\t\t\t<\/div>\n\t\t\t\t<div class=\"elementor-element elementor-element-2b22d9c elementor-widget elementor-widget-heading\" data-id=\"2b22d9c\" data-element_type=\"widget\" data-e-type=\"widget\" data-widget_type=\"heading.default\">\n\t\t\t\t<div class=\"elementor-widget-container\">\n\t\t\t\t\t<h2 class=\"elementor-heading-title elementor-size-default\">Taxi del aeropuerto de Marrakech al hotel<\/h2>\t\t\t\t<\/div>\n\t\t\t\t<\/div>\n\t\t\t\t<div class=\"elementor-element elementor-element-50738bc elementor-widget elementor-widget-text-editor\" data-id=\"50738bc\" data-element_type=\"widget\" data-e-type=\"widget\" data-widget_type=\"text-editor.default\">\n\t\t\t\t<div class=\"elementor-widget-container\">\n\t\t\t\t\t\t\t\t\t<p>Los taxis del aeropuerto de Marrakech-Menara son una forma r\u00e1pida y c\u00f3moda de llegar directamente al hotel a su llegada. A la salida de la terminal de llegadas, encontrar\u00e1 f\u00e1cilmente taxis oficiales de color beige en fila, listos para llevarle adonde desee. Para desplazarse al centro de la ciudad o a la medina, el precio oscila entre 1.000 y 1.500 euros. <strong>100 y 150 MAD<\/strong> (es decir, aproximadamente <strong>9 \u00e0 14\u20ac<\/strong>), seg\u00fan la distancia y la hora del d\u00eda.<\/p><p>Estos taxis est\u00e1n disponibles a todas horas, por lo que ofrecen una gran flexibilidad tanto si llega por la ma\u00f1ana temprano como por la noche. Adem\u00e1s, le dejar\u00e1n directamente en la puerta de su hotel, por lo que su traslado ser\u00e1 sencillo y sin complicaciones, especialmente pr\u00e1ctico con equipaje. Para evitar sorpresas, no dude en confirmar la tarifa con el conductor antes de la salida.<\/p>\t\t\t\t\t\t\t\t<\/div>\n\t\t\t\t<\/div>\n\t\t\t\t<div class=\"elementor-element elementor-element-ad7a310 elementor-widget elementor-widget-heading\" data-id=\"ad7a310\" data-element_type=\"widget\" data-e-type=\"widget\" data-widget_type=\"heading.default\">\n\t\t\t\t<div class=\"elementor-widget-container\">\n\t\t\t\t\t<h2 class=\"elementor-heading-title elementor-size-default\">Consejos para el taxi del aeropuerto de Marrakech<\/h2>\t\t\t\t<\/div>\n\t\t\t\t<\/div>\n\t\t\t\t<div class=\"elementor-element elementor-element-082a4f4 elementor-widget elementor-widget-text-editor\" data-id=\"082a4f4\" data-element_type=\"widget\" data-e-type=\"widget\" data-widget_type=\"text-editor.default\">\n\t\t\t\t<div class=\"elementor-widget-container\">\n\t\t\t\t\t\t\t\t\t<p>La mayor\u00eda de los taxistas de Marrakech prefieren pagar en efectivo y no suelen aceptar tarjetas de cr\u00e9dito o d\u00e9bito. Por ello, es aconsejable llevar dirhams marroqu\u00edes encima, aunque algunos taxis pueden aceptar el pago en euros, si bien el tipo de cambio puede no ser favorable.<\/p><p>He aqu\u00ed algunos consejos \u00fatiles para su trayecto en taxi por Marrakech:<\/p><ul><li>La tarifa se fija de antemano, a diferencia de los taxis con tax\u00edmetro que se utilizan en otras ciudades. Aseg\u00farese de discutir y confirmar la tarifa con el conductor antes de iniciar el viaje.<\/li><li>Utilizar una aplicaci\u00f3n de navegaci\u00f3n puede ser \u00fatil para comprobar que el conductor sigue la ruta m\u00e1s r\u00e1pida hacia su destino.<\/li><li>No es obligatorio dejar propina, pero redondear el precio final es una pr\u00e1ctica habitual.<\/li><li>Es aconsejable llevar la direcci\u00f3n del hotel o destino escrita en franc\u00e9s o \u00e1rabe, ya que algunos conductores pueden no hablar ingl\u00e9s.<\/li><li>Es mejor evitar coger un taxi en hora punta (generalmente de 8.00 a 10.00 y de 17.00 a 19.00), sobre todo si tiene prisa o un presupuesto limitado, ya que el tr\u00e1fico puede ser denso a esas horas.<\/li><li>No se f\u00ede nunca de las personas que ofrecen servicios de taxi de manera informal. Coge siempre tu taxi en las paradas oficiales o a trav\u00e9s de una app.<\/li><\/ul><p>Si prefiere reservar con antelaci\u00f3n, sitios como <strong>Taxico<\/strong> \u00a0es el servicio de taxi m\u00e1s popular de Marrakech y le permite pedir y pagar f\u00e1cilmente un taxi en l\u00ednea a trav\u00e9s del smartphone.<\/p>\t\t\t\t\t\t\t\t<\/div>\n\t\t\t\t<\/div>\n\t\t\t\t<div class=\"elementor-element elementor-element-a9429c6 elementor-widget elementor-widget-heading\" data-id=\"a9429c6\" data-element_type=\"widget\" data-e-type=\"widget\" data-widget_type=\"heading.default\">\n\t\t\t\t<div class=\"elementor-widget-container\">\n\t\t\t\t\t<h2 class=\"elementor-heading-title elementor-size-default\">PREGUNTAS FRECUENTES <\/h2>\t\t\t\t<\/div>\n\t\t\t\t<\/div>\n\t\t\t\t<div class=\"elementor-element elementor-element-c754e31 elementor-widget elementor-widget-heading\" data-id=\"c754e31\" data-element_type=\"widget\" data-e-type=\"widget\" data-widget_type=\"heading.default\">\n\t\t\t\t<div class=\"elementor-widget-container\">\n\t\t\t\t\t<h3 class=\"elementor-heading-title elementor-size-default\">\u00bfCu\u00e1nto cuesta un taxi desde el aeropuerto de Marrakech a Gueliz?<\/h3>\t\t\t\t<\/div>\n\t\t\t\t<\/div>\n\t\t\t\t<div class=\"elementor-element elementor-element-5027b02 elementor-widget elementor-widget-text-editor\" data-id=\"5027b02\" data-element_type=\"widget\" data-e-type=\"widget\" data-widget_type=\"text-editor.default\">\n\t\t\t\t<div class=\"elementor-widget-container\">\n\t\t\t\t\t\t\t\t\t<p>Un taxi desde el aeropuerto de Marrakech-Menara a Gu\u00e9liz cuesta generalmente entre <strong>100 y 150 MAD<\/strong> (sobre <strong>9 \u00e0 14\u20ac<\/strong>). La tarifa puede variar ligeramente seg\u00fan la hora del d\u00eda o las condiciones del tr\u00e1fico, pero es aconsejable acordar el precio con el conductor antes de iniciar el viaje. El trayecto dura aproximadamente <strong>15 a 20 minutos<\/strong>dependiendo de las condiciones del tr\u00e1fico.<\/p>\t\t\t\t\t\t\t\t<\/div>\n\t\t\t\t<\/div>\n\t\t\t\t<div class=\"elementor-element elementor-element-235dc49 elementor-widget elementor-widget-heading\" data-id=\"235dc49\" data-element_type=\"widget\" data-e-type=\"widget\" data-widget_type=\"heading.default\">\n\t\t\t\t<div class=\"elementor-widget-container\">\n\t\t\t\t\t<h3 class=\"elementor-heading-title elementor-size-default\">\u00bfCu\u00e1nto cuesta un taxi desde el aeropuerto de Marrakech a Jemaa el Fna?<\/h3>\t\t\t\t<\/div>\n\t\t\t\t<\/div>\n\t\t\t\t<div class=\"elementor-element elementor-element-d9d1d5b elementor-widget elementor-widget-text-editor\" data-id=\"d9d1d5b\" data-element_type=\"widget\" data-e-type=\"widget\" data-widget_type=\"text-editor.default\">\n\t\t\t\t<div class=\"elementor-widget-container\">\n\t\t\t\t\t\t\t\t\t<p>Un taxi desde el aeropuerto de Marrakech-Menara hasta la plaza Jemaa el-Fna cuesta generalmente entre <strong>100 y 150 MAD<\/strong> (sobre <strong>9 \u00e0 14\u20ac<\/strong>). El viaje dura aproximadamente <strong>15 a 20 minutos<\/strong>dependiendo del tr\u00e1fico. Es aconsejable acordar la tarifa con el conductor antes de subir al taxi para evitar confusiones.<\/p>\t\t\t\t\t\t\t\t<\/div>\n\t\t\t\t<\/div>\n\t\t\t\t<div class=\"elementor-element elementor-element-cc29801 elementor-widget elementor-widget-heading\" data-id=\"cc29801\" data-element_type=\"widget\" data-e-type=\"widget\" data-widget_type=\"heading.default\">\n\t\t\t\t<div class=\"elementor-widget-container\">\n\t\t\t\t\t<h3 class=\"elementor-heading-title elementor-size-default\">\u00bfAceptan los taxis tarjetas de cr\u00e9dito en Marrakech?<\/h3>\t\t\t\t<\/div>\n\t\t\t\t<\/div>\n\t\t\t\t<div class=\"elementor-element elementor-element-9af5546 elementor-widget elementor-widget-text-editor\" data-id=\"9af5546\" data-element_type=\"widget\" data-e-type=\"widget\" data-widget_type=\"text-editor.default\">\n\t\t\t\t<div class=\"elementor-widget-container\">\n\t\t\t\t\t\t\t\t\t<p>En general, los taxis de Marrakech no aceptan tarjetas de cr\u00e9dito. El pago se realiza casi exclusivamente en efectivo, en <strong>Dirhams marroqu\u00edes<\/strong>. Por lo tanto, es aconsejable llevar suficiente dinero en efectivo para pagar el trayecto en taxi. Si necesita sacar dinero, hay cajeros autom\u00e1ticos en el aeropuerto y en varios puntos de la ciudad.<\/p>\t\t\t\t\t\t\t\t<\/div>\n\t\t\t\t<\/div>\n\t\t\t\t\t<\/div>\n\t\t<\/div>\n\t\t\t\t<div class=\"elementor-column elementor-col-50 elementor-top-column elementor-element elementor-element-4b56e3a9\" data-id=\"4b56e3a9\" data-element_type=\"column\" data-e-type=\"column\" data-settings=\"{&quot;background_background&quot;:&quot;classic&quot;}\">\n\t\t\t<div class=\"elementor-widget-wrap elementor-element-populated\">\n\t\t\t\t\t\t<div class=\"elementor-element elementor-element-91a9a53 elementor-widget elementor-widget-menu-anchor\" data-id=\"91a9a53\" data-element_type=\"widget\" data-e-type=\"widget\" data-widget_type=\"menu-anchor.default\">\n\t\t\t\t<div class=\"elementor-widget-container\">\n\t\t\t\t\t\t\t<div class=\"elementor-menu-anchor\" id=\"Reservez-taxi\"><\/div>\n\t\t\t\t\t\t<\/div>\n\t\t\t\t<\/div>\n\t\t\t\t<div class=\"elementor-element elementor-element-566942f elementor-widget elementor-widget-heading\" data-id=\"566942f\" data-element_type=\"widget\" data-e-type=\"widget\" data-widget_type=\"heading.default\">\n\t\t\t\t<div class=\"elementor-widget-container\">\n\t\t\t\t\t<h2 class=\"elementor-heading-title elementor-size-default\">Reserve su taxi ahora<\/h2>\t\t\t\t<\/div>\n\t\t\t\t<\/div>\n\t\t\t\t<div class=\"elementor-element elementor-element-bf6696e elementor-widget elementor-widget-shortcode\" data-id=\"bf6696e\" data-element_type=\"widget\" data-e-type=\"widget\" data-widget_type=\"shortcode.default\">\n\t\t\t\t<div class=\"elementor-widget-container\">\n\t\t\t\t\t\t\t<div class=\"elementor-shortcode\"><div id=\"welcomepickups\">\n\n<script type=\"text\/props\">\n\n{\n\n\"city_name\":\"marrakech\",\n\n\"partner_id\":\"63468\",\n\n\"locale\":\"fr\",\n\n\"\":\"\"\n\n}\n\n\n<\/script>\n\n<\/div>\n\n<script src=\" https:\/\/cdn.b2b.welcomepickups.com\/widget\/bundle.js\"><\/script><\/div>\n\t\t\t\t\t\t<\/div>\n\t\t\t\t<\/div>\n\t\t\t\t\t<\/div>\n\t\t<\/div>\n\t\t\t\t\t<\/div>\n\t\t<\/section>\n\t\t\t\t<\/div>","protected":false},"excerpt":{"rendered":"<p>Taxi Aeroport Marrakech Toutes les informations sur les tarifs et les prix des taxis, les stations de taxis et les itin\u00e9raires populaires R\u00e9servez \u00e0 L&rsquo;avance Vos Transferts Aeorport Marrakech Menara &gt; Transport\u00a0 \u00a0&gt; Taxis Pourquoi prendre un taxi \u00e0 l&rsquo;a\u00e9roport de Marrakech Avec un taxi de l&rsquo;a\u00e9roport de Marrakech, vous voyagerez assur\u00e9ment dans le confort [&hellip;]<\/p>\n","protected":false},"author":1,"featured_media":0,"parent":113,"menu_order":0,"comment_status":"closed","ping_status":"closed","template":"","meta":{"footnotes":""},"class_list":["post-254","page","type-page","status-publish","hentry"],"_links":{"self":[{"href":"https:\/\/airport-marrakech.com\/es\/wp-json\/wp\/v2\/pages\/254","targetHints":{"allow":["GET"]}}],"collection":[{"href":"https:\/\/airport-marrakech.com\/es\/wp-json\/wp\/v2\/pages"}],"about":[{"href":"https:\/\/airport-marrakech.com\/es\/wp-json\/wp\/v2\/types\/page"}],"author":[{"embeddable":true,"href":"https:\/\/airport-marrakech.com\/es\/wp-json\/wp\/v2\/users\/1"}],"replies":[{"embeddable":true,"href":"https:\/\/airport-marrakech.com\/es\/wp-json\/wp\/v2\/comments?post=254"}],"version-history":[{"count":87,"href":"https:\/\/airport-marrakech.com\/es\/wp-json\/wp\/v2\/pages\/254\/revisions"}],"predecessor-version":[{"id":3628,"href":"https:\/\/airport-marrakech.com\/es\/wp-json\/wp\/v2\/pages\/254\/revisions\/3628"}],"up":[{"embeddable":true,"href":"https:\/\/airport-marrakech.com\/es\/wp-json\/wp\/v2\/pages\/113"}],"wp:attachment":[{"href":"https:\/\/airport-marrakech.com\/es\/wp-json\/wp\/v2\/media?parent=254"}],"curies":[{"name":"wp","href":"https:\/\/api.w.org\/{rel}","templated":true}]}}