{"id":1774,"date":"2025-02-27T13:10:48","date_gmt":"2025-02-27T13:10:48","guid":{"rendered":"https:\/\/airport-marrakech.com\/?page_id=1774"},"modified":"2025-02-28T12:11:09","modified_gmt":"2025-02-28T12:11:09","slug":"trasferimenti-dallaeroporto-di-marrakech-al-centro-della-citta","status":"publish","type":"page","link":"https:\/\/airport-marrakech.com\/it\/transport\/transferts-de-laeroport-de-marrakech-au-centre-ville\/","title":{"rendered":"Trasferimenti dall'aeroporto di Marrakech al centro citt\u00e0 (Medina)"},"content":{"rendered":"<div data-elementor-type=\"wp-page\" data-elementor-id=\"1774\" class=\"elementor elementor-1774\" data-elementor-post-type=\"page\">\n\t\t\t\t\t\t<section class=\"elementor-section elementor-top-section elementor-element elementor-element-560def9f elementor-section-height-min-height elementor-section-boxed elementor-section-height-default elementor-section-items-middle\" data-id=\"560def9f\" data-element_type=\"section\" data-e-type=\"section\" data-settings=\"{&quot;background_background&quot;:&quot;classic&quot;}\">\n\t\t\t\t\t\t\t<div class=\"elementor-background-overlay\"><\/div>\n\t\t\t\t\t\t\t<div class=\"elementor-container elementor-column-gap-default\">\n\t\t\t\t\t<div class=\"elementor-column elementor-col-100 elementor-top-column elementor-element elementor-element-65c5d5e8\" data-id=\"65c5d5e8\" data-element_type=\"column\" data-e-type=\"column\">\n\t\t\t<div class=\"elementor-widget-wrap elementor-element-populated\">\n\t\t\t\t\t\t<div class=\"elementor-element elementor-element-58428f33 elementor-widget elementor-widget-heading\" data-id=\"58428f33\" data-element_type=\"widget\" data-e-type=\"widget\" data-widget_type=\"heading.default\">\n\t\t\t\t<div class=\"elementor-widget-container\">\n\t\t\t\t\t<h1 class=\"elementor-heading-title elementor-size-default\">Trasferimenti dall'aeroporto di Marrakech al centro citt\u00e0 (Medina)<\/h1>\t\t\t\t<\/div>\n\t\t\t\t<\/div>\n\t\t\t\t<div class=\"elementor-element elementor-element-3ea0628 elementor-view-default elementor-invisible elementor-widget elementor-widget-icon\" data-id=\"3ea0628\" data-element_type=\"widget\" data-e-type=\"widget\" data-settings=\"{&quot;_animation&quot;:&quot;fadeInDown&quot;,&quot;_animation_delay&quot;:500}\" data-widget_type=\"icon.default\">\n\t\t\t\t<div class=\"elementor-widget-container\">\n\t\t\t\t\t\t\t<div class=\"elementor-icon-wrapper\">\n\t\t\t<div class=\"elementor-icon\">\n\t\t\t<svg aria-hidden=\"true\" class=\"e-font-icon-svg e-fas-chevron-down\" viewbox=\"0 0 448 512\" xmlns=\"http:\/\/www.w3.org\/2000\/svg\"><path d=\"M207.029 381.476L12.686 187.132c-9.373-9.373-9.373-24.569 0-33.941l22.667-22.667c9.357-9.357 24.522-9.375 33.901-.04L224 284.505l154.745-154.021c9.379-9.335 24.544-9.317 33.901.04l22.667 22.667c9.373 9.373 9.373 24.569 0 33.941L240.971 381.476c-9.373 9.372-24.569 9.372-33.942 0z\"><\/path><\/svg>\t\t\t<\/div>\n\t\t<\/div>\n\t\t\t\t\t\t<\/div>\n\t\t\t\t<\/div>\n\t\t\t\t\t<\/div>\n\t\t<\/div>\n\t\t\t\t\t<\/div>\n\t\t<\/section>\n\t\t\t\t<section class=\"elementor-section elementor-top-section elementor-element elementor-element-5a5eef55 elementor-section-content-middle elementor-section-boxed elementor-section-height-default elementor-section-height-default\" data-id=\"5a5eef55\" data-element_type=\"section\" data-e-type=\"section\">\n\t\t\t\t\t\t<div class=\"elementor-container elementor-column-gap-default\">\n\t\t\t\t\t<div class=\"elementor-column elementor-col-50 elementor-top-column elementor-element elementor-element-d687afe\" data-id=\"d687afe\" data-element_type=\"column\" data-e-type=\"column\">\n\t\t\t<div class=\"elementor-widget-wrap elementor-element-populated\">\n\t\t\t\t\t\t<div class=\"elementor-element elementor-element-5f384c6 elementor-widget elementor-widget-text-editor\" data-id=\"5f384c6\" data-element_type=\"widget\" data-e-type=\"widget\" data-widget_type=\"text-editor.default\">\n\t\t\t\t<div class=\"elementor-widget-container\">\n\t\t\t\t\t\t\t\t\t<p><strong><a href=\"https:\/\/airport-marrakech.com\/it\/\">Aeroporto di Marrakech Menara<\/a><\/strong> &gt;<a href=\"https:\/\/airport-marrakech.com\/it\/transport\/\"> Trasporto<\/a>\u00a0 \u00a0&gt; Aeroporto nel centro della citt\u00e0 (Medina)<\/p>\t\t\t\t\t\t\t\t<\/div>\n\t\t\t\t<\/div>\n\t\t\t\t<div class=\"elementor-element elementor-element-9a5997e elementor-widget elementor-widget-heading\" data-id=\"9a5997e\" data-element_type=\"widget\" data-e-type=\"widget\" data-widget_type=\"heading.default\">\n\t\t\t\t<div class=\"elementor-widget-container\">\n\t\t\t\t\t<h2 class=\"elementor-heading-title elementor-size-default\">Opzioni di trasferimento dall'aeroporto di Marrakech Menara al centro di Marrakech (Medina\/ Jemaa el-Fna)<\/h2>\t\t\t\t<\/div>\n\t\t\t\t<\/div>\n\t\t\t\t<div class=\"elementor-element elementor-element-53c71dc elementor-widget elementor-widget-text-editor\" data-id=\"53c71dc\" data-element_type=\"widget\" data-e-type=\"widget\" data-widget_type=\"text-editor.default\">\n\t\t\t\t<div class=\"elementor-widget-container\">\n\t\t\t\t\t\t\t\t\t<p>L'aeroporto internazionale di Marrakech-Menara \u00e8 perfettamente collegato al centro di Marrakech da diversi mezzi di trasporto, tra cui taxi, autobus e servizi di autonoleggio. Per un'esperienza pi\u00f9 confortevole e personalizzata, <a href=\"https:\/\/airport-marrakech.com\/it\/transport\/transfert\/\">trasferimenti privati<\/a> sono anch'essi disponibili. In breve, un<a href=\"https:\/\/airport-marrakech.com\/it\/transport\/taxi\/\"> taxi dall'aeroporto di Marrakech<\/a> vi porter\u00e0 al vostro alloggio in circa <strong>15-20 minuti<\/strong>con tassi che variano tra <strong>70 MAD e 100 MAD<\/strong> a seconda della destinazione e dell'ora del giorno. D'altra parte <a href=\"https:\/\/airport-marrakech.com\/it\/transport\/bus\/\">autobus per l'aeroporto<\/a>Le linee, come la linea 19, offrono un'alternativa pi\u00f9 economica, con un prezzo di <strong>30 MAD<\/strong> per un viaggio di circa <strong>30 minuti<\/strong>. Tuttavia, i tempi di percorrenza possono essere influenzati dall'intensit\u00e0 del traffico, soprattutto nelle ore di punta. Per i viaggiatori che desiderano una maggiore indipendenza, il <a href=\"https:\/\/airport-marrakech.com\/it\/transport\/location-voiture-aeroport\/\">Noleggio auto all'aeroporto di Marrakech<\/a> rimane un'opzione ideale, che offre flessibilit\u00e0 e comfort per esplorare la citt\u00e0 e i suoi dintorni in piena libert\u00e0.<\/p>\t\t\t\t\t\t\t\t<\/div>\n\t\t\t\t<\/div>\n\t\t\t\t<div class=\"elementor-element elementor-element-671dc9a elementor-widget elementor-widget-html\" data-id=\"671dc9a\" data-element_type=\"widget\" data-e-type=\"widget\" data-widget_type=\"html.default\">\n\t\t\t\t<div class=\"elementor-widget-container\">\n\t\t\t\t\t<table border=\"1\" cellspacing=\"0\" cellpadding=\"8\">\r\n    <tr>\r\n        <th>Opzioni<\/th>\r\n        <th>Prezzo (\u20ac)<\/th>\r\n        <th>Prezzo ($)<\/th>\r\n        <th>Prezzo (MAD)<\/th>\r\n        <th>Durata<\/th>\r\n    <\/tr>\r\n    <tr>\r\n        <td>Taxi<\/td>\r\n        <td>6.40 - 9.15<\/td>\r\n        <td>7.00 - 10.00<\/td>\r\n        <td>70 - 100<\/td>\r\n        <td>15 - 20 min.<\/td>\r\n    <\/tr>\r\n    <tr>\r\n        <td>Autobus<\/td>\r\n        <td>2.85<\/td>\r\n        <td>3.10<\/td>\r\n        <td>30<\/td>\r\n        <td>30 minuti<\/td>\r\n    <\/tr>\r\n<\/table>\r\n\t\t\t\t<\/div>\n\t\t\t\t<\/div>\n\t\t\t\t<div class=\"elementor-element elementor-element-9b81026 elementor-widget elementor-widget-heading\" data-id=\"9b81026\" data-element_type=\"widget\" data-e-type=\"widget\" data-widget_type=\"heading.default\">\n\t\t\t\t<div class=\"elementor-widget-container\">\n\t\t\t\t\t<h2 class=\"elementor-heading-title elementor-size-default\">Dall'aeroporto di Marrakech al centro di Marrakech in taxi<\/h2>\t\t\t\t<\/div>\n\t\t\t\t<\/div>\n\t\t\t\t<div class=\"elementor-element elementor-element-5f532f7 elementor-widget elementor-widget-text-editor\" data-id=\"5f532f7\" data-element_type=\"widget\" data-e-type=\"widget\" data-widget_type=\"text-editor.default\">\n\t\t\t\t<div class=\"elementor-widget-container\">\n\t\t\t\t\t\t\t\t\t<p data-start=\"0\" data-end=\"777\">Prendete un <a href=\"https:\/\/airport-marrakech.com\/it\/transport\/taxi\/\">taxi dall'aeroporto di Marrakech-Menara<\/a> garantisce un trasferimento confortevole, ma la velocit\u00e0 del viaggio pu\u00f2 essere influenzata dal traffico, soprattutto nelle ore di punta. Tuttavia, un taxi dall'aeroporto di Marrakech vi porter\u00e0 direttamente a destinazione, sia nella medina storica che nei quartieri moderni della citt\u00e0, senza stress. La tariffa media varia tra i 70 e i 100 MAD (6,40\u20ac - 9,15\u20ac \/ 7,00$ - 10,00$), a seconda della distanza e del traffico, poich\u00e9 i prezzi non sono fissi. Le tariffe rimangono invariate giorno e notte e la mancia \u00e8 a vostra discrezione. Il viaggio di circa 6 km dura in media 15-20 minuti. Le stazioni ufficiali dei taxi si trovano appena fuori dal terminal.<\/p><h3 data-start=\"779\" data-end=\"837\">Tipi di taxi disponibili all'aeroporto di Marrakech :<\/h3><ul data-start=\"838\" data-end=\"1150\"><li data-start=\"838\" data-end=\"898\"><strong data-start=\"840\" data-end=\"856\">Taxi gialli<\/strong> Taxi standard e pi\u00f9 convenienti.<\/li><li data-start=\"899\" data-end=\"1043\"><strong data-start=\"901\" data-end=\"924\">Grandi taxi bianchi<\/strong> veicoli pi\u00f9 grandi che possono ospitare pi\u00f9 passeggeri, ideali per i lunghi viaggi fuori citt\u00e0.<\/li><li data-start=\"1044\" data-end=\"1150\"><strong data-start=\"1046\" data-end=\"1067\">Veicoli premium<\/strong> servizi di trasferimento privato che offrono maggiore comfort e una migliore esperienza.<\/li><\/ul><p data-start=\"1152\" data-end=\"1179\">\u26a0 <strong data-start=\"1154\" data-end=\"1177\">Consigli importanti<\/strong> :<\/p><ul data-start=\"1180\" data-end=\"1466\"><li data-start=\"1180\" data-end=\"1271\"><strong data-start=\"1182\" data-end=\"1216\">Evitare i taxi non ufficiali<\/strong> e dare la preferenza a quelli delle stazioni ufficiali.<\/li><li data-start=\"1272\" data-end=\"1377\"><strong data-start=\"1274\" data-end=\"1303\">Negoziare sempre il prezzo<\/strong> prima della partenza, poich\u00e9 i taxi in genere non hanno il tassametro.<\/li><li data-start=\"1378\" data-end=\"1466\"><strong data-start=\"1380\" data-end=\"1406\">Attenzione alle truffe<\/strong> e frequenti sovraccarichi, soprattutto per i turisti.<\/li><\/ul><h3 data-start=\"1468\" data-end=\"1527\">Servizio consigliato per trasferimenti sicuri e affidabili<\/h3><p data-start=\"1528\" data-end=\"1798\">Abbiamo selezionato uno dei <strong>Le migliori compagnie di taxi dall'aeroporto di Marrakech<\/strong> sulla base delle recensioni degli utenti su piattaforme come <strong>Google, Tripadvisor e Trustpilot.<\/strong> <a href=\"https:\/\/taxi-marrakech-airport.com\/\" target=\"_blank\" rel=\"noopener\">Taxico<\/a> vi garantisce un'esperienza piacevole e sicura:<\/p><p data-start=\"1800\" data-end=\"1983\" data-is-only-node=\"\" data-is-last-node=\"\">\u2705 <strong data-start=\"1802\" data-end=\"1849\">Autisti locali che parlano diverse lingue<\/strong><br data-start=\"1849\" data-end=\"1852\" \/>\u2705 <strong data-start=\"1854\" data-end=\"1891\">Prezzi fissi e pagamento anticipato<\/strong><br data-start=\"1891\" data-end=\"1894\" \/>\u2705 <strong data-start=\"1896\" data-end=\"1931\">Tracciabilit\u00e0 del volo in caso di ritardo<\/strong><br data-start=\"1931\" data-end=\"1934\" \/>\u2705 <strong data-start=\"1936\" data-end=\"1981\">Servizio clienti 24\/7 + cancellazione gratuita<\/strong><\/p>\t\t\t\t\t\t\t\t<\/div>\n\t\t\t\t<\/div>\n\t\t\t\t<div class=\"elementor-element elementor-element-b8a252f elementor-widget elementor-widget-heading\" data-id=\"b8a252f\" data-element_type=\"widget\" data-e-type=\"widget\" data-widget_type=\"heading.default\">\n\t\t\t\t<div class=\"elementor-widget-container\">\n\t\t\t\t\t<h2 class=\"elementor-heading-title elementor-size-default\">Raggiungere il centro citt\u00e0 dall'aeroporto di Marrakech in autobus\n<\/h2>\t\t\t\t<\/div>\n\t\t\t\t<\/div>\n\t\t\t\t<div class=\"elementor-element elementor-element-c396259 elementor-widget elementor-widget-text-editor\" data-id=\"c396259\" data-element_type=\"widget\" data-e-type=\"widget\" data-widget_type=\"text-editor.default\">\n\t\t\t\t<div class=\"elementor-widget-container\">\n\t\t\t\t\t\t\t\t\t<p data-start=\"75\" data-end=\"425\">L'unica opzione di trasporto pubblico dall'aeroporto di Marrakech-Menara \u00e8 fornita da <strong data-start=\"172\" data-end=\"180\">Alsa<\/strong>una societ\u00e0 di autobus ben consolidata in Marocco. Il <strong data-start=\"231\" data-end=\"253\">linea 19 autobus<\/strong> \u00e8 appositamente dedicato agli spostamenti tra l'aeroporto e il centro citt\u00e0, offrendo una soluzione economica e pratica per raggiungere i principali quartieri di Marrakech.<\/p><h4 data-start=\"427\" data-end=\"490\"><strong data-start=\"432\" data-end=\"488\">Alsa Bus Line 19: trasporto affidabile e conveniente<\/strong><\/h4><p data-start=\"491\" data-end=\"825\">L'autobus 19 collega l'aeroporto a Place Jemaa el-Fna in circa 30 minuti, con diverse fermate strategiche lungo il percorso, in particolare nel quartiere Hivernage, a Gueliz e in altre zone turistiche. Il servizio \u00e8 attivo tutti i giorni dalle 6.00 alle 21.30, con corse ogni 20-30 minuti.<\/p><p data-start=\"827\" data-end=\"1158\">\u2705 <strong data-start=\"829\" data-end=\"843\">Orario :<\/strong> Da <strong data-start=\"847\" data-end=\"863\">Dalle 6.00 alle 21.30.<\/strong><br data-start=\"863\" data-end=\"866\" \/>\u2705 <strong data-start=\"868\" data-end=\"883\">Frequenza :<\/strong> Tutti i <strong data-start=\"895\" data-end=\"914\">Da 20 a 30 minuti<\/strong><br data-start=\"914\" data-end=\"917\" \/>\u2705 <strong data-start=\"919\" data-end=\"930\">Prezzo :<\/strong> <strong data-start=\"931\" data-end=\"941\">30 MAD<\/strong> (\u20ac 2,85 \/ 3,10$) per un biglietto singolo \/ (\u20ac 2,85 \/ 3,10$) per un biglietto a due vie <strong data-start=\"981\" data-end=\"991\">50 MAD<\/strong> (4,75 \u20ac \/ 5.35$) per un biglietto di andata e ritorno<br data-start=\"1028\" data-end=\"1031\" \/>\u2705 <strong data-start=\"1033\" data-end=\"1054\">Durata del viaggio :<\/strong> <strong data-start=\"1055\" data-end=\"1077\">Circa 30 minuti<\/strong><br data-start=\"1077\" data-end=\"1080\" \/>\u2705 <strong data-start=\"1082\" data-end=\"1105\">Fermate principali :<\/strong> Aeroporto - Hivernage - Gueliz - Piazza Jemaa el-Fna<\/p><h4 data-start=\"1160\" data-end=\"1190\"><strong data-start=\"1165\" data-end=\"1188\">Dove prendere l'autobus?<\/strong><\/h4><p data-start=\"1191\" data-end=\"1333\">Il sito ufficiale <strong data-start=\"1211\" data-end=\"1221\">autobus 19<\/strong> si trova <strong data-start=\"1231\" data-end=\"1264\">appena fuori dal terminal<\/strong>. \u00c8 possibile acquistare il biglietto direttamente dall'autista.<\/p>\t\t\t\t\t\t\t\t<\/div>\n\t\t\t\t<\/div>\n\t\t\t\t<div class=\"elementor-element elementor-element-91d42cd elementor-widget elementor-widget-heading\" data-id=\"91d42cd\" data-element_type=\"widget\" data-e-type=\"widget\" data-widget_type=\"heading.default\">\n\t\t\t\t<div class=\"elementor-widget-container\">\n\t\t\t\t\t<h2 class=\"elementor-heading-title elementor-size-default\">Noleggio auto dall'aeroporto al centro di Marrakech<\/h2>\t\t\t\t<\/div>\n\t\t\t\t<\/div>\n\t\t\t\t<div class=\"elementor-element elementor-element-3ad0058 elementor-widget elementor-widget-text-editor\" data-id=\"3ad0058\" data-element_type=\"widget\" data-e-type=\"widget\" data-widget_type=\"text-editor.default\">\n\t\t\t\t<div class=\"elementor-widget-container\">\n\t\t\t\t\t\t\t\t\t<p data-start=\"102\" data-end=\"659\">Optate per un <a href=\"https:\/\/airport-marrakech.com\/it\/transport\/location-voiture-aeroport\/\">Noleggio auto all'aeroporto di Marrakech<\/a>\u00a0\u00e8 un'ottima alternativa per chi desidera esplorare Marrakech e i suoi dintorni da solo. Questa opzione vi permette di evitare i vincoli del trasporto pubblico e di organizzare il vostro itinerario come meglio credete. Ideale per chi viaggia in famiglia o in gruppo, l'auto a noleggio offre un comfort ottimale e un facile accesso ai siti turistici fuori dal centro citt\u00e0, come la valle dell'Ourika, il deserto di Agafay o Essaouira.<\/p><p data-start=\"661\" data-end=\"1128\">Tuttavia, prima di noleggiare un veicolo, \u00e8 consigliabile prenotare in anticipo per beneficiare delle migliori tariffe e per garantire la disponibilit\u00e0 del modello desiderato. \u00c8 inoltre importante notare che la guida a Marrakech pu\u00f2 essere dinamica, soprattutto nella medina, dove le strade sono strette e molto trafficate. Per una maggiore tranquillit\u00e0, \u00e8 consigliabile scegliere un hotel con parcheggio custodito, oppure optare per i parcheggi custoditi.<\/p><p data-start=\"1130\" data-end=\"1470\" data-is-last-node=\"\" data-is-only-node=\"\">Partendo dall'aeroporto di Marrakech-Menara, basta seguire Avenue Guemassa per raggiungere il centro citt\u00e0 in circa 15 minuti, per una distanza di 6 km. Per una maggiore comodit\u00e0, alcune agenzie offrono la consegna del veicolo direttamente in hotel e un'assicurazione adeguata alle condizioni locali.<\/p>\t\t\t\t\t\t\t\t<\/div>\n\t\t\t\t<\/div>\n\t\t\t\t<div class=\"elementor-element elementor-element-1c973e2 elementor-widget elementor-widget-heading\" data-id=\"1c973e2\" data-element_type=\"widget\" data-e-type=\"widget\" data-widget_type=\"heading.default\">\n\t\t\t\t<div class=\"elementor-widget-container\">\n\t\t\t\t\t<h2 class=\"elementor-heading-title elementor-size-default\">Trasferimenti privati dall'aeroporto al centro di Marrakech<\/h2>\t\t\t\t<\/div>\n\t\t\t\t<\/div>\n\t\t\t\t<div class=\"elementor-element elementor-element-c3c07a3 elementor-widget elementor-widget-text-editor\" data-id=\"c3c07a3\" data-element_type=\"widget\" data-e-type=\"widget\" data-widget_type=\"text-editor.default\">\n\t\t\t\t<div class=\"elementor-widget-container\">\n\t\t\t\t\t\t\t\t\t<p>Optate per un <a href=\"https:\/\/airport-marrakech.com\/it\/transport\/transfert\/\">Trasferimento privato dall'aeroporto di Marrakech<\/a> \u00e8 la soluzione ideale per i viaggiatori che cercano comfort, velocit\u00e0 e tranquillit\u00e0. Questo servizio combina <strong>convenienza e discrezione<\/strong>Questo significa che potete essere prelevati direttamente fuori dal terminal e accompagnati a destinazione senza inutili attese o deviazioni.<\/p><p>A differenza dei mezzi di trasporto pubblico o dei taxi tradizionali, un <strong>il trasferimento privato garantisce un'esperienza di alto livello<\/strong> con un veicolo climatizzato e un autista professionista, evitando code e trattative sul prezzo. \u00c8 l'opzione perfetta per famiglie, gruppi o viaggiatori d'affari che desiderano raggiungere il proprio hotel, riad o altro indirizzo a Marrakech in tutta tranquillit\u00e0.<\/p><p>Per un servizio impeccabile e un'esperienza di prim'ordine, vi raccomandiamo <strong><a href=\"https:\/\/chatgpt.com\/c\/67c1a3ff-ff04-8012-ac0b-96fd03a7903b#\" target=\"_blank\" rel=\"noopener\">Il miglior trasferimento aeroportuale di Marrakech<\/a><\/strong>Siamo specializzati in trasferimenti privati, per garantire che il vostro viaggio sia tranquillo e sicuro. Grazie al loro servizio personalizzato e <strong>Assistenza 24\/7<\/strong>Prenotando in anticipo, potrete evitare lo stress dei trasporti pubblici e godere di un comfort assoluto. Prenotando in anticipo, riceverete un'accoglienza VIP all'arrivo, per iniziare il vostro soggiorno nelle migliori condizioni possibili.<\/p>\t\t\t\t\t\t\t\t<\/div>\n\t\t\t\t<\/div>\n\t\t\t\t<div class=\"elementor-element elementor-element-2b22d9c elementor-widget elementor-widget-heading\" data-id=\"2b22d9c\" data-element_type=\"widget\" data-e-type=\"widget\" data-widget_type=\"heading.default\">\n\t\t\t\t<div class=\"elementor-widget-container\">\n\t\t\t\t\t<h2 class=\"elementor-heading-title elementor-size-default\">Da Marrakech all'aeroporto di Marrakech<\/h2>\t\t\t\t<\/div>\n\t\t\t\t<\/div>\n\t\t\t\t<div class=\"elementor-element elementor-element-50738bc elementor-widget elementor-widget-text-editor\" data-id=\"50738bc\" data-element_type=\"widget\" data-e-type=\"widget\" data-widget_type=\"text-editor.default\">\n\t\t\t\t<div class=\"elementor-widget-container\">\n\t\t\t\t\t\t\t\t\t<p>Se viaggiate con bagagli ingombranti o se volete arrivare all'aeroporto di Marrakech in tutta comodit\u00e0, seduti in un veicolo spazioso e piacevole, il taxi \u00e8 senza dubbio la scelta migliore! Potete prenotare il vostro taxi in anticipo con una compagnia specializzata, oppure prenderne uno direttamente da un punto di parcheggio ufficiale, come fareste per un <a href=\"https:\/\/airport-marrakech.com\/it\/transport\/taxi\/\">taxi per l'aeroporto di Marrakech<\/a> per garantire un trasferimento sicuro e confortevole. Il viaggio verso l'aeroporto internazionale di Marrakech dura circa <strong>Da 20 a 30 minuti <\/strong>a seconda del traffico e del punto di partenza. In linea di massima, si pu\u00f2 prevedere di pagare circa <strong>150 dirham (circa 14 euro) <\/strong>per questo viaggio, a qualsiasi ora del giorno, poich\u00e9 i piccoli taxi rossi sono a pagamento. Tuttavia, se si opta per un trasferimento privato o per un servizio di lusso, i prezzi possono raggiungere <strong>300 dirham (circa 28 euro) <\/strong>o pi\u00f9, ma offrono un comfort e una praticit\u00e0 superiori.<\/p>\t\t\t\t\t\t\t\t<\/div>\n\t\t\t\t<\/div>\n\t\t\t\t<div class=\"elementor-element elementor-element-a9429c6 elementor-widget elementor-widget-heading\" data-id=\"a9429c6\" data-element_type=\"widget\" data-e-type=\"widget\" data-widget_type=\"heading.default\">\n\t\t\t\t<div class=\"elementor-widget-container\">\n\t\t\t\t\t<h2 class=\"elementor-heading-title elementor-size-default\">FAQ <\/h2>\t\t\t\t<\/div>\n\t\t\t\t<\/div>\n\t\t\t\t<div class=\"elementor-element elementor-element-c754e31 elementor-widget elementor-widget-heading\" data-id=\"c754e31\" data-element_type=\"widget\" data-e-type=\"widget\" data-widget_type=\"heading.default\">\n\t\t\t\t<div class=\"elementor-widget-container\">\n\t\t\t\t\t<h3 class=\"elementor-heading-title elementor-size-default\">Quanto dista l'aeroporto di Marrakech dal centro citt\u00e0?<\/h3>\t\t\t\t<\/div>\n\t\t\t\t<\/div>\n\t\t\t\t<div class=\"elementor-element elementor-element-5027b02 elementor-widget elementor-widget-text-editor\" data-id=\"5027b02\" data-element_type=\"widget\" data-e-type=\"widget\" data-widget_type=\"text-editor.default\">\n\t\t\t\t<div class=\"elementor-widget-container\">\n\t\t\t\t\t\t\t\t\t<p>L'aeroporto di Marrakech-Menara dista circa 6 km dal centro storico della citt\u00e0, compresa la famosa piazza Jemaa el-Fna. In auto, il viaggio dura in media 15-20 minuti, se il traffico \u00e8 scorrevole. Tuttavia, nelle ore di punta, questo tempo pu\u00f2 essere leggermente pi\u00f9 lungo a causa dell'intenso traffico urbano, in particolare sulle strade principali che portano alla medina e alle zone turistiche.<\/p>\t\t\t\t\t\t\t\t<\/div>\n\t\t\t\t<\/div>\n\t\t\t\t<div class=\"elementor-element elementor-element-235dc49 elementor-widget elementor-widget-heading\" data-id=\"235dc49\" data-element_type=\"widget\" data-e-type=\"widget\" data-widget_type=\"heading.default\">\n\t\t\t\t<div class=\"elementor-widget-container\">\n\t\t\t\t\t<h3 class=\"elementor-heading-title elementor-size-default\">Quanto costa un taxi dall'aeroporto di Marrakech alla Medina?<\/h3>\t\t\t\t<\/div>\n\t\t\t\t<\/div>\n\t\t\t\t<div class=\"elementor-element elementor-element-d9d1d5b elementor-widget elementor-widget-text-editor\" data-id=\"d9d1d5b\" data-element_type=\"widget\" data-e-type=\"widget\" data-widget_type=\"text-editor.default\">\n\t\t\t\t<div class=\"elementor-widget-container\">\n\t\t\t\t\t\t\t\t\t<p>A differenza dei taxi di altre grandi citt\u00e0, i taxi dell'aeroporto di Marrakech-Menara non hanno il tassametro, il che significa che i prezzi non sono fissi e devono essere negoziati prima della partenza. In generale, la tariffa per un viaggio verso il centro citt\u00e0 varia tra i 70 e i 100 MAD (6,40\u20ac - 9,15\u20ac \/ 7,00$ - 10,00$), a seconda della destinazione esatta e delle condizioni del traffico.<\/p><p>Le tariffe sono diverse per i trasferimenti diurni e notturni, ma \u00e8 consigliabile concordare il prezzo con l'autista in anticipo per evitare spiacevoli sorprese. Per una maggiore tranquillit\u00e0, potete anche optare per un trasferimento privato con un prezzo fisso e un servizio pi\u00f9 confortevole.<\/p>\t\t\t\t\t\t\t\t<\/div>\n\t\t\t\t<\/div>\n\t\t\t\t\t<\/div>\n\t\t<\/div>\n\t\t\t\t<div class=\"elementor-column elementor-col-50 elementor-top-column elementor-element elementor-element-4b56e3a9\" data-id=\"4b56e3a9\" data-element_type=\"column\" data-e-type=\"column\" data-settings=\"{&quot;background_background&quot;:&quot;classic&quot;}\">\n\t\t\t<div class=\"elementor-widget-wrap\">\n\t\t\t\t\t\t\t<\/div>\n\t\t<\/div>\n\t\t\t\t\t<\/div>\n\t\t<\/section>\n\t\t\t\t<\/div>","protected":false},"excerpt":{"rendered":"<p>Transferts de l&rsquo;a\u00e9roport de Marrakech au centre-ville (M\u00e9dina) Aeorport Marrakech Menara &gt; Transport\u00a0 \u00a0&gt; A\u00e9roport au centre-ville (M\u00e9dina) Options de transfert de l&rsquo;a\u00e9roport de Marrakech Menara au centre-ville de Marrakech (M\u00e9dina\/ Jemaa el-Fna) L&rsquo;a\u00e9roport international de Marrakech-Menara est parfaitement reli\u00e9 au centre-ville de Marrakech gr\u00e2ce \u00e0 divers moyens de transport, notamment les taxis, les bus [&hellip;]<\/p>\n","protected":false},"author":1,"featured_media":0,"parent":113,"menu_order":0,"comment_status":"closed","ping_status":"closed","template":"","meta":{"footnotes":""},"class_list":["post-1774","page","type-page","status-publish","hentry"],"_links":{"self":[{"href":"https:\/\/airport-marrakech.com\/it\/wp-json\/wp\/v2\/pages\/1774","targetHints":{"allow":["GET"]}}],"collection":[{"href":"https:\/\/airport-marrakech.com\/it\/wp-json\/wp\/v2\/pages"}],"about":[{"href":"https:\/\/airport-marrakech.com\/it\/wp-json\/wp\/v2\/types\/page"}],"author":[{"embeddable":true,"href":"https:\/\/airport-marrakech.com\/it\/wp-json\/wp\/v2\/users\/1"}],"replies":[{"embeddable":true,"href":"https:\/\/airport-marrakech.com\/it\/wp-json\/wp\/v2\/comments?post=1774"}],"version-history":[{"count":13,"href":"https:\/\/airport-marrakech.com\/it\/wp-json\/wp\/v2\/pages\/1774\/revisions"}],"predecessor-version":[{"id":1839,"href":"https:\/\/airport-marrakech.com\/it\/wp-json\/wp\/v2\/pages\/1774\/revisions\/1839"}],"up":[{"embeddable":true,"href":"https:\/\/airport-marrakech.com\/it\/wp-json\/wp\/v2\/pages\/113"}],"wp:attachment":[{"href":"https:\/\/airport-marrakech.com\/it\/wp-json\/wp\/v2\/media?parent=1774"}],"curies":[{"name":"wp","href":"https:\/\/api.w.org\/{rel}","templated":true}]}}