{"id":190,"date":"2024-09-19T12:30:44","date_gmt":"2024-09-19T12:30:44","guid":{"rendered":"https:\/\/airport-marrakech.com\/?page_id=190"},"modified":"2024-09-19T12:37:39","modified_gmt":"2024-09-19T12:37:39","slug":"infos-bagages","status":"publish","type":"page","link":"https:\/\/airport-marrakech.com\/it\/guide\/infos-bagages\/","title":{"rendered":"Info sui bagagli"},"content":{"rendered":"<div data-elementor-type=\"wp-page\" data-elementor-id=\"190\" class=\"elementor elementor-190\" data-elementor-post-type=\"page\">\n\t\t\t\t\t\t<section class=\"elementor-section elementor-top-section elementor-element elementor-element-560def9f elementor-section-height-min-height elementor-section-boxed elementor-section-height-default elementor-section-items-middle\" data-id=\"560def9f\" data-element_type=\"section\" data-e-type=\"section\" data-settings=\"{&quot;background_background&quot;:&quot;classic&quot;}\">\n\t\t\t\t\t\t\t<div class=\"elementor-background-overlay\"><\/div>\n\t\t\t\t\t\t\t<div class=\"elementor-container elementor-column-gap-default\">\n\t\t\t\t\t<div class=\"elementor-column elementor-col-100 elementor-top-column elementor-element elementor-element-65c5d5e8\" data-id=\"65c5d5e8\" data-element_type=\"column\" data-e-type=\"column\">\n\t\t\t<div class=\"elementor-widget-wrap elementor-element-populated\">\n\t\t\t\t\t\t<div class=\"elementor-element elementor-element-58428f33 elementor-widget elementor-widget-heading\" data-id=\"58428f33\" data-element_type=\"widget\" data-e-type=\"widget\" data-widget_type=\"heading.default\">\n\t\t\t\t<div class=\"elementor-widget-container\">\n\t\t\t\t\t<h1 class=\"elementor-heading-title elementor-size-default\">Informazioni sui bagagli <\/h1>\t\t\t\t<\/div>\n\t\t\t\t<\/div>\n\t\t\t\t<div class=\"elementor-element elementor-element-4e9a4b5f elementor-widget elementor-widget-heading\" data-id=\"4e9a4b5f\" data-element_type=\"widget\" data-e-type=\"widget\" data-widget_type=\"heading.default\">\n\t\t\t\t<div class=\"elementor-widget-container\">\n\t\t\t\t\t<p class=\"elementor-heading-title elementor-size-default\">Pensate bene a come organizzare i vostri effetti personali tra il bagaglio a mano e il bagaglio registrato in modo che siano facilmente accessibili.\n\n<\/p>\t\t\t\t<\/div>\n\t\t\t\t<\/div>\n\t\t\t\t<div class=\"elementor-element elementor-element-3ea0628 elementor-view-default elementor-invisible elementor-widget elementor-widget-icon\" data-id=\"3ea0628\" data-element_type=\"widget\" data-e-type=\"widget\" data-settings=\"{&quot;_animation&quot;:&quot;fadeInDown&quot;,&quot;_animation_delay&quot;:500}\" data-widget_type=\"icon.default\">\n\t\t\t\t<div class=\"elementor-widget-container\">\n\t\t\t\t\t\t\t<div class=\"elementor-icon-wrapper\">\n\t\t\t<div class=\"elementor-icon\">\n\t\t\t<svg aria-hidden=\"true\" class=\"e-font-icon-svg e-fas-chevron-down\" viewbox=\"0 0 448 512\" xmlns=\"http:\/\/www.w3.org\/2000\/svg\"><path d=\"M207.029 381.476L12.686 187.132c-9.373-9.373-9.373-24.569 0-33.941l22.667-22.667c9.357-9.357 24.522-9.375 33.901-.04L224 284.505l154.745-154.021c9.379-9.335 24.544-9.317 33.901.04l22.667 22.667c9.373 9.373 9.373 24.569 0 33.941L240.971 381.476c-9.373 9.372-24.569 9.372-33.942 0z\"><\/path><\/svg>\t\t\t<\/div>\n\t\t<\/div>\n\t\t\t\t\t\t<\/div>\n\t\t\t\t<\/div>\n\t\t\t\t\t<\/div>\n\t\t<\/div>\n\t\t\t\t\t<\/div>\n\t\t<\/section>\n\t\t\t\t<section class=\"elementor-section elementor-top-section elementor-element elementor-element-5a5eef55 elementor-section-content-middle elementor-section-boxed elementor-section-height-default elementor-section-height-default\" data-id=\"5a5eef55\" data-element_type=\"section\" data-e-type=\"section\">\n\t\t\t\t\t\t<div class=\"elementor-container elementor-column-gap-default\">\n\t\t\t\t\t<div class=\"elementor-column elementor-col-50 elementor-top-column elementor-element elementor-element-d687afe\" data-id=\"d687afe\" data-element_type=\"column\" data-e-type=\"column\">\n\t\t\t<div class=\"elementor-widget-wrap elementor-element-populated\">\n\t\t\t\t\t\t<div class=\"elementor-element elementor-element-5f384c6 elementor-widget elementor-widget-text-editor\" data-id=\"5f384c6\" data-element_type=\"widget\" data-e-type=\"widget\" data-widget_type=\"text-editor.default\">\n\t\t\t\t<div class=\"elementor-widget-container\">\n\t\t\t\t\t\t\t\t\t<p><strong><a href=\"https:\/\/airport-marrakech.com\/it\/\">Aeroporto di Marrakech Menara<\/a><\/strong> &gt; <strong>Guida &gt; <\/strong>Bagagli\u00a0<\/p>\t\t\t\t\t\t\t\t<\/div>\n\t\t\t\t<\/div>\n\t\t\t\t<div class=\"elementor-element elementor-element-693d369 elementor-widget elementor-widget-text-editor\" data-id=\"693d369\" data-element_type=\"widget\" data-e-type=\"widget\" data-widget_type=\"text-editor.default\">\n\t\t\t\t<div class=\"elementor-widget-container\">\n\t\t\t\t\t\t\t\t\t<p>In generale, le norme sugli articoli proibiti nel bagaglio sono armonizzate con la legge marocchina, ma ogni compagnia aerea ha le proprie regole sul numero e le dimensioni dei bagagli che si possono portare a bordo dei propri aerei.<\/p><p>Queste regole possono variare leggermente a seconda della compagnia aerea e del Paese. Si consiglia pertanto di contattare la propria compagnia aerea in caso di dubbi. Per evitare stress all'aeroporto di Marrakech o in altri aeroporti marocchini, si consiglia di controllare attentamente le regole prima di preparare il bagaglio.<\/p>\t\t\t\t\t\t\t\t<\/div>\n\t\t\t\t<\/div>\n\t\t\t\t<div class=\"elementor-element elementor-element-9a5997e elementor-widget elementor-widget-heading\" data-id=\"9a5997e\" data-element_type=\"widget\" data-e-type=\"widget\" data-widget_type=\"heading.default\">\n\t\t\t\t<div class=\"elementor-widget-container\">\n\t\t\t\t\t<h2 class=\"elementor-heading-title elementor-size-default\">Regole sul bagaglio a mano\n<\/h2>\t\t\t\t<\/div>\n\t\t\t\t<\/div>\n\t\t\t\t<div class=\"elementor-element elementor-element-53c71dc elementor-widget elementor-widget-text-editor\" data-id=\"53c71dc\" data-element_type=\"widget\" data-e-type=\"widget\" data-widget_type=\"text-editor.default\">\n\t\t\t\t<div class=\"elementor-widget-container\">\n\t\t\t\t\t\t\t\t\t<ol><li><p><strong>Dimensioni e peso<\/strong> :<\/p><ul><li>Ogni compagnia aerea impone dei limiti alle dimensioni e al peso del bagaglio a mano. In generale, il bagaglio a mano non deve superare <strong>55 cm x 40 cm x 20 cm<\/strong> e un peso di <strong>Da 7 a 10 kg<\/strong> secondo l'azienda.<\/li><\/ul><\/li><li><p><strong>Articoli vietati<\/strong> :<\/p><ul><li>Nel bagaglio a mano sono assolutamente vietati gli oggetti appuntiti (forbici, coltelli), i liquidi superiori a 100 ml per contenitore e le sostanze infiammabili o esplosive.<\/li><\/ul><\/li><li><p><strong>Liquidi<\/strong> :<\/p><ul><li>Liquidi, gel e aerosol devono essere riposti in contenitori adeguati. <strong>100 ml al massimo<\/strong>il tutto in un sacchetto di plastica trasparente e richiudibile della capacit\u00e0 di <strong>1 litro<\/strong>.<\/li><\/ul><\/li><li><p><strong>Articoli autorizzati<\/strong> :<\/p><ul><li>I computer portatili, i dispositivi elettronici, i medicinali e gli articoli per l'infanzia sono generalmente consentiti, ma devono essere rimossi dal bagaglio per i controlli di sicurezza.<\/li><\/ul><\/li><li><p><strong>Regole aggiuntive<\/strong> :<\/p><ul><li>Alcune compagnie aeree consentono di aggiungere al bagaglio a mano un ulteriore oggetto personale, come una borsa o un laptop.<\/li><\/ul><\/li><\/ol><p>\u00c8 consigliabile controllare le regole specifiche della propria compagnia aerea prima del volo per evitare sorprese in aeroporto.<\/p>\t\t\t\t\t\t\t\t<\/div>\n\t\t\t\t<\/div>\n\t\t\t\t<div class=\"elementor-element elementor-element-4ab7a9c elementor-widget elementor-widget-image\" data-id=\"4ab7a9c\" data-element_type=\"widget\" data-e-type=\"widget\" data-widget_type=\"image.default\">\n\t\t\t\t<div class=\"elementor-widget-container\">\n\t\t\t\t\t\t\t\t\t\t\t\t\t\t\t<img fetchpriority=\"high\" decoding=\"async\" width=\"800\" height=\"534\" src=\"https:\/\/airport-marrakech.com\/wp-content\/uploads\/2024\/09\/Regles-relatives-aux-bagages-enregistres.webp\" class=\"attachment-large size-large wp-image-192\" alt=\"Bagagli all&#039;aeroporto di Marrakech\" srcset=\"https:\/\/airport-marrakech.com\/wp-content\/uploads\/2024\/09\/Regles-relatives-aux-bagages-enregistres.webp 1024w, https:\/\/airport-marrakech.com\/wp-content\/uploads\/2024\/09\/Regles-relatives-aux-bagages-enregistres-300x200.webp 300w, https:\/\/airport-marrakech.com\/wp-content\/uploads\/2024\/09\/Regles-relatives-aux-bagages-enregistres-768x512.webp 768w\" sizes=\"(max-width: 800px) 100vw, 800px\" \/>\t\t\t\t\t\t\t\t\t\t\t\t\t\t\t<\/div>\n\t\t\t\t<\/div>\n\t\t\t\t<div class=\"elementor-element elementor-element-5899019 elementor-widget elementor-widget-heading\" data-id=\"5899019\" data-element_type=\"widget\" data-e-type=\"widget\" data-widget_type=\"heading.default\">\n\t\t\t\t<div class=\"elementor-widget-container\">\n\t\t\t\t\t<h2 class=\"elementor-heading-title elementor-size-default\">Regole sul bagaglio registrato\n<\/h2>\t\t\t\t<\/div>\n\t\t\t\t<\/div>\n\t\t\t\t<div class=\"elementor-element elementor-element-083d403 elementor-widget elementor-widget-text-editor\" data-id=\"083d403\" data-element_type=\"widget\" data-e-type=\"widget\" data-widget_type=\"text-editor.default\">\n\t\t\t\t<div class=\"elementor-widget-container\">\n\t\t\t\t\t\t\t\t\t<p>Regole sul bagaglio registrato all'aeroporto di Marrakech :<\/p><p><strong>1. Peso e dimensioni :<\/strong> <br \/>- Il peso autorizzato del bagaglio registrato varia in genere tra<em> 23 kg e 32 kg<\/em> a seconda della classe di viaggio e della compagnia aerea. Le dimensioni totali (lunghezza + larghezza + altezza) non devono generalmente superare <em>158 cm.<\/em><\/p><p><strong>2. Numero di sacchi :<\/strong> <br \/>- Il numero di bagagli registrati dipende dalla compagnia aerea e dal tipo di biglietto (economy, business, ecc.). In classe economica sono spesso ammessi uno o due bagagli, mentre le classi superiori possono consentirne di pi\u00f9.<\/p><p><strong>3. Articoli vietati :<\/strong> <br \/>- Oggetti pericolosi come esplosivi, gas infiammabili, liquidi infiammabili, sostanze tossiche o corrosive e armi da fuoco sono severamente vietati nel bagaglio registrato. Per articoli come le batterie agli ioni di litio, consultare la compagnia aerea.<\/p><p><strong>4. Oggetti di valore :<\/strong> <br \/>- Si consiglia vivamente di non inserire oggetti di valore (gioielli, denaro, dispositivi elettronici) nel bagaglio registrato. Questi devono essere conservati nel bagaglio a mano.<\/p><p><strong>5. Regole specifiche per i liquidi :<\/strong> <br \/>- A differenza del bagaglio a mano, nel bagaglio registrato sono consentite grandi quantit\u00e0 di liquidi, purch\u00e9 non siano infiammabili o pericolosi.<\/p><p><strong>6. Eccesso di bagaglio :<\/strong> <br \/>- Se il bagaglio supera i limiti di peso o di dimensioni, potrebbero essere applicati costi aggiuntivi. Questi costi variano a seconda della compagnia aerea e della distanza del volo.<\/p><h3>Consigli :<\/h3><p>\u00c8 consigliabile consultare le regole specifiche della propria compagnia aerea prima della partenza per evitare spese per bagagli in eccesso o altri inconvenienti in aeroporto.<\/p>\t\t\t\t\t\t\t\t<\/div>\n\t\t\t\t<\/div>\n\t\t\t\t<div class=\"elementor-element elementor-element-fc9fd23 elementor-widget elementor-widget-heading\" data-id=\"fc9fd23\" data-element_type=\"widget\" data-e-type=\"widget\" data-widget_type=\"heading.default\">\n\t\t\t\t<div class=\"elementor-widget-container\">\n\t\t\t\t\t<h2 class=\"elementor-heading-title elementor-size-default\">Problemi con i bagagli all'arrivo a Marrakech?\n<\/h2>\t\t\t\t<\/div>\n\t\t\t\t<\/div>\n\t\t\t\t<div class=\"elementor-element elementor-element-46e6b75 elementor-widget elementor-widget-text-editor\" data-id=\"46e6b75\" data-element_type=\"widget\" data-e-type=\"widget\" data-widget_type=\"text-editor.default\">\n\t\t\t\t<div class=\"elementor-widget-container\">\n\t\t\t\t\t\t\t\t\t<p>Il vostro bagaglio \u00e8 danneggiato o non \u00e8 arrivato sul nastro trasportatore a destinazione. <a href=\"#\">arrivo all'aeroporto di Marrakech<\/a>\u00a0?<\/p>\t\t\t\t\t\t\t\t<\/div>\n\t\t\t\t<\/div>\n\t\t\t\t<div class=\"elementor-element elementor-element-5c539b0 elementor-widget elementor-widget-button\" data-id=\"5c539b0\" data-element_type=\"widget\" data-e-type=\"widget\" data-widget_type=\"button.default\">\n\t\t\t\t<div class=\"elementor-widget-container\">\n\t\t\t\t\t\t\t\t\t<div class=\"elementor-button-wrapper\">\n\t\t\t\t\t<a class=\"elementor-button elementor-button-link elementor-size-sm\" href=\"#\">\n\t\t\t\t\t\t<span class=\"elementor-button-content-wrapper\">\n\t\t\t\t\t\t\t\t\t<span class=\"elementor-button-text\">Modulo per bagaglio smarrito o danneggiato all'arrivo<\/span>\n\t\t\t\t\t<\/span>\n\t\t\t\t\t<\/a>\n\t\t\t\t<\/div>\n\t\t\t\t\t\t\t\t<\/div>\n\t\t\t\t<\/div>\n\t\t\t\t\t<\/div>\n\t\t<\/div>\n\t\t\t\t<div class=\"elementor-column elementor-col-50 elementor-top-column elementor-element elementor-element-4b56e3a9\" data-id=\"4b56e3a9\" data-element_type=\"column\" data-e-type=\"column\" data-settings=\"{&quot;background_background&quot;:&quot;classic&quot;}\">\n\t\t\t<div class=\"elementor-widget-wrap\">\n\t\t\t\t\t\t\t<\/div>\n\t\t<\/div>\n\t\t\t\t\t<\/div>\n\t\t<\/section>\n\t\t\t\t<section class=\"elementor-section elementor-top-section elementor-element elementor-element-36bdf1ab elementor-section-boxed elementor-section-height-default elementor-section-height-default\" data-id=\"36bdf1ab\" data-element_type=\"section\" data-e-type=\"section\" data-settings=\"{&quot;background_background&quot;:&quot;classic&quot;}\">\n\t\t\t\t\t\t<div class=\"elementor-container elementor-column-gap-default\">\n\t\t\t\t\t<div class=\"elementor-column elementor-col-100 elementor-top-column elementor-element elementor-element-681e127f\" data-id=\"681e127f\" data-element_type=\"column\" data-e-type=\"column\">\n\t\t\t<div class=\"elementor-widget-wrap elementor-element-populated\">\n\t\t\t\t\t\t<section class=\"elementor-section elementor-inner-section elementor-element elementor-element-27b0f6b2 elementor-section-boxed elementor-section-height-default elementor-section-height-default\" data-id=\"27b0f6b2\" data-element_type=\"section\" data-e-type=\"section\">\n\t\t\t\t\t\t<div class=\"elementor-container elementor-column-gap-default\">\n\t\t\t\t\t<div class=\"elementor-column elementor-col-33 elementor-inner-column elementor-element elementor-element-50766779\" data-id=\"50766779\" data-element_type=\"column\" data-e-type=\"column\">\n\t\t\t<div class=\"elementor-widget-wrap elementor-element-populated\">\n\t\t\t\t\t\t<div class=\"elementor-element elementor-element-fe9502c elementor-view-stacked elementor-shape-square elementor-widget elementor-widget-icon\" data-id=\"fe9502c\" data-element_type=\"widget\" data-e-type=\"widget\" data-widget_type=\"icon.default\">\n\t\t\t\t<div class=\"elementor-widget-container\">\n\t\t\t\t\t\t\t<div class=\"elementor-icon-wrapper\">\n\t\t\t<div class=\"elementor-icon\">\n\t\t\t<svg aria-hidden=\"true\" class=\"e-font-icon-svg e-fas-passport\" viewbox=\"0 0 448 512\" xmlns=\"http:\/\/www.w3.org\/2000\/svg\"><path d=\"M129.62 176h39.09c1.49-27.03 6.54-51.35 14.21-70.41-27.71 13.24-48.02 39.19-53.3 70.41zm0 32c5.29 31.22 25.59 57.17 53.3 70.41-7.68-19.06-12.72-43.38-14.21-70.41h-39.09zM224 286.69c7.69-7.45 20.77-34.42 23.43-78.69h-46.87c2.67 44.26 15.75 71.24 23.44 78.69zM200.57 176h46.87c-2.66-44.26-15.74-71.24-23.43-78.69-7.7 7.45-20.78 34.43-23.44 78.69zm64.51 102.41c27.71-13.24 48.02-39.19 53.3-70.41h-39.09c-1.49 27.03-6.53 51.35-14.21 70.41zM416 0H64C28.65 0 0 28.65 0 64v384c0 35.35 28.65 64 64 64h352c17.67 0 32-14.33 32-32V32c0-17.67-14.33-32-32-32zm-80 416H112c-8.8 0-16-7.2-16-16s7.2-16 16-16h224c8.8 0 16 7.2 16 16s-7.2 16-16 16zm-112-96c-70.69 0-128-57.31-128-128S153.31 64 224 64s128 57.31 128 128-57.31 128-128 128zm41.08-214.41c7.68 19.06 12.72 43.38 14.21 70.41h39.09c-5.28-31.22-25.59-57.17-53.3-70.41z\"><\/path><\/svg>\t\t\t<\/div>\n\t\t<\/div>\n\t\t\t\t\t\t<\/div>\n\t\t\t\t<\/div>\n\t\t\t\t<div class=\"elementor-element elementor-element-2bd0f412 elementor-widget elementor-widget-counter\" data-id=\"2bd0f412\" data-element_type=\"widget\" data-e-type=\"widget\" data-widget_type=\"counter.default\">\n\t\t\t\t<div class=\"elementor-widget-container\">\n\t\t\t\t\t\t\t<div class=\"elementor-counter\">\n\t\t\t<div class=\"elementor-counter-title\">VISTO APPROVATO<\/div>\t\t\t<div class=\"elementor-counter-number-wrapper\">\n\t\t\t\t<span class=\"elementor-counter-number-prefix\"><\/span>\n\t\t\t\t<span class=\"elementor-counter-number\" data-duration=\"2000\" data-to-value=\"10450\" data-from-value=\"0\" data-delimiter=\",\">0<\/span>\n\t\t\t\t<span class=\"elementor-counter-number-suffix\"><\/span>\n\t\t\t<\/div>\n\t\t<\/div>\n\t\t\t\t\t\t<\/div>\n\t\t\t\t<\/div>\n\t\t\t\t\t<\/div>\n\t\t<\/div>\n\t\t\t\t<div class=\"elementor-column elementor-col-33 elementor-inner-column elementor-element elementor-element-536f92f7\" data-id=\"536f92f7\" data-element_type=\"column\" data-e-type=\"column\">\n\t\t\t<div class=\"elementor-widget-wrap elementor-element-populated\">\n\t\t\t\t\t\t<div class=\"elementor-element elementor-element-795c6a36 elementor-view-stacked elementor-shape-square elementor-widget elementor-widget-icon\" data-id=\"795c6a36\" data-element_type=\"widget\" data-e-type=\"widget\" data-widget_type=\"icon.default\">\n\t\t\t\t<div class=\"elementor-widget-container\">\n\t\t\t\t\t\t\t<div class=\"elementor-icon-wrapper\">\n\t\t\t<div class=\"elementor-icon\">\n\t\t\t<svg aria-hidden=\"true\" class=\"e-font-icon-svg e-fas-plane-departure\" viewbox=\"0 0 640 512\" xmlns=\"http:\/\/www.w3.org\/2000\/svg\"><path d=\"M624 448H16c-8.84 0-16 7.16-16 16v32c0 8.84 7.16 16 16 16h608c8.84 0 16-7.16 16-16v-32c0-8.84-7.16-16-16-16zM80.55 341.27c6.28 6.84 15.1 10.72 24.33 10.71l130.54-.18a65.62 65.62 0 0 0 29.64-7.12l290.96-147.65c26.74-13.57 50.71-32.94 67.02-58.31 18.31-28.48 20.3-49.09 13.07-63.65-7.21-14.57-24.74-25.27-58.25-27.45-29.85-1.94-59.54 5.92-86.28 19.48l-98.51 49.99-218.7-82.06a17.799 17.799 0 0 0-18-1.11L90.62 67.29c-10.67 5.41-13.25 19.65-5.17 28.53l156.22 98.1-103.21 52.38-72.35-36.47a17.804 17.804 0 0 0-16.07.02L9.91 230.22c-10.44 5.3-13.19 19.12-5.57 28.08l76.21 82.97z\"><\/path><\/svg>\t\t\t<\/div>\n\t\t<\/div>\n\t\t\t\t\t\t<\/div>\n\t\t\t\t<\/div>\n\t\t\t\t<div class=\"elementor-element elementor-element-435fb0fe elementor-widget elementor-widget-counter\" data-id=\"435fb0fe\" data-element_type=\"widget\" data-e-type=\"widget\" data-widget_type=\"counter.default\">\n\t\t\t\t<div class=\"elementor-widget-container\">\n\t\t\t\t\t\t\t<div class=\"elementor-counter\">\n\t\t\t<div class=\"elementor-counter-title\">furti all'anno<\/div>\t\t\t<div class=\"elementor-counter-number-wrapper\">\n\t\t\t\t<span class=\"elementor-counter-number-prefix\"><\/span>\n\t\t\t\t<span class=\"elementor-counter-number\" data-duration=\"2000\" data-to-value=\"50000\" data-from-value=\"0\" data-delimiter=\",\">0<\/span>\n\t\t\t\t<span class=\"elementor-counter-number-suffix\"><\/span>\n\t\t\t<\/div>\n\t\t<\/div>\n\t\t\t\t\t\t<\/div>\n\t\t\t\t<\/div>\n\t\t\t\t\t<\/div>\n\t\t<\/div>\n\t\t\t\t<div class=\"elementor-column elementor-col-33 elementor-inner-column elementor-element elementor-element-4927b96\" data-id=\"4927b96\" data-element_type=\"column\" data-e-type=\"column\">\n\t\t\t<div class=\"elementor-widget-wrap elementor-element-populated\">\n\t\t\t\t\t\t<div class=\"elementor-element elementor-element-6d63f3be elementor-view-stacked elementor-shape-square elementor-widget elementor-widget-icon\" data-id=\"6d63f3be\" data-element_type=\"widget\" data-e-type=\"widget\" data-widget_type=\"icon.default\">\n\t\t\t\t<div class=\"elementor-widget-container\">\n\t\t\t\t\t\t\t<div class=\"elementor-icon-wrapper\">\n\t\t\t<div class=\"elementor-icon\">\n\t\t\t<svg aria-hidden=\"true\" class=\"e-font-icon-svg e-fas-chart-bar\" viewbox=\"0 0 512 512\" xmlns=\"http:\/\/www.w3.org\/2000\/svg\"><path d=\"M332.8 320h38.4c6.4 0 12.8-6.4 12.8-12.8V172.8c0-6.4-6.4-12.8-12.8-12.8h-38.4c-6.4 0-12.8 6.4-12.8 12.8v134.4c0 6.4 6.4 12.8 12.8 12.8zm96 0h38.4c6.4 0 12.8-6.4 12.8-12.8V76.8c0-6.4-6.4-12.8-12.8-12.8h-38.4c-6.4 0-12.8 6.4-12.8 12.8v230.4c0 6.4 6.4 12.8 12.8 12.8zm-288 0h38.4c6.4 0 12.8-6.4 12.8-12.8v-70.4c0-6.4-6.4-12.8-12.8-12.8h-38.4c-6.4 0-12.8 6.4-12.8 12.8v70.4c0 6.4 6.4 12.8 12.8 12.8zm96 0h38.4c6.4 0 12.8-6.4 12.8-12.8V108.8c0-6.4-6.4-12.8-12.8-12.8h-38.4c-6.4 0-12.8 6.4-12.8 12.8v198.4c0 6.4 6.4 12.8 12.8 12.8zM496 384H64V80c0-8.84-7.16-16-16-16H16C7.16 64 0 71.16 0 80v336c0 17.67 14.33 32 32 32h464c8.84 0 16-7.16 16-16v-32c0-8.84-7.16-16-16-16z\"><\/path><\/svg>\t\t\t<\/div>\n\t\t<\/div>\n\t\t\t\t\t\t<\/div>\n\t\t\t\t<\/div>\n\t\t\t\t<div class=\"elementor-element elementor-element-49fd0a03 elementor-widget elementor-widget-counter\" data-id=\"49fd0a03\" data-element_type=\"widget\" data-e-type=\"widget\" data-widget_type=\"counter.default\">\n\t\t\t\t<div class=\"elementor-widget-container\">\n\t\t\t\t\t\t\t<div class=\"elementor-counter\">\n\t\t\t<div class=\"elementor-counter-title\">passeggeri all'anno<\/div>\t\t\t<div class=\"elementor-counter-number-wrapper\">\n\t\t\t\t<span class=\"elementor-counter-number-prefix\"><\/span>\n\t\t\t\t<span class=\"elementor-counter-number\" data-duration=\"2000\" data-to-value=\"5\" data-from-value=\"0\" data-delimiter=\",\">0<\/span>\n\t\t\t\t<span class=\"elementor-counter-number-suffix\">M<\/span>\n\t\t\t<\/div>\n\t\t<\/div>\n\t\t\t\t\t\t<\/div>\n\t\t\t\t<\/div>\n\t\t\t\t\t<\/div>\n\t\t<\/div>\n\t\t\t\t\t<\/div>\n\t\t<\/section>\n\t\t\t\t\t<\/div>\n\t\t<\/div>\n\t\t\t\t\t<\/div>\n\t\t<\/section>\n\t\t\t\t<\/div>","protected":false},"excerpt":{"rendered":"<p>Infos bagages Pensez attentivement \u00e0 la fa\u00e7on dont vous organisez vos affaires entre vos bagages \u00e0 main et vos bagages enregistr\u00e9s afin de les rendre facilement accessibles. Aeorport Marrakech Menara &gt; Guide &gt; Bagages\u00a0 En g\u00e9n\u00e9ral, les r\u00e8gles concernant les articles interdits dans les bagages sont harmonis\u00e9es avec la loi marocaine, mais chaque compagnie a\u00e9rienne [&hellip;]<\/p>\n","protected":false},"author":1,"featured_media":0,"parent":148,"menu_order":0,"comment_status":"closed","ping_status":"closed","template":"","meta":{"footnotes":""},"class_list":["post-190","page","type-page","status-publish","hentry"],"_links":{"self":[{"href":"https:\/\/airport-marrakech.com\/it\/wp-json\/wp\/v2\/pages\/190","targetHints":{"allow":["GET"]}}],"collection":[{"href":"https:\/\/airport-marrakech.com\/it\/wp-json\/wp\/v2\/pages"}],"about":[{"href":"https:\/\/airport-marrakech.com\/it\/wp-json\/wp\/v2\/types\/page"}],"author":[{"embeddable":true,"href":"https:\/\/airport-marrakech.com\/it\/wp-json\/wp\/v2\/users\/1"}],"replies":[{"embeddable":true,"href":"https:\/\/airport-marrakech.com\/it\/wp-json\/wp\/v2\/comments?post=190"}],"version-history":[{"count":4,"href":"https:\/\/airport-marrakech.com\/it\/wp-json\/wp\/v2\/pages\/190\/revisions"}],"predecessor-version":[{"id":195,"href":"https:\/\/airport-marrakech.com\/it\/wp-json\/wp\/v2\/pages\/190\/revisions\/195"}],"up":[{"embeddable":true,"href":"https:\/\/airport-marrakech.com\/it\/wp-json\/wp\/v2\/pages\/148"}],"wp:attachment":[{"href":"https:\/\/airport-marrakech.com\/it\/wp-json\/wp\/v2\/media?parent=190"}],"curies":[{"name":"wp","href":"https:\/\/api.w.org\/{rel}","templated":true}]}}