{"id":254,"date":"2024-09-20T18:45:32","date_gmt":"2024-09-20T18:45:32","guid":{"rendered":"https:\/\/airport-marrakech.com\/?page_id=254"},"modified":"2025-10-20T13:26:42","modified_gmt":"2025-10-20T13:26:42","slug":"taxi","status":"publish","type":"page","link":"https:\/\/airport-marrakech.com\/it\/transport\/taxi\/","title":{"rendered":"Taxi aeroportuale"},"content":{"rendered":"<div data-elementor-type=\"wp-page\" data-elementor-id=\"254\" class=\"elementor elementor-254\" data-elementor-post-type=\"page\">\n\t\t\t\t\t\t<section class=\"elementor-section elementor-top-section elementor-element elementor-element-560def9f elementor-section-height-min-height elementor-section-boxed elementor-section-height-default elementor-section-items-middle\" data-id=\"560def9f\" data-element_type=\"section\" data-e-type=\"section\" data-settings=\"{&quot;background_background&quot;:&quot;classic&quot;}\">\n\t\t\t\t\t\t\t<div class=\"elementor-background-overlay\"><\/div>\n\t\t\t\t\t\t\t<div class=\"elementor-container elementor-column-gap-default\">\n\t\t\t\t\t<div class=\"elementor-column elementor-col-100 elementor-top-column elementor-element elementor-element-65c5d5e8\" data-id=\"65c5d5e8\" data-element_type=\"column\" data-e-type=\"column\">\n\t\t\t<div class=\"elementor-widget-wrap elementor-element-populated\">\n\t\t\t\t\t\t<div class=\"elementor-element elementor-element-58428f33 elementor-widget elementor-widget-heading\" data-id=\"58428f33\" data-element_type=\"widget\" data-e-type=\"widget\" data-widget_type=\"heading.default\">\n\t\t\t\t<div class=\"elementor-widget-container\">\n\t\t\t\t\t<h1 class=\"elementor-heading-title elementor-size-default\">Taxi aeroporto di Marrakech<\/h1>\t\t\t\t<\/div>\n\t\t\t\t<\/div>\n\t\t\t\t<div class=\"elementor-element elementor-element-4e9a4b5f elementor-widget elementor-widget-heading\" data-id=\"4e9a4b5f\" data-element_type=\"widget\" data-e-type=\"widget\" data-widget_type=\"heading.default\">\n\t\t\t\t<div class=\"elementor-widget-container\">\n\t\t\t\t\t<p class=\"elementor-heading-title elementor-size-default\">Tutte le informazioni necessarie su tariffe e prezzi dei taxi, stazioni di servizio e percorsi pi\u00f9 frequentati.\n\n<\/p>\t\t\t\t<\/div>\n\t\t\t\t<\/div>\n\t\t\t\t<div class=\"elementor-element elementor-element-b8c40a3 elementor-align-center elementor-widget elementor-widget-button\" data-id=\"b8c40a3\" data-element_type=\"widget\" data-e-type=\"widget\" data-widget_type=\"button.default\">\n\t\t\t\t<div class=\"elementor-widget-container\">\n\t\t\t\t\t\t\t\t\t<div class=\"elementor-button-wrapper\">\n\t\t\t\t\t<a class=\"elementor-button elementor-button-link elementor-size-sm elementor-animation-grow\" href=\"#Reservez-taxi\">\n\t\t\t\t\t\t<span class=\"elementor-button-content-wrapper\">\n\t\t\t\t\t\t\t\t\t<span class=\"elementor-button-text\">Prenotate i vostri trasferimenti in anticipo<\/span>\n\t\t\t\t\t<\/span>\n\t\t\t\t\t<\/a>\n\t\t\t\t<\/div>\n\t\t\t\t\t\t\t\t<\/div>\n\t\t\t\t<\/div>\n\t\t\t\t<div class=\"elementor-element elementor-element-3ea0628 elementor-view-default elementor-invisible elementor-widget elementor-widget-icon\" data-id=\"3ea0628\" data-element_type=\"widget\" data-e-type=\"widget\" data-settings=\"{&quot;_animation&quot;:&quot;fadeInDown&quot;,&quot;_animation_delay&quot;:500}\" data-widget_type=\"icon.default\">\n\t\t\t\t<div class=\"elementor-widget-container\">\n\t\t\t\t\t\t\t<div class=\"elementor-icon-wrapper\">\n\t\t\t<div class=\"elementor-icon\">\n\t\t\t<svg aria-hidden=\"true\" class=\"e-font-icon-svg e-fas-chevron-down\" viewbox=\"0 0 448 512\" xmlns=\"http:\/\/www.w3.org\/2000\/svg\"><path d=\"M207.029 381.476L12.686 187.132c-9.373-9.373-9.373-24.569 0-33.941l22.667-22.667c9.357-9.357 24.522-9.375 33.901-.04L224 284.505l154.745-154.021c9.379-9.335 24.544-9.317 33.901.04l22.667 22.667c9.373 9.373 9.373 24.569 0 33.941L240.971 381.476c-9.373 9.372-24.569 9.372-33.942 0z\"><\/path><\/svg>\t\t\t<\/div>\n\t\t<\/div>\n\t\t\t\t\t\t<\/div>\n\t\t\t\t<\/div>\n\t\t\t\t\t<\/div>\n\t\t<\/div>\n\t\t\t\t\t<\/div>\n\t\t<\/section>\n\t\t\t\t<section class=\"elementor-section elementor-top-section elementor-element elementor-element-5a5eef55 elementor-section-content-middle elementor-section-boxed elementor-section-height-default elementor-section-height-default\" data-id=\"5a5eef55\" data-element_type=\"section\" data-e-type=\"section\">\n\t\t\t\t\t\t<div class=\"elementor-container elementor-column-gap-default\">\n\t\t\t\t\t<div class=\"elementor-column elementor-col-50 elementor-top-column elementor-element elementor-element-d687afe\" data-id=\"d687afe\" data-element_type=\"column\" data-e-type=\"column\">\n\t\t\t<div class=\"elementor-widget-wrap elementor-element-populated\">\n\t\t\t\t\t\t<div class=\"elementor-element elementor-element-5f384c6 elementor-widget elementor-widget-text-editor\" data-id=\"5f384c6\" data-element_type=\"widget\" data-e-type=\"widget\" data-widget_type=\"text-editor.default\">\n\t\t\t\t<div class=\"elementor-widget-container\">\n\t\t\t\t\t\t\t\t\t<p><strong><a href=\"https:\/\/airport-marrakech.com\/it\/\">Aeroporto di Marrakech Menara<\/a><\/strong> &gt;<a href=\"https:\/\/airport-marrakech.com\/it\/transport\/\"> Trasporto<\/a>\u00a0 \u00a0&gt; Taxi<\/p>\t\t\t\t\t\t\t\t<\/div>\n\t\t\t\t<\/div>\n\t\t\t\t<div class=\"elementor-element elementor-element-9a5997e elementor-widget elementor-widget-heading\" data-id=\"9a5997e\" data-element_type=\"widget\" data-e-type=\"widget\" data-widget_type=\"heading.default\">\n\t\t\t\t<div class=\"elementor-widget-container\">\n\t\t\t\t\t<h2 class=\"elementor-heading-title elementor-size-default\">Perch\u00e9 prendere un taxi dall'aeroporto di Marrakech?<\/h2>\t\t\t\t<\/div>\n\t\t\t\t<\/div>\n\t\t\t\t<div class=\"elementor-element elementor-element-53c71dc elementor-widget elementor-widget-text-editor\" data-id=\"53c71dc\" data-element_type=\"widget\" data-e-type=\"widget\" data-widget_type=\"text-editor.default\">\n\t\t\t\t<div class=\"elementor-widget-container\">\n\t\t\t\t\t\t\t\t\t<p>Con un taxi dall'aeroporto di Marrakech, sarete sicuri di viaggiare in tutta comodit\u00e0 e stile. I taxi di Marrakech non sono divisi in categorie come a Istanbul, ma offrono comunque un servizio comodo e affidabile. I taxi ufficiali dell'aeroporto sono riconoscibili per il loro colore beige. Questi taxi sono disponibili 24 ore su 24 e vi porteranno direttamente a destinazione, che si tratti di un hotel, di una pensione o di un altro indirizzo.<\/p><p>I taxi dall'aeroporto di Marrakech offrono un'ampia gamma di servizi. <strong>servizi porta a porta<\/strong>Questo \u00e8 essenziale in una citt\u00e0 in cui la medina pu\u00f2 essere difficile da percorrere per i nuovi arrivati. Le tariffe sono generalmente stabilite in base alla destinazione e variano tra <strong>100 e 150 MAD<\/strong> per il centro o la stazione di Marrakech. Tuttavia, \u00e8 consigliabile verificare la tariffa con l'autista prima di salire per evitare sorprese.<\/p><p>Sebbene il traffico di Marrakech non sia cos\u00ec intenso come quello di Istanbul, possono verificarsi dei rallentamenti a seconda delle ore di punta, soprattutto all'ingresso del centro citt\u00e0.<\/p>\t\t\t\t\t\t\t\t<\/div>\n\t\t\t\t<\/div>\n\t\t\t\t<div class=\"elementor-element elementor-element-c0e638c elementor-widget elementor-widget-image\" data-id=\"c0e638c\" data-element_type=\"widget\" data-e-type=\"widget\" data-widget_type=\"image.default\">\n\t\t\t\t<div class=\"elementor-widget-container\">\n\t\t\t\t\t\t\t\t\t\t\t\t\t\t\t<img fetchpriority=\"high\" decoding=\"async\" width=\"670\" height=\"446\" src=\"https:\/\/airport-marrakech.com\/wp-content\/uploads\/2024\/09\/taxi-aeroport-marrakech.jpg\" class=\"attachment-large size-large wp-image-256\" alt=\"taxi aeroporto marrakech\" srcset=\"https:\/\/airport-marrakech.com\/wp-content\/uploads\/2024\/09\/taxi-aeroport-marrakech.jpg 670w, https:\/\/airport-marrakech.com\/wp-content\/uploads\/2024\/09\/taxi-aeroport-marrakech-300x200.jpg 300w\" sizes=\"(max-width: 670px) 100vw, 670px\" \/>\t\t\t\t\t\t\t\t\t\t\t\t\t\t\t<\/div>\n\t\t\t\t<\/div>\n\t\t\t\t<div class=\"elementor-element elementor-element-9b81026 elementor-widget elementor-widget-heading\" data-id=\"9b81026\" data-element_type=\"widget\" data-e-type=\"widget\" data-widget_type=\"heading.default\">\n\t\t\t\t<div class=\"elementor-widget-container\">\n\t\t\t\t\t<h2 class=\"elementor-heading-title elementor-size-default\">Tariffe e prezzi dei taxi per l'aeroporto di Marrakech<\/h2>\t\t\t\t<\/div>\n\t\t\t\t<\/div>\n\t\t\t\t<div class=\"elementor-element elementor-element-5f532f7 elementor-widget elementor-widget-text-editor\" data-id=\"5f532f7\" data-element_type=\"widget\" data-e-type=\"widget\" data-widget_type=\"text-editor.default\">\n\t\t\t\t<div class=\"elementor-widget-container\">\n\t\t\t\t\t\t\t\t\t<p>I taxi dell'aeroporto di Marrakech operano a tariffa fissa per i viaggi verso le principali destinazioni della citt\u00e0, a differenza dei taxi con tassametro utilizzati in altre citt\u00e0 come Istanbul. I viaggi dall'aeroporto di Marrakech al centro della citt\u00e0, alla medina o alla stazione ferroviaria costano generalmente tra <strong>100 e 150 MAD<\/strong> (circa <strong>9 \u00e0 14\u20ac<\/strong>), a seconda dell'ora del giorno e della destinazione esatta.<\/p><p>I taxi di Marrakech non applicano costi aggiuntivi per il traffico e le strade non sono soggette a pedaggio come a Istanbul. Tuttavia, \u00e8 sempre consigliabile concordare la tariffa con l'autista prima di iniziare il viaggio. Il tragitto tra l'aeroporto e la piazza Jemaa el-Fna richiede circa <strong>15-20 minuti<\/strong>a seconda del traffico.<\/p><p>Anche se a Marrakech non si verificano ingorghi come a Istanbul, \u00e8 sempre consigliabile prevedere un po' di tempo in pi\u00f9 nelle ore di punta per evitare ritardi imprevisti.<\/p>\t\t\t\t\t\t\t\t<\/div>\n\t\t\t\t<\/div>\n\t\t\t\t<div class=\"elementor-element elementor-element-c396259 elementor-widget elementor-widget-text-editor\" data-id=\"c396259\" data-element_type=\"widget\" data-e-type=\"widget\" data-widget_type=\"text-editor.default\">\n\t\t\t\t<div class=\"elementor-widget-container\">\n\t\t\t\t\t\t\t\t\t<p>Abbiamo scelto una delle compagnie di taxi pi\u00f9 affidabili e meglio valutate per il vostro trasferimento dall'aeroporto di Marrakech, in base alle recensioni degli utenti su piattaforme come Google, Tripadvisor e Trustpilot. <a href=\"https:\/\/taxi-marrakech-airport.com\/\" target=\"_blank\" rel=\"noopener\">Taxico<\/a> e <a href=\"https:\/\/marrakech-airport-taxi.com\/\" target=\"_blank\" rel=\"noopener\">Taxi aeroporto di Marrakech<\/a> garantisce un'esperienza di viaggio eccezionale, unita a una sicurezza ottimale.<\/p><ul><li>Autisti locali che parlano inglese<\/li><li>Tariffe fisse e prepagate<\/li><li>Tracciamento dei voli in tempo reale in caso di ritardi<\/li><li>Assistenza clienti 24 ore su 24 e cancellazione gratuita<\/li><\/ul><p>Con <strong>Taxico<\/strong>Potrete godere di un trasferimento senza problemi, perfettamente adattato alle vostre esigenze, dal momento del vostro arrivo a Marrakech.<\/p>\t\t\t\t\t\t\t\t<\/div>\n\t\t\t\t<\/div>\n\t\t\t\t<div class=\"elementor-element elementor-element-5b5425b elementor-align-left elementor-widget elementor-widget-button\" data-id=\"5b5425b\" data-element_type=\"widget\" data-e-type=\"widget\" data-widget_type=\"button.default\">\n\t\t\t\t<div class=\"elementor-widget-container\">\n\t\t\t\t\t\t\t\t\t<div class=\"elementor-button-wrapper\">\n\t\t\t\t\t<a class=\"elementor-button elementor-button-link elementor-size-sm elementor-animation-grow\" href=\"#Reservez-taxi\">\n\t\t\t\t\t\t<span class=\"elementor-button-content-wrapper\">\n\t\t\t\t\t\t\t\t\t<span class=\"elementor-button-text\">Prenota ora un taxi<\/span>\n\t\t\t\t\t<\/span>\n\t\t\t\t\t<\/a>\n\t\t\t\t<\/div>\n\t\t\t\t\t\t\t\t<\/div>\n\t\t\t\t<\/div>\n\t\t\t\t<div class=\"elementor-element elementor-element-91d42cd elementor-widget elementor-widget-heading\" data-id=\"91d42cd\" data-element_type=\"widget\" data-e-type=\"widget\" data-widget_type=\"heading.default\">\n\t\t\t\t<div class=\"elementor-widget-container\">\n\t\t\t\t\t<h2 class=\"elementor-heading-title elementor-size-default\">Tariffe dei taxi dall'aeroporto di Marrakech alle destinazioni pi\u00f9 popolari<\/h2>\t\t\t\t<\/div>\n\t\t\t\t<\/div>\n\t\t\t\t<div class=\"elementor-element elementor-element-3ad0058 elementor-widget elementor-widget-text-editor\" data-id=\"3ad0058\" data-element_type=\"widget\" data-e-type=\"widget\" data-widget_type=\"text-editor.default\">\n\t\t\t\t<div class=\"elementor-widget-container\">\n\t\t\t\t\t\t\t\t\t<p>Ecco una panoramica delle tariffe dei taxi dall'aeroporto di Marrakech alle destinazioni pi\u00f9 popolari della citt\u00e0 (in taxi ufficiali):<\/p>\t\t\t\t\t\t\t\t<\/div>\n\t\t\t\t<\/div>\n\t\t\t\t<div class=\"elementor-element elementor-element-f148941 elementor-widget elementor-widget-html\" data-id=\"f148941\" data-element_type=\"widget\" data-e-type=\"widget\" data-widget_type=\"html.default\">\n\t\t\t\t<div class=\"elementor-widget-container\">\n\t\t\t\t\t<table border=\"1\" cellpadding=\"10\" cellspacing=\"0\">  \r\n  <caption><strong>Tariffe dei taxi dall'aeroporto di Marrakech alle destinazioni pi\u00f9 popolari<\/strong><\/caption>  \r\n  <thead>    \r\n    <tr>      \r\n      <th>Destinazione<\/th>      \r\n      <th>Prezzo (in MAD)<\/th>      \r\n      <th>Durata stimata<\/th>    \r\n    <\/tr>  \r\n  <\/thead>  \r\n  <tbody>    \r\n    <tr>      \r\n      <td>Luogo Jemaa el-Fna (Medina)<\/td>      \r\n      <td>170 - 200 MAD<\/td>      \r\n      <td>15-20 minuti<\/td>    \r\n    <\/tr>    \r\n    <tr>      \r\n      <td>Stazione di Marrakech (ONCF)<\/td>      \r\n      <td>180 - 200 MAD<\/td>      \r\n      <td>15-20 minuti<\/td>    \r\n    <\/tr>    \r\n    <tr>      \r\n      <td>Gu\u00e9liz<\/td>      \r\n      <td>180 - 200 MAD<\/td>      \r\n      <td>Da 10 a 15 minuti<\/td>    \r\n    <\/tr>    \r\n    <tr>      \r\n      <td>Palmeraie<\/td>      \r\n      <td>200 - 250 MAD<\/td>      \r\n      <td>Da 25 a 30 minuti<\/td>    \r\n    <\/tr>    \r\n    <tr>      \r\n      <td>Agdal<\/td>      \r\n      <td>180 - 200 MAD<\/td>      \r\n      <td>15-20 minuti<\/td>    \r\n    <\/tr>    \r\n    <tr>      \r\n      <td>Essaouira<\/td>      \r\n      <td>900 - 1200 MAD<\/td>      \r\n      <td>2 h 30 \u00e0 3 h<\/td>    \r\n    <\/tr>  \r\n  <\/tbody>\r\n<\/table>\r\n\t\t\t\t<\/div>\n\t\t\t\t<\/div>\n\t\t\t\t<div class=\"elementor-element elementor-element-1c973e2 elementor-widget elementor-widget-heading\" data-id=\"1c973e2\" data-element_type=\"widget\" data-e-type=\"widget\" data-widget_type=\"heading.default\">\n\t\t\t\t<div class=\"elementor-widget-container\">\n\t\t\t\t\t<h2 class=\"elementor-heading-title elementor-size-default\">Dove si trova la stazione dei taxi all'aeroporto di Marrakech?<\/h2>\t\t\t\t<\/div>\n\t\t\t\t<\/div>\n\t\t\t\t<div class=\"elementor-element elementor-element-c3c07a3 elementor-widget elementor-widget-text-editor\" data-id=\"c3c07a3\" data-element_type=\"widget\" data-e-type=\"widget\" data-widget_type=\"text-editor.default\">\n\t\t\t\t<div class=\"elementor-widget-container\">\n\t\t\t\t\t\t\t\t\t<p>La stazione dei taxi dell'aeroporto di Marrakech-Menara si trova appena fuori dal terminal degli arrivi. \u00c8 ben segnalata e facile da raggiungere per i viaggiatori. Appena usciti dalla sala arrivi, vedrete diversi taxi ufficiali beige allineati e pronti a portarvi a destinazione, che si tratti del centro citt\u00e0, della medina o di altri punti di interesse di Marrakech.<\/p>\t\t\t\t\t\t\t\t<\/div>\n\t\t\t\t<\/div>\n\t\t\t\t<div class=\"elementor-element elementor-element-2b22d9c elementor-widget elementor-widget-heading\" data-id=\"2b22d9c\" data-element_type=\"widget\" data-e-type=\"widget\" data-widget_type=\"heading.default\">\n\t\t\t\t<div class=\"elementor-widget-container\">\n\t\t\t\t\t<h2 class=\"elementor-heading-title elementor-size-default\">Taxi dall'aeroporto di Marrakech all'hotel<\/h2>\t\t\t\t<\/div>\n\t\t\t\t<\/div>\n\t\t\t\t<div class=\"elementor-element elementor-element-50738bc elementor-widget elementor-widget-text-editor\" data-id=\"50738bc\" data-element_type=\"widget\" data-e-type=\"widget\" data-widget_type=\"text-editor.default\">\n\t\t\t\t<div class=\"elementor-widget-container\">\n\t\t\t\t\t\t\t\t\t<p>I taxi dell'aeroporto di Marrakech-Menara sono un modo rapido e comodo per raggiungere direttamente il vostro hotel all'arrivo. Appena fuori dal terminal degli arrivi, troverete facilmente i taxi ufficiali beige allineati, pronti a portarvi ovunque vogliate. Per un viaggio verso il centro citt\u00e0 o la medina, si prevede di pagare una cifra compresa tra <strong>100 e 150 MAD<\/strong> (cio\u00e8 circa <strong>9 \u00e0 14\u20ac<\/strong>), a seconda della distanza e dell'ora del giorno.<\/p><p>Questi taxi sono disponibili a tutte le ore e offrono una grande flessibilit\u00e0, sia che arriviate la mattina presto o la sera tardi. Inoltre, vi lasceranno direttamente davanti alla porta del vostro hotel, rendendo il trasferimento semplice e senza problemi - particolarmente utile con i bagagli. Per evitare sorprese, non esitate a confermare la tariffa con l'autista prima della partenza.<\/p>\t\t\t\t\t\t\t\t<\/div>\n\t\t\t\t<\/div>\n\t\t\t\t<div class=\"elementor-element elementor-element-ad7a310 elementor-widget elementor-widget-heading\" data-id=\"ad7a310\" data-element_type=\"widget\" data-e-type=\"widget\" data-widget_type=\"heading.default\">\n\t\t\t\t<div class=\"elementor-widget-container\">\n\t\t\t\t\t<h2 class=\"elementor-heading-title elementor-size-default\">Suggerimenti per i taxi dell'aeroporto di Marrakech<\/h2>\t\t\t\t<\/div>\n\t\t\t\t<\/div>\n\t\t\t\t<div class=\"elementor-element elementor-element-082a4f4 elementor-widget elementor-widget-text-editor\" data-id=\"082a4f4\" data-element_type=\"widget\" data-e-type=\"widget\" data-widget_type=\"text-editor.default\">\n\t\t\t\t<div class=\"elementor-widget-container\">\n\t\t\t\t\t\t\t\t\t<p>La maggior parte dei tassisti di Marrakech preferisce pagare in contanti e spesso non accetta carte di credito o di debito. \u00c8 quindi consigliabile portare con s\u00e9 i dirhams marocchini, anche se alcuni taxi possono accettare il pagamento in euro, anche se il tasso di cambio potrebbe non essere favorevole.<\/p><p>Ecco alcuni consigli utili per il vostro viaggio in taxi a Marrakech:<\/p><ul><li>La tariffa \u00e8 fissata in anticipo, a differenza dei taxi con tassametro utilizzati in altre citt\u00e0. Assicuratevi di discutere e confermare la tariffa con l'autista prima di iniziare il viaggio.<\/li><li>L'utilizzo di un'applicazione di navigazione pu\u00f2 essere utile per verificare che l'autista stia seguendo il percorso pi\u00f9 rapido per raggiungere la destinazione.<\/li><li>Non \u00e8 obbligatorio lasciare la mancia, ma arrotondare il prezzo finale \u00e8 una pratica comune.<\/li><li>\u00c8 consigliabile avere l'indirizzo dell'hotel o della destinazione scritto in francese o in arabo, poich\u00e9 alcuni autisti potrebbero non parlare inglese.<\/li><li>\u00c8 meglio evitare di prendere un taxi nelle ore di punta (in genere dalle 8.00 alle 10.00 e dalle 17.00 alle 19.00), soprattutto se avete fretta o se avete un budget limitato, perch\u00e9 il traffico pu\u00f2 essere intenso in questi orari.<\/li><li>Non fidatevi mai di chi offre servizi di taxi in modo informale. Prendete sempre il vostro taxi presso le stazioni ufficiali o tramite un'applicazione.<\/li><\/ul><p>Se preferite prenotare in anticipo, siti come <strong>Taxico<\/strong> \u00a0\u00e8 il servizio di taxi pi\u00f9 diffuso a Marrakech e consente di ordinare e pagare facilmente un taxi online tramite smartphone.<\/p>\t\t\t\t\t\t\t\t<\/div>\n\t\t\t\t<\/div>\n\t\t\t\t<div class=\"elementor-element elementor-element-a9429c6 elementor-widget elementor-widget-heading\" data-id=\"a9429c6\" data-element_type=\"widget\" data-e-type=\"widget\" data-widget_type=\"heading.default\">\n\t\t\t\t<div class=\"elementor-widget-container\">\n\t\t\t\t\t<h2 class=\"elementor-heading-title elementor-size-default\">FAQ <\/h2>\t\t\t\t<\/div>\n\t\t\t\t<\/div>\n\t\t\t\t<div class=\"elementor-element elementor-element-c754e31 elementor-widget elementor-widget-heading\" data-id=\"c754e31\" data-element_type=\"widget\" data-e-type=\"widget\" data-widget_type=\"heading.default\">\n\t\t\t\t<div class=\"elementor-widget-container\">\n\t\t\t\t\t<h3 class=\"elementor-heading-title elementor-size-default\">Quanto costa un taxi dall'aeroporto di Marrakech a Gueliz?<\/h3>\t\t\t\t<\/div>\n\t\t\t\t<\/div>\n\t\t\t\t<div class=\"elementor-element elementor-element-5027b02 elementor-widget elementor-widget-text-editor\" data-id=\"5027b02\" data-element_type=\"widget\" data-e-type=\"widget\" data-widget_type=\"text-editor.default\">\n\t\t\t\t<div class=\"elementor-widget-container\">\n\t\t\t\t\t\t\t\t\t<p>Un taxi dall'aeroporto di Marrakech-Menara a Gu\u00e9liz costa generalmente tra <strong>100 e 150 MAD<\/strong> (circa <strong>9 \u00e0 14\u20ac<\/strong>). La tariffa pu\u00f2 variare leggermente a seconda dell'ora del giorno o delle condizioni del traffico, ma \u00e8 consigliabile concordare il prezzo con l'autista prima di iniziare il viaggio. Il viaggio dura circa <strong>15-20 minuti<\/strong>a seconda delle condizioni del traffico.<\/p>\t\t\t\t\t\t\t\t<\/div>\n\t\t\t\t<\/div>\n\t\t\t\t<div class=\"elementor-element elementor-element-235dc49 elementor-widget elementor-widget-heading\" data-id=\"235dc49\" data-element_type=\"widget\" data-e-type=\"widget\" data-widget_type=\"heading.default\">\n\t\t\t\t<div class=\"elementor-widget-container\">\n\t\t\t\t\t<h3 class=\"elementor-heading-title elementor-size-default\">Quanto costa un taxi dall'aeroporto di Marrakech a Jemaa el Fna?<\/h3>\t\t\t\t<\/div>\n\t\t\t\t<\/div>\n\t\t\t\t<div class=\"elementor-element elementor-element-d9d1d5b elementor-widget elementor-widget-text-editor\" data-id=\"d9d1d5b\" data-element_type=\"widget\" data-e-type=\"widget\" data-widget_type=\"text-editor.default\">\n\t\t\t\t<div class=\"elementor-widget-container\">\n\t\t\t\t\t\t\t\t\t<p>Un taxi dall'aeroporto di Marrakech-Menara a Place Jemaa el-Fna costa generalmente tra <strong>100 e 150 MAD<\/strong> (circa <strong>9 \u00e0 14\u20ac<\/strong>). Il viaggio dura circa <strong>15-20 minuti<\/strong>a seconda del traffico. \u00c8 consigliabile concordare la tariffa con l'autista prima di salire sul taxi per evitare confusione.<\/p>\t\t\t\t\t\t\t\t<\/div>\n\t\t\t\t<\/div>\n\t\t\t\t<div class=\"elementor-element elementor-element-cc29801 elementor-widget elementor-widget-heading\" data-id=\"cc29801\" data-element_type=\"widget\" data-e-type=\"widget\" data-widget_type=\"heading.default\">\n\t\t\t\t<div class=\"elementor-widget-container\">\n\t\t\t\t\t<h3 class=\"elementor-heading-title elementor-size-default\">I taxi accettano carte di credito a Marrakech?<\/h3>\t\t\t\t<\/div>\n\t\t\t\t<\/div>\n\t\t\t\t<div class=\"elementor-element elementor-element-9af5546 elementor-widget elementor-widget-text-editor\" data-id=\"9af5546\" data-element_type=\"widget\" data-e-type=\"widget\" data-widget_type=\"text-editor.default\">\n\t\t\t\t<div class=\"elementor-widget-container\">\n\t\t\t\t\t\t\t\t\t<p>In generale, i taxi di Marrakech non accettano carte di credito. Il pagamento avviene quasi esclusivamente in contanti, in <strong>Dirham marocchini<\/strong>. \u00c8 quindi consigliabile avere con s\u00e9 denaro contante a sufficienza per pagare il viaggio in taxi. Se avete bisogno di prelevare contanti, i bancomat sono disponibili all'aeroporto e in diversi punti della citt\u00e0.<\/p>\t\t\t\t\t\t\t\t<\/div>\n\t\t\t\t<\/div>\n\t\t\t\t\t<\/div>\n\t\t<\/div>\n\t\t\t\t<div class=\"elementor-column elementor-col-50 elementor-top-column elementor-element elementor-element-4b56e3a9\" data-id=\"4b56e3a9\" data-element_type=\"column\" data-e-type=\"column\" data-settings=\"{&quot;background_background&quot;:&quot;classic&quot;}\">\n\t\t\t<div class=\"elementor-widget-wrap elementor-element-populated\">\n\t\t\t\t\t\t<div class=\"elementor-element elementor-element-91a9a53 elementor-widget elementor-widget-menu-anchor\" data-id=\"91a9a53\" data-element_type=\"widget\" data-e-type=\"widget\" data-widget_type=\"menu-anchor.default\">\n\t\t\t\t<div class=\"elementor-widget-container\">\n\t\t\t\t\t\t\t<div class=\"elementor-menu-anchor\" id=\"Reservez-taxi\"><\/div>\n\t\t\t\t\t\t<\/div>\n\t\t\t\t<\/div>\n\t\t\t\t<div class=\"elementor-element elementor-element-566942f elementor-widget elementor-widget-heading\" data-id=\"566942f\" data-element_type=\"widget\" data-e-type=\"widget\" data-widget_type=\"heading.default\">\n\t\t\t\t<div class=\"elementor-widget-container\">\n\t\t\t\t\t<h2 class=\"elementor-heading-title elementor-size-default\">Prenota ora il tuo taxi<\/h2>\t\t\t\t<\/div>\n\t\t\t\t<\/div>\n\t\t\t\t<div class=\"elementor-element elementor-element-bf6696e elementor-widget elementor-widget-shortcode\" data-id=\"bf6696e\" data-element_type=\"widget\" data-e-type=\"widget\" data-widget_type=\"shortcode.default\">\n\t\t\t\t<div class=\"elementor-widget-container\">\n\t\t\t\t\t\t\t<div class=\"elementor-shortcode\"><div id=\"welcomepickups\">\n\n<script type=\"text\/props\">\n\n{\n\n\"city_name\":\"marrakech\",\n\n\"partner_id\":\"63468\",\n\n\"locale\":\"fr\",\n\n\"\":\"\"\n\n}\n\n\n<\/script>\n\n<\/div>\n\n<script src=\" https:\/\/cdn.b2b.welcomepickups.com\/widget\/bundle.js\"><\/script><\/div>\n\t\t\t\t\t\t<\/div>\n\t\t\t\t<\/div>\n\t\t\t\t\t<\/div>\n\t\t<\/div>\n\t\t\t\t\t<\/div>\n\t\t<\/section>\n\t\t\t\t<\/div>","protected":false},"excerpt":{"rendered":"<p>Taxi Aeroport Marrakech Toutes les informations sur les tarifs et les prix des taxis, les stations de taxis et les itin\u00e9raires populaires R\u00e9servez \u00e0 L&rsquo;avance Vos Transferts Aeorport Marrakech Menara &gt; Transport\u00a0 \u00a0&gt; Taxis Pourquoi prendre un taxi \u00e0 l&rsquo;a\u00e9roport de Marrakech Avec un taxi de l&rsquo;a\u00e9roport de Marrakech, vous voyagerez assur\u00e9ment dans le confort [&hellip;]<\/p>\n","protected":false},"author":1,"featured_media":0,"parent":113,"menu_order":0,"comment_status":"closed","ping_status":"closed","template":"","meta":{"footnotes":""},"class_list":["post-254","page","type-page","status-publish","hentry"],"_links":{"self":[{"href":"https:\/\/airport-marrakech.com\/it\/wp-json\/wp\/v2\/pages\/254","targetHints":{"allow":["GET"]}}],"collection":[{"href":"https:\/\/airport-marrakech.com\/it\/wp-json\/wp\/v2\/pages"}],"about":[{"href":"https:\/\/airport-marrakech.com\/it\/wp-json\/wp\/v2\/types\/page"}],"author":[{"embeddable":true,"href":"https:\/\/airport-marrakech.com\/it\/wp-json\/wp\/v2\/users\/1"}],"replies":[{"embeddable":true,"href":"https:\/\/airport-marrakech.com\/it\/wp-json\/wp\/v2\/comments?post=254"}],"version-history":[{"count":87,"href":"https:\/\/airport-marrakech.com\/it\/wp-json\/wp\/v2\/pages\/254\/revisions"}],"predecessor-version":[{"id":3628,"href":"https:\/\/airport-marrakech.com\/it\/wp-json\/wp\/v2\/pages\/254\/revisions\/3628"}],"up":[{"embeddable":true,"href":"https:\/\/airport-marrakech.com\/it\/wp-json\/wp\/v2\/pages\/113"}],"wp:attachment":[{"href":"https:\/\/airport-marrakech.com\/it\/wp-json\/wp\/v2\/media?parent=254"}],"curies":[{"name":"wp","href":"https:\/\/api.w.org\/{rel}","templated":true}]}}